{"id":28473,"date":"2021-10-22T12:18:15","date_gmt":"2021-10-22T09:18:15","guid":{"rendered":"https:\/\/hookahshop.lt\/?post_type=product&#038;p=28473"},"modified":"2026-04-17T23:29:35","modified_gmt":"2026-04-17T20:29:35","slug":"taurele-kaljanui-forma-hookah-phunnel-nerikomi","status":"publish","type":"product","link":"https:\/\/hookahshop.lt\/et\/toode\/tass-vesipiip-forma-vesipiibu-phunnel-nerikomi\/","title":{"rendered":"Tass vesipiibule FORMA HOOKAH Phunnel Nerikomi"},"content":{"rendered":"<h2>Tass vesipiibule FORMA HOOKAH Phunnel Nerikomi<\/h2>\n<p>Vesipiip Phunnel on m\u00f5eldud lihtsaks ja mugavaks suitsetamiseks. Tass n\u00e4eb v\u00e4lja nagu looduslikud marmormotiivid. See tass sobib igat t\u00fc\u00fcpi segude jaoks. Segu mahutavus on umbes 17-22 grammi.<\/p>\n<p><strong>Omadused:<\/strong><br \/>\nK\u00f5rgus: 107 mm<br \/>\nL\u00e4bim\u00f5\u00f5t (v\u00e4limine): 76 mm<br \/>\nL\u00e4bim\u00f5\u00f5t (sisemine): 69 mm<br \/>\nS\u00fcgavus: 13 mm<br \/>\nAva l\u00e4bim\u00f5\u00f5t: 10 mm<br \/>\nAukude arv: 1 tk<br \/>\nKaal: umbes 250 g.<\/p>\n<p>Kas teil on k\u00fcsimusi? v\u00f5ta meiega \u00fchendust\u00a0<a href=\"https:\/\/hookahshop.lt\/et\/kontaktid\/\">kontaktide leht<\/a>\u00a0v\u00f5i saatke meile e-kiri aadressil\u00a0<a href=\"https:\/\/facebook.com\/HookahShop.lt\/\" target=\"_blank\" rel=\"noopener noreferrer\">Facebooki konto<\/a>\u00a0ja vastame teie taotlusele samal p\u00e4eval.<\/p>","protected":false},"excerpt":{"rendered":"<p>Vesipiibu tass FORMA HOOKAH Phunnel Nerikomi Vesipiibu tass Hoodah Phunnel- oli m\u00f5eldud lihtsaks ja mugavaks suitsetamiseks. Tass n\u00e4eb v\u00e4lja nagu looduslikud marmormotiivid. See tass sobib igat t\u00fc\u00fcpi segude jaoks. Segu mahutavus on umbes 17-22 grammi. Omadused: K\u00f5rgus: 107 mm L\u00e4bim\u00f5\u00f5t (v\u00e4limine): 76 mm L\u00e4bim\u00f5\u00f5t (sisemine): 69 mm S\u00fcgavus: 13 mm Ava l\u00e4bim\u00f5\u00f5t: 10 mm Avad [\u2026]<\/p>","protected":false},"featured_media":28501,"comment_status":"open","ping_status":"closed","template":"","meta":[],"_links":{"self":[{"href":"https:\/\/hookahshop.lt\/et\/wp-json\/wp\/v2\/product\/28473"}],"collection":[{"href":"https:\/\/hookahshop.lt\/et\/wp-json\/wp\/v2\/product"}],"about":[{"href":"https:\/\/hookahshop.lt\/et\/wp-json\/wp\/v2\/types\/product"}],"replies":[{"embeddable":true,"href":"https:\/\/hookahshop.lt\/et\/wp-json\/wp\/v2\/comments?post=28473"}],"version-history":[{"count":5,"href":"https:\/\/hookahshop.lt\/et\/wp-json\/wp\/v2\/product\/28473\/revisions"}],"predecessor-version":[{"id":28508,"href":"https:\/\/hookahshop.lt\/et\/wp-json\/wp\/v2\/product\/28473\/revisions\/28508"}],"wp:featuredmedia":[{"embeddable":true,"href":"https:\/\/hookahshop.lt\/et\/wp-json\/wp\/v2\/media\/28501"}],"wp:attachment":[{"href":"https:\/\/hookahshop.lt\/et\/wp-json\/wp\/v2\/media?parent=28473"}],"curies":[{"name":"wp","href":"https:\/\/api.w.org\/{rel}","templated":true}]}}