{"id":28506,"date":"2021-10-22T15:36:47","date_gmt":"2021-10-22T12:36:47","guid":{"rendered":"https:\/\/hookahshop.lt\/?post_type=product&#038;p=28506"},"modified":"2026-04-13T16:23:27","modified_gmt":"2026-04-13T13:23:27","slug":"sakute-kaljano-tabakui-alpha-hookah-fakes","status":"publish","type":"product","link":"https:\/\/hookahshop.lt\/et\/toode\/kahvel-tubaka-alpha-hookah-fakes\/","title":{"rendered":"Kahvel tubaka ALPHA HOOKAH V\u00f5ltsingud"},"content":{"rendered":"<h2>Kahvel tubaka ALPHA HOOKAH V\u00f5ltsingud<\/h2>\n<p>Pakkige t\u00e4iuslik tass puhaste k\u00e4tega.<\/p>\n<p><strong>Spetsifikatsioon:<\/strong><br \/>\nMaterjal: roostevaba teras<br \/>\nPikkus: 13,4 cm<br \/>\nMugav kuju<br \/>\nV\u00f5tmehoidja auk<\/p>\n<p>Kas teil on k\u00fcsimusi? v\u00f5ta meiega \u00fchendust\u00a0<a href=\"https:\/\/hookahshop.lt\/et\/kontaktid\/\">kontaktide leht<\/a>\u00a0v\u00f5i saatke meile e-kiri aadressil\u00a0<a href=\"https:\/\/facebook.com\/HookahShop.lt\/\" target=\"_blank\" rel=\"noopener noreferrer\">Facebooki konto<\/a>\u00a0ja vastame teie taotlusele samal p\u00e4eval.<\/p>","protected":false},"excerpt":{"rendered":"<p>Vesipiibu tubakakahvel ALPHA HOOKAH Fakes Pakkige puhaste k\u00e4tega t\u00e4iuslik tass. Spetsifikatsioon: Materjal: roostevaba teras Pikkus: 13,4cm Mugav kuju V\u00f5tmehoidja auk K\u00fcsimusi? V\u00f5tke meiega \u00fchendust kontaktide lehel v\u00f5i kirjutage meile oma Facebooki kontol ja vastame teie p\u00e4ringule samal p\u00e4eval.<\/p>","protected":false},"featured_media":28507,"comment_status":"open","ping_status":"closed","template":"","meta":[],"_links":{"self":[{"href":"https:\/\/hookahshop.lt\/et\/wp-json\/wp\/v2\/product\/28506"}],"collection":[{"href":"https:\/\/hookahshop.lt\/et\/wp-json\/wp\/v2\/product"}],"about":[{"href":"https:\/\/hookahshop.lt\/et\/wp-json\/wp\/v2\/types\/product"}],"replies":[{"embeddable":true,"href":"https:\/\/hookahshop.lt\/et\/wp-json\/wp\/v2\/comments?post=28506"}],"version-history":[{"count":4,"href":"https:\/\/hookahshop.lt\/et\/wp-json\/wp\/v2\/product\/28506\/revisions"}],"predecessor-version":[{"id":45653,"href":"https:\/\/hookahshop.lt\/et\/wp-json\/wp\/v2\/product\/28506\/revisions\/45653"}],"wp:featuredmedia":[{"embeddable":true,"href":"https:\/\/hookahshop.lt\/et\/wp-json\/wp\/v2\/media\/28507"}],"wp:attachment":[{"href":"https:\/\/hookahshop.lt\/et\/wp-json\/wp\/v2\/media?parent=28506"}],"curies":[{"name":"wp","href":"https:\/\/api.w.org\/{rel}","templated":true}]}}