{"id":28541,"date":"2021-10-22T17:18:43","date_gmt":"2021-10-22T14:18:43","guid":{"rendered":"https:\/\/hookahshop.lt\/?post_type=product&#038;p=28541"},"modified":"2026-05-14T23:29:24","modified_gmt":"2026-05-14T20:29:24","slug":"taurele-kaljanui-mexanika-smoke-phunnel","status":"publish","type":"product","link":"https:\/\/hookahshop.lt\/et\/toode\/tass-vesipiip-mexanika-smoke-phunnel\/","title":{"rendered":"Tass vesipiibule MEXANIKA Smoke Phunnel Black"},"content":{"rendered":"<h2>Tass vesipiibule MEXANIKA Smoke Phunnel Black<\/h2>\n<p>Mexanika Smoke Phunnel vesipiibutops on valmistatud musta lehtri kujul, millel on kaubam\u00e4rgiga metallr\u00f5ngas, mis kaitseb kukkumise korral l\u00f5henemise eest.<\/p>\n<p>Mexanika Smoke Phunneli tass on valmistatud poolmarmorist ja p\u00f5letatud 1200 kraadi juures. S\u00f5rmus on valmistatud roostevabast terasest AISI 304. Tubaka tarbimine on umbes 19-24 grammi.<\/p>\n<p><strong>Omadused:<\/strong><br \/>\nK\u00f5rgus: 98 mm<br \/>\nL\u00e4bim\u00f5\u00f5t (v\u00e4limine): 74 mm<br \/>\nL\u00e4bim\u00f5\u00f5t (sisemine): 66 mm<br \/>\nS\u00fcgavus: 23 mm<br \/>\nAva l\u00e4bim\u00f5\u00f5t: 14 mm<br \/>\nAukude arv: 1 tk<br \/>\nKaal: umbes 325 g.<\/p>\n<p>Kas teil on k\u00fcsimusi? v\u00f5ta meiega \u00fchendust\u00a0<a href=\"https:\/\/hookahshop.lt\/et\/kontaktid\/\">kontaktide leht<\/a>\u00a0v\u00f5i saatke meile e-kiri aadressil\u00a0<a href=\"https:\/\/facebook.com\/HookahShop.lt\/\" target=\"_blank\" rel=\"noopener noreferrer\">Facebooki konto<\/a>\u00a0ja vastame teie taotlusele samal p\u00e4eval.<\/p>","protected":false},"excerpt":{"rendered":"<p>Vesipiibutops MEXANIKA Smoke Phunnel Black Mexican Smoke Phunnel vesipiibutops on valmistatud musta lehtri kujul, millel on kaubam\u00e4rgiga metallr\u00f5ngas, mis takistab selle lagunemist. Mexanika Smoke Phunnel Cup on valmistatud poolmarmorist ja p\u00f5leb 1200 kraadi juures. S\u00f5rmus on valmistatud roostevabast terasest AISI 304. Tubakat kulub umbes 19-24 grammi. Omadused: K\u00f5rgus: 98 mm L\u00e4bim\u00f5\u00f5t [\u2026]<\/p>","protected":false},"featured_media":28542,"comment_status":"open","ping_status":"closed","template":"","meta":[],"_links":{"self":[{"href":"https:\/\/hookahshop.lt\/et\/wp-json\/wp\/v2\/product\/28541"}],"collection":[{"href":"https:\/\/hookahshop.lt\/et\/wp-json\/wp\/v2\/product"}],"about":[{"href":"https:\/\/hookahshop.lt\/et\/wp-json\/wp\/v2\/types\/product"}],"replies":[{"embeddable":true,"href":"https:\/\/hookahshop.lt\/et\/wp-json\/wp\/v2\/comments?post=28541"}],"version-history":[{"count":5,"href":"https:\/\/hookahshop.lt\/et\/wp-json\/wp\/v2\/product\/28541\/revisions"}],"predecessor-version":[{"id":31856,"href":"https:\/\/hookahshop.lt\/et\/wp-json\/wp\/v2\/product\/28541\/revisions\/31856"}],"wp:featuredmedia":[{"embeddable":true,"href":"https:\/\/hookahshop.lt\/et\/wp-json\/wp\/v2\/media\/28542"}],"wp:attachment":[{"href":"https:\/\/hookahshop.lt\/et\/wp-json\/wp\/v2\/media?parent=28541"}],"curies":[{"name":"wp","href":"https:\/\/api.w.org\/{rel}","templated":true}]}}