{"id":28565,"date":"2021-10-22T20:29:09","date_gmt":"2021-10-22T17:29:09","guid":{"rendered":"https:\/\/hookahshop.lt\/?post_type=product&#038;p=28565"},"modified":"2026-04-18T23:29:00","modified_gmt":"2026-04-18T20:29:00","slug":"sakute-kaljano-tabakui-hoob-fork-black","status":"publish","type":"product","link":"https:\/\/hookahshop.lt\/et\/toode\/kahvel-tubaka-hoob-fork-black\/","title":{"rendered":"Kahvel tubaka HOOB Kahvel Must"},"content":{"rendered":"<h2>Kahvel tubaka HOOB Kahvel Must<\/h2>\n<p>Pakkige t\u00e4iuslik tass puhaste k\u00e4tega.<br \/>\nVesipiibukahvel on valmistatud roostevabast terasest 100%<\/p>\n<p>Pikkus: 14 cm<br \/>\nMugav kuju<br \/>\nV\u00f5tmehoidja auk<\/p>\n<p>Kas teil on k\u00fcsimusi? v\u00f5ta meiega \u00fchendust\u00a0<a href=\"https:\/\/hookahshop.lt\/et\/kontaktid\/\">kontaktide leht<\/a>\u00a0v\u00f5i saatke meile e-kiri aadressil\u00a0<a href=\"https:\/\/facebook.com\/HookahShop.lt\/\" target=\"_blank\" rel=\"noopener noreferrer\">Facebooki konto<\/a>\u00a0ja vastame teie taotlusele samal p\u00e4eval.<\/p>\n<p>&nbsp;<\/p>","protected":false},"excerpt":{"rendered":"<p>Vesipiibu tubakakahvel HOOB Fork Black Pakkige puhaste k\u00e4tega t\u00e4iuslik tass. Roostevabast terasest 100% valmistatud konkskahvel Pikkus: 14cm Mugav kuju V\u00f5tmehoidja auk K\u00fcsimusi? V\u00f5tke meiega \u00fchendust kontaktide lehel v\u00f5i kirjutage meile oma Facebooki kontol ja vastame teie p\u00e4ringule samal p\u00e4eval. &nbsp;<\/p>","protected":false},"featured_media":28567,"comment_status":"open","ping_status":"closed","template":"","meta":[],"_links":{"self":[{"href":"https:\/\/hookahshop.lt\/et\/wp-json\/wp\/v2\/product\/28565"}],"collection":[{"href":"https:\/\/hookahshop.lt\/et\/wp-json\/wp\/v2\/product"}],"about":[{"href":"https:\/\/hookahshop.lt\/et\/wp-json\/wp\/v2\/types\/product"}],"replies":[{"embeddable":true,"href":"https:\/\/hookahshop.lt\/et\/wp-json\/wp\/v2\/comments?post=28565"}],"version-history":[{"count":4,"href":"https:\/\/hookahshop.lt\/et\/wp-json\/wp\/v2\/product\/28565\/revisions"}],"predecessor-version":[{"id":28570,"href":"https:\/\/hookahshop.lt\/et\/wp-json\/wp\/v2\/product\/28565\/revisions\/28570"}],"wp:featuredmedia":[{"embeddable":true,"href":"https:\/\/hookahshop.lt\/et\/wp-json\/wp\/v2\/media\/28567"}],"wp:attachment":[{"href":"https:\/\/hookahshop.lt\/et\/wp-json\/wp\/v2\/media?parent=28565"}],"curies":[{"name":"wp","href":"https:\/\/api.w.org\/{rel}","templated":true}]}}