{"id":28571,"date":"2021-10-22T20:34:57","date_gmt":"2021-10-22T17:34:57","guid":{"rendered":"https:\/\/hookahshop.lt\/?post_type=product&#038;p=28571"},"modified":"2026-04-17T16:33:17","modified_gmt":"2026-04-17T13:33:17","slug":"sakute-kaljano-tabakui-hoob-fork-stainless-steel","status":"publish","type":"product","link":"https:\/\/hookahshop.lt\/et\/toode\/kahvel-tubaka-hoob-fork-stainless-steel\/","title":{"rendered":"Kahvel tubaka HOOB Kahvel Roostevaba teras"},"content":{"rendered":"<h2>Kahvel tubaka HOOB Kahvel Roostevaba teras<\/h2>\n<p>Pakkige t\u00e4iuslik tass puhaste k\u00e4tega.<br \/>\nVesipiibukahvel on valmistatud roostevabast terasest 100%<\/p>\n<p>Pikkus: 14 cm<br \/>\nMugav kuju<br \/>\nV\u00f5tmehoidja auk<\/p>\n<p>Kas teil on k\u00fcsimusi? v\u00f5ta meiega \u00fchendust\u00a0<a href=\"https:\/\/hookahshop.lt\/et\/kontaktid\/\">kontaktide leht<\/a>\u00a0v\u00f5i saatke meile e-kiri aadressil\u00a0<a href=\"https:\/\/facebook.com\/HookahShop.lt\/\" target=\"_blank\" rel=\"noopener noreferrer\">Facebooki konto<\/a>\u00a0ja vastame teie taotlusele samal p\u00e4eval.<\/p>\n<p>&nbsp;<\/p>","protected":false},"excerpt":{"rendered":"<p>Konksuga tubakakahvel HOOB Roostevabast terasest kahvel Pakkige puhaste k\u00e4tega t\u00e4iuslik tass. Roostevabast terasest 100% valmistatud konkskahvel Pikkus: 14cm Mugav kuju V\u00f5tmehoidja auk K\u00fcsimusi? V\u00f5tke meiega \u00fchendust kontaktide lehel v\u00f5i kirjutage meile oma Facebooki kontol ja vastame teie p\u00e4ringule samal p\u00e4eval. &nbsp;<\/p>","protected":false},"featured_media":28572,"comment_status":"open","ping_status":"closed","template":"","meta":[],"_links":{"self":[{"href":"https:\/\/hookahshop.lt\/et\/wp-json\/wp\/v2\/product\/28571"}],"collection":[{"href":"https:\/\/hookahshop.lt\/et\/wp-json\/wp\/v2\/product"}],"about":[{"href":"https:\/\/hookahshop.lt\/et\/wp-json\/wp\/v2\/types\/product"}],"replies":[{"embeddable":true,"href":"https:\/\/hookahshop.lt\/et\/wp-json\/wp\/v2\/comments?post=28571"}],"version-history":[{"count":4,"href":"https:\/\/hookahshop.lt\/et\/wp-json\/wp\/v2\/product\/28571\/revisions"}],"predecessor-version":[{"id":29876,"href":"https:\/\/hookahshop.lt\/et\/wp-json\/wp\/v2\/product\/28571\/revisions\/29876"}],"wp:featuredmedia":[{"embeddable":true,"href":"https:\/\/hookahshop.lt\/et\/wp-json\/wp\/v2\/media\/28572"}],"wp:attachment":[{"href":"https:\/\/hookahshop.lt\/et\/wp-json\/wp\/v2\/media?parent=28571"}],"curies":[{"name":"wp","href":"https:\/\/api.w.org\/{rel}","templated":true}]}}