{"id":28582,"date":"2021-10-22T21:31:16","date_gmt":"2021-10-22T18:31:16","guid":{"rendered":"https:\/\/hookahshop.lt\/?post_type=product&#038;p=28582"},"modified":"2026-04-14T23:29:09","modified_gmt":"2026-04-14T20:29:09","slug":"krepsys-kaljanui-hoob-cyber-mini","status":"publish","type":"product","link":"https:\/\/hookahshop.lt\/et\/toode\/kott-vesipiibu-hoob-cyber-mini\/","title":{"rendered":"Kott vesipiibu HOOB Cyber Mini"},"content":{"rendered":"<h2>Kott vesipiibu HOOB Cyber Mini<\/h2>\n<p>Helkurpinnaga kott on m\u00f5eldud vesipiibu, tubaka ja v\u00e4ikeste tarvikute ohutuks hoidmiseks ja kandmiseks.<\/p>\n<div class=\"product attribute overview\">Kott on m\u00f5eldud kuni 55 cm k\u00f5rgustele vesipiibudele.<\/div>\n<div class=\"product attribute overview\"><strong>Spetsifikatsioon:<\/strong><br \/>\nMaterjal: peegeldav<br \/>\nL\u00f6\u00f6gikindlad seinad<br \/>\nM\u00f5\u00f5dud: 35 x 50 cm<br \/>\nK\u00fcberdisain<\/div>\n<div><\/div>\n<div class=\"product attribute overview\">Kas teil on k\u00fcsimusi? v\u00f5ta meiega \u00fchendust\u00a0<a href=\"https:\/\/hookahshop.lt\/et\/kontaktid\/\">kontaktide leht<\/a>\u00a0v\u00f5i saatke meile e-kiri aadressil\u00a0<a href=\"https:\/\/facebook.com\/HookahShop.lt\/\" target=\"_blank\" rel=\"noopener noreferrer\">Facebooki konto<\/a> ja vastame teie taotlusele samal p\u00e4eval.<\/div>","protected":false},"excerpt":{"rendered":"<p>Vesipiibu kott HOOB Cyber Mini Bag koti peegeldava pinnaga on m\u00f5eldud vesipiibu, tubaka ja v\u00e4ikeste tarvikute turvaliseks hoidmiseks ja kandmiseks. Kott on m\u00f5eldud kuni 55 cm k\u00f5rguse vesipiibu jaoks. Spetsifikatsioon: Materjal: Peegeldavad p\u00f5rutuskindlad seinad M\u00f5\u00f5dud: 35 x 50 cm K\u00fcberdisain K\u00fcsimused? V\u00f5tke meiega \u00fchendust kontaktide lehel v\u00f5i kirjutage meile meie Facebooki kontol ja me vastame [\u2026]<\/p>","protected":false},"featured_media":28583,"comment_status":"open","ping_status":"closed","template":"","meta":[],"_links":{"self":[{"href":"https:\/\/hookahshop.lt\/et\/wp-json\/wp\/v2\/product\/28582"}],"collection":[{"href":"https:\/\/hookahshop.lt\/et\/wp-json\/wp\/v2\/product"}],"about":[{"href":"https:\/\/hookahshop.lt\/et\/wp-json\/wp\/v2\/types\/product"}],"replies":[{"embeddable":true,"href":"https:\/\/hookahshop.lt\/et\/wp-json\/wp\/v2\/comments?post=28582"}],"version-history":[{"count":19,"href":"https:\/\/hookahshop.lt\/et\/wp-json\/wp\/v2\/product\/28582\/revisions"}],"predecessor-version":[{"id":29592,"href":"https:\/\/hookahshop.lt\/et\/wp-json\/wp\/v2\/product\/28582\/revisions\/29592"}],"wp:featuredmedia":[{"embeddable":true,"href":"https:\/\/hookahshop.lt\/et\/wp-json\/wp\/v2\/media\/28583"}],"wp:attachment":[{"href":"https:\/\/hookahshop.lt\/et\/wp-json\/wp\/v2\/media?parent=28582"}],"curies":[{"name":"wp","href":"https:\/\/api.w.org\/{rel}","templated":true}]}}