{"id":28595,"date":"2021-10-22T21:45:35","date_gmt":"2021-10-22T18:45:35","guid":{"rendered":"https:\/\/hookahshop.lt\/?post_type=product&#038;p=28595"},"modified":"2026-04-16T10:21:11","modified_gmt":"2026-04-16T07:21:11","slug":"krepsys-kaljanui-hoob-mini-black","status":"publish","type":"product","link":"https:\/\/hookahshop.lt\/et\/toode\/kott-vesipiibu-hoob-mini-black\/","title":{"rendered":"Kott vesipiibu HOOB Mini Black"},"content":{"rendered":"<h2>Kott vesipiibu HOOB Mini Black<\/h2>\n<p>Kott on m\u00f5eldud teie vesipiibu, tubaka ja v\u00e4ikeste tarvikute ohutuks hoidmiseks ja kandmiseks. Polsterdatud, tepitud nailonist korpus ja vastupidav \u00f5larihm.<br \/>\nKott on m\u00f5eldud kuni 55 cm k\u00f5rgustele vesipiibudele.<\/p>\n<p>Spetsifikatsioon:<br \/>\nMaterjal: ehtne nahk ja materjal<br \/>\nL\u00f6\u00f6gikindlad seinad<br \/>\nM\u00f5\u00f5dud: 35 x 50 cm<br \/>\nK\u00fcberdisain<\/p>\n<p>Kas teil on k\u00fcsimusi? v\u00f5ta meiega \u00fchendust <a href=\"https:\/\/hookahshop.lt\/et\/kontaktid\/\">kontaktide leht<\/a>\u00a0v\u00f5i saatke meile e-kiri aadressil\u00a0<a href=\"https:\/\/facebook.com\/HookahShop.lt\/\" target=\"_blank\" rel=\"noopener noreferrer\">Facebooki konto<\/a>\u00a0ja vastame teie taotlusele samal p\u00e4eval.<\/p>","protected":false},"excerpt":{"rendered":"<p>Vesipiibu kott HOOB Mini Black Kott on m\u00f5eldud vesipiibu, tubaka ja v\u00e4ikeste tarvikute turvaliseks hoidmiseks ja kandmiseks. Polsterdatud, tepitud nailonist korpuse ja vastupidava \u00f5larihmaga. Kott on m\u00f5eldud kuni 55 cm k\u00f5rguse vesipiibu jaoks. Spetsifikatsioon: Materjal: ehtne nahk ja materjal L\u00f6\u00f6gikindlad seinad M\u00f5\u00f5dud: 35 x 50 cm K\u00fcberdisain K\u00fcsimused? V\u00f5tke meiega \u00fchendust kontaktid [\u2026]<\/p>","protected":false},"featured_media":28611,"comment_status":"open","ping_status":"closed","template":"","meta":[],"_links":{"self":[{"href":"https:\/\/hookahshop.lt\/et\/wp-json\/wp\/v2\/product\/28595"}],"collection":[{"href":"https:\/\/hookahshop.lt\/et\/wp-json\/wp\/v2\/product"}],"about":[{"href":"https:\/\/hookahshop.lt\/et\/wp-json\/wp\/v2\/types\/product"}],"replies":[{"embeddable":true,"href":"https:\/\/hookahshop.lt\/et\/wp-json\/wp\/v2\/comments?post=28595"}],"version-history":[{"count":12,"href":"https:\/\/hookahshop.lt\/et\/wp-json\/wp\/v2\/product\/28595\/revisions"}],"predecessor-version":[{"id":29595,"href":"https:\/\/hookahshop.lt\/et\/wp-json\/wp\/v2\/product\/28595\/revisions\/29595"}],"wp:featuredmedia":[{"embeddable":true,"href":"https:\/\/hookahshop.lt\/et\/wp-json\/wp\/v2\/media\/28611"}],"wp:attachment":[{"href":"https:\/\/hookahshop.lt\/et\/wp-json\/wp\/v2\/media?parent=28595"}],"curies":[{"name":"wp","href":"https:\/\/api.w.org\/{rel}","templated":true}]}}