{"id":28637,"date":"2021-10-22T22:44:08","date_gmt":"2021-10-22T19:44:08","guid":{"rendered":"https:\/\/hookahshop.lt\/?post_type=product&#038;p=28637"},"modified":"2026-04-26T23:29:37","modified_gmt":"2026-04-26T20:29:37","slug":"taurele-kaljanui-mexanika-smoke-classic-black","status":"publish","type":"product","link":"https:\/\/hookahshop.lt\/et\/toode\/tass-vesipiip-mexanika-smoke-classic-black\/","title":{"rendered":"Tass vesipiibule MEXANIKA Smoke Classic Black"},"content":{"rendered":"<h2>Tass vesipiibule MEXANIKA Smoke Classic Black<\/h2>\n<p>See vesipiibutops on klassikalises mustas stiilis kaubam\u00e4rgiga metallist r\u00f5ngaga, mis ei lase sellel kukkumisel kokku kukkuda. Tureli sisemuses on viis auku. Sellise augukorralduse tulemusena on suitsetamistubakas \u00fchtlasem ja siirupit ei satu kolbi. Tass on valmistatud poolmarmorist ja p\u00f5letatud temperatuuril 1200 kraadi. S\u00f5rmus on valmistatud roostevabast terasest AISI 304. Tubaka kulu on umbes 18-20 grammi.<\/p>\n<p><strong>Omadused:<\/strong><br \/>\nK\u00f5rgus: 100 mm<br \/>\nL\u00e4bim\u00f5\u00f5t (v\u00e4limine): 74 mm<br \/>\nL\u00e4bim\u00f5\u00f5t (sisemine): 65 mm<br \/>\nS\u00fcgavus: 19 mm<br \/>\nAva l\u00e4bim\u00f5\u00f5t: 8 mm<br \/>\nAukude arv: 5 tk<br \/>\nKaal: umbes 280 g<\/p>\n<p>Kas teil on k\u00fcsimusi? v\u00f5ta meiega \u00fchendust\u00a0<a href=\"https:\/\/hookahshop.lt\/et\/kontaktid\/\">kontaktide leht<\/a>\u00a0v\u00f5i saatke meile e-kiri aadressil\u00a0<a href=\"https:\/\/facebook.com\/HookahShop.lt\/\" target=\"_blank\" rel=\"noopener noreferrer\">Facebooki konto<\/a>\u00a0ja vastame teie taotlusele samal p\u00e4eval.<\/p>","protected":false},"excerpt":{"rendered":"<p>Vesipiibutops MEXANIKA Smoke Classic Black See vesipiibutops on klassikalises mustas stiilis, millel on kaubam\u00e4rgiga metallist r\u00f5ngas, mis takistab selle lagunemist. Tureli sisemuses on viis auku. T\u00e4nu sellele aukude paigutusele on suitsetamistubakas sujuvam ja siirupit ei satu kolbi. Tass on valmistatud poolmarmorist ja p\u00f5letatud temperatuuril 1200 kraadi. R\u00f5ngas on valmistatud roostevabast terasest [\u2026]<\/p>","protected":false},"featured_media":28643,"comment_status":"open","ping_status":"closed","template":"","meta":[],"_links":{"self":[{"href":"https:\/\/hookahshop.lt\/et\/wp-json\/wp\/v2\/product\/28637"}],"collection":[{"href":"https:\/\/hookahshop.lt\/et\/wp-json\/wp\/v2\/product"}],"about":[{"href":"https:\/\/hookahshop.lt\/et\/wp-json\/wp\/v2\/types\/product"}],"replies":[{"embeddable":true,"href":"https:\/\/hookahshop.lt\/et\/wp-json\/wp\/v2\/comments?post=28637"}],"version-history":[{"count":5,"href":"https:\/\/hookahshop.lt\/et\/wp-json\/wp\/v2\/product\/28637\/revisions"}],"predecessor-version":[{"id":39812,"href":"https:\/\/hookahshop.lt\/et\/wp-json\/wp\/v2\/product\/28637\/revisions\/39812"}],"wp:featuredmedia":[{"embeddable":true,"href":"https:\/\/hookahshop.lt\/et\/wp-json\/wp\/v2\/media\/28643"}],"wp:attachment":[{"href":"https:\/\/hookahshop.lt\/et\/wp-json\/wp\/v2\/media?parent=28637"}],"curies":[{"name":"wp","href":"https:\/\/api.w.org\/{rel}","templated":true}]}}