{"id":28699,"date":"2021-10-25T15:08:12","date_gmt":"2021-10-25T12:08:12","guid":{"rendered":"https:\/\/hookahshop.lt\/?post_type=product&#038;p=28699"},"modified":"2026-04-17T23:29:09","modified_gmt":"2026-04-17T20:29:09","slug":"gaubtas-taureles-kaitinimui-y-k-a-p","status":"publish","type":"product","link":"https:\/\/hookahshop.lt\/et\/toode\/kubu-topsid-kutteks-ykap\/","title":{"rendered":"Tass topsi soojendamiseks YKAP"},"content":{"rendered":"<h2>Tass topsi soojendamiseks YKAP<\/h2>\n<p>Kapuutsiga saate vesipiipu nautida ka \u00f5ues, kartmata, et tuul s\u00f6e \u00e4ra puhub. Vajadusel v\u00f5imaldab eemaldatav kate lisada veel s\u00fctt.<br \/>\nLisaks on see YKAP toode universaalne \u2013 sobib igat t\u00fc\u00fcpi vesipiipudele ja tassidele.<\/p>\n<p>Tassi soojendamiseks m\u00f5eldud tassi &quot;YKAP&quot; kasutatakse samaaegselt mitmel eesm\u00e4rgil:<br \/>\nKuumuse reguleerimine;<br \/>\npikenenud kivis\u00f6e p\u00f5lemisaeg;<br \/>\nTuulekaitse.<\/p>\n<p>Materjal: roostevaba teras<br \/>\nP\u00e4ritoluriik: Venemaa<\/p>\n<p>Kas teil on k\u00fcsimusi? v\u00f5ta meiega \u00fchendust <a href=\"https:\/\/hookahshop.lt\/et\/kontaktid\/\">kontaktide leht<\/a>\u00a0v\u00f5i saatke meile e-kiri aadressil\u00a0<a href=\"https:\/\/facebook.com\/HookahShop.lt\/\" target=\"_blank\" rel=\"noopener noreferrer\">Facebooki konto<\/a>\u00a0ja vastame teie taotlusele samal p\u00e4eval.<\/p>","protected":false},"excerpt":{"rendered":"<p>Kapuuts topside soojendamiseks YKAP Kapuutsiga saate vesipiipu nautida ka \u00f5ues, kartmata, et tuul s\u00f6e v\u00e4lja puhub. Vajadusel v\u00f5imaldab eemaldatav kork lisada rohkem s\u00fctt. Lisaks on see YKAP toode universaalne \u2013 sobib igat t\u00fc\u00fcpi vesipiipudele ja tassidele. Tassi soojendamiseks m\u00f5eldud tassi &quot;YKAP&quot; kasutatakse samaaegselt mitmel otstarbel: Kuumuse reguleerimiseks; Pikenenud s\u00fcsiniku p\u00f5lemisaeg; Turvalisus [\u2026]<\/p>","protected":false},"featured_media":28901,"comment_status":"open","ping_status":"closed","template":"","meta":[],"_links":{"self":[{"href":"https:\/\/hookahshop.lt\/et\/wp-json\/wp\/v2\/product\/28699"}],"collection":[{"href":"https:\/\/hookahshop.lt\/et\/wp-json\/wp\/v2\/product"}],"about":[{"href":"https:\/\/hookahshop.lt\/et\/wp-json\/wp\/v2\/types\/product"}],"replies":[{"embeddable":true,"href":"https:\/\/hookahshop.lt\/et\/wp-json\/wp\/v2\/comments?post=28699"}],"version-history":[{"count":8,"href":"https:\/\/hookahshop.lt\/et\/wp-json\/wp\/v2\/product\/28699\/revisions"}],"predecessor-version":[{"id":43454,"href":"https:\/\/hookahshop.lt\/et\/wp-json\/wp\/v2\/product\/28699\/revisions\/43454"}],"wp:featuredmedia":[{"embeddable":true,"href":"https:\/\/hookahshop.lt\/et\/wp-json\/wp\/v2\/media\/28901"}],"wp:attachment":[{"href":"https:\/\/hookahshop.lt\/et\/wp-json\/wp\/v2\/media?parent=28699"}],"curies":[{"name":"wp","href":"https:\/\/api.w.org\/{rel}","templated":true}]}}