{"id":28713,"date":"2021-10-25T15:23:16","date_gmt":"2021-10-25T12:23:16","guid":{"rendered":"https:\/\/hookahshop.lt\/?post_type=product&#038;p=28713"},"modified":"2026-04-17T23:29:26","modified_gmt":"2026-04-17T20:29:26","slug":"kandiklis-kaljanui-maklaud-skull","status":"publish","type":"product","link":"https:\/\/hookahshop.lt\/et\/toode\/vesipiibu-huulik-maklaud-skull\/","title":{"rendered":"Vesipiibu huulik MAKLAUD Kolju"},"content":{"rendered":"<h2>Vesipiibu huulik MAKLAUD Kolju<\/h2>\n<p>See on Maklaudi originaalne mustast alumiiniumist huulik. Huulik on \u00fcsna pikk ja kaalukas, kaunistatud messingist siset\u00fckiga. MAKLAUD huulik on k\u00e4es \u00fcsna mugav ja sobib suurep\u00e4raselt erinevatele vesipiipidele.<\/p>\n<p><strong>Omadused:<\/strong><br \/>\nHuuliku pikkus: 403 mm<br \/>\nHuuliku sisel\u00e4bim\u00f5\u00f5t: 10 mm<br \/>\nSiseosa: Kolju (messingist materjal)<br \/>\nKaal: umbes 185 g.<\/p>\n<p>Kas teil on k\u00fcsimusi? v\u00f5ta meiega \u00fchendust <a href=\"https:\/\/hookahshop.lt\/et\/kontaktid\/\">kontaktide leht<\/a>\u00a0v\u00f5i saatke meile e-kiri aadressil\u00a0<a href=\"https:\/\/facebook.com\/HookahShop.lt\/\" target=\"_blank\" rel=\"noopener noreferrer\">Facebooki konto<\/a>\u00a0ja vastame teie taotlusele samal p\u00e4eval.<\/p>","protected":false},"excerpt":{"rendered":"<p>Konks suukonksule MAKLAUD Skull See on originaalne must alumiiniumist huulik firmalt Maklaud. Huulik on \u00fcsna pikk ja raske, kaunistatud messingist siset\u00fckiga. MAKLAUD huulik on k\u00e4es \u00fcsna mugav ja sobib suurep\u00e4raselt erinevatele vesipiipidele. Omadused: Suuliku pikkus: 403 mm Suuliku sisel\u00e4bim\u00f5\u00f5t: 10mm Siseosa: Kolju (messingist materjal) Kaal: ca 185 g. Kas teil on k\u00fcsimusi? V\u00f5ta meiega \u00fchendust [\u2026]<\/p>","protected":false},"featured_media":28821,"comment_status":"open","ping_status":"closed","template":"","meta":[],"_links":{"self":[{"href":"https:\/\/hookahshop.lt\/et\/wp-json\/wp\/v2\/product\/28713"}],"collection":[{"href":"https:\/\/hookahshop.lt\/et\/wp-json\/wp\/v2\/product"}],"about":[{"href":"https:\/\/hookahshop.lt\/et\/wp-json\/wp\/v2\/types\/product"}],"replies":[{"embeddable":true,"href":"https:\/\/hookahshop.lt\/et\/wp-json\/wp\/v2\/comments?post=28713"}],"version-history":[{"count":5,"href":"https:\/\/hookahshop.lt\/et\/wp-json\/wp\/v2\/product\/28713\/revisions"}],"predecessor-version":[{"id":32798,"href":"https:\/\/hookahshop.lt\/et\/wp-json\/wp\/v2\/product\/28713\/revisions\/32798"}],"wp:featuredmedia":[{"embeddable":true,"href":"https:\/\/hookahshop.lt\/et\/wp-json\/wp\/v2\/media\/28821"}],"wp:attachment":[{"href":"https:\/\/hookahshop.lt\/et\/wp-json\/wp\/v2\/media?parent=28713"}],"curies":[{"name":"wp","href":"https:\/\/api.w.org\/{rel}","templated":true}]}}