{"id":28724,"date":"2021-10-25T15:32:27","date_gmt":"2021-10-25T12:32:27","guid":{"rendered":"https:\/\/hookahshop.lt\/?post_type=product&#038;p=28724"},"modified":"2026-04-18T23:28:53","modified_gmt":"2026-04-18T20:28:53","slug":"kandiklis-kaljanui-maklaud-stainless-steel","status":"publish","type":"product","link":"https:\/\/hookahshop.lt\/et\/toode\/vesipiibu-huulik-maklaud-stainless-steel\/","title":{"rendered":"Vesipiibu huulik MAKLAUD roostevaba teras"},"content":{"rendered":"<h2>Vesipiibu huulik MAKLAUD roostevaba teras<\/h2>\n<p>See on Maklaudi spetsiaalne roostevabast terasest huulik. See on valmistatud erilises stiilis, k\u00e4epideme mugava osaga kvaliteetsest nahast. Huulik n\u00e4eb v\u00e4lja luksuslik, on k\u00e4es v\u00e4ga mugav ja sobib suurep\u00e4raselt erinevatele vesipiipidele.<\/p>\n<p><strong>Omadused:<\/strong><br \/>\nHuuliku pikkus: 325 mm<br \/>\nHuuliku sisel\u00e4bim\u00f5\u00f5t: 9 mm<br \/>\nKaal: umbes 150 g<\/p>\n<p>P\u00e4ritoluriik: Venemaa<\/p>\n<p>Kas teil on k\u00fcsimusi? v\u00f5ta meiega \u00fchendust <a href=\"https:\/\/hookahshop.lt\/et\/kontaktid\/\">kontaktide leht<\/a>\u00a0v\u00f5i saatke meile e-kiri aadressil\u00a0<a href=\"https:\/\/facebook.com\/HookahShop.lt\/\" target=\"_blank\" rel=\"noopener noreferrer\">Facebooki konto<\/a>\u00a0ja vastame teie taotlusele samal p\u00e4eval.<\/p>\n<p>&nbsp;<\/p>","protected":false},"excerpt":{"rendered":"<p>Vesipiip MAKLAUD roostevaba teras See on Maklaudi spetsiaalne roostevabast terasest huulik. See on valmistatud erilises stiilis, k\u00e4epideme mugava osaga kvaliteetsest nahast. Huulik n\u00e4eb v\u00e4lja luksuslik, on k\u00e4es v\u00e4ga mugav ja sobib suurep\u00e4raselt erinevatele vesipiipidele. Omadused: Suuliku pikkus: 325 mm Suuliku sisel\u00e4bim\u00f5\u00f5t: 9 mm Kaal: umbes 150 g P\u00e4ritoluriik: Venemaa [\u2026]<\/p>","protected":false},"featured_media":28725,"comment_status":"open","ping_status":"closed","template":"","meta":[],"_links":{"self":[{"href":"https:\/\/hookahshop.lt\/et\/wp-json\/wp\/v2\/product\/28724"}],"collection":[{"href":"https:\/\/hookahshop.lt\/et\/wp-json\/wp\/v2\/product"}],"about":[{"href":"https:\/\/hookahshop.lt\/et\/wp-json\/wp\/v2\/types\/product"}],"replies":[{"embeddable":true,"href":"https:\/\/hookahshop.lt\/et\/wp-json\/wp\/v2\/comments?post=28724"}],"version-history":[{"count":7,"href":"https:\/\/hookahshop.lt\/et\/wp-json\/wp\/v2\/product\/28724\/revisions"}],"predecessor-version":[{"id":36453,"href":"https:\/\/hookahshop.lt\/et\/wp-json\/wp\/v2\/product\/28724\/revisions\/36453"}],"wp:featuredmedia":[{"embeddable":true,"href":"https:\/\/hookahshop.lt\/et\/wp-json\/wp\/v2\/media\/28725"}],"wp:attachment":[{"href":"https:\/\/hookahshop.lt\/et\/wp-json\/wp\/v2\/media?parent=28724"}],"curies":[{"name":"wp","href":"https:\/\/api.w.org\/{rel}","templated":true}]}}