{"id":28731,"date":"2021-10-25T15:43:23","date_gmt":"2021-10-25T12:43:23","guid":{"rendered":"https:\/\/hookahshop.lt\/?post_type=product&#038;p=28731"},"modified":"2026-04-18T23:28:44","modified_gmt":"2026-04-18T20:28:44","slug":"kaljanas-y-k-a-p-eco-e2","status":"publish","type":"product","link":"https:\/\/hookahshop.lt\/et\/toode\/vesipiip-y-k-a-p-eco-e2\/","title":{"rendered":"Vesipiip YKAP Eco E2"},"content":{"rendered":"<h2>Vesipiip YKAP Eco E2<\/h2>\n<p>Uus vesipiip &quot;YKAP Eco E2&quot; tuntud Venemaa tootjalt - YKAP. See on kvaliteetne vesipiip, mis garanteerib meeldiva sessiooni. Vesipiipu on kerge t\u00f5mmata.<\/p>\n<p><strong>Spetsifikatsioon:<\/strong><br \/>\nMaterjal (v\u00e4line): anodeeritud alumiinium<br \/>\nMaterjal (sisemine): roostevaba teras (varda p\u00f5hi puutub kokku veega)<br \/>\nV\u00f5ll (mast) on t\u00e4ielikult valitav<br \/>\nO-r\u00f5ngaga pistik<br \/>\nVertikaalne suitsu eemaldamine<br \/>\nPlaat (roostevabast terasest pulberv\u00e4rvitud)<br \/>\nVarre (varre) k\u00f5rgus ilma kolvita: 47 cm<br \/>\nV\u00f5lli (masti) sisel\u00e4bim\u00f5\u00f5t: 13 mm<br \/>\nHajuti: jah (integreeritud)<\/p>\n<p>&nbsp;<\/p>\n<p><strong>Varustus:<\/strong><\/p>\n<p>V\u00f5ll (vars), plaat, huulik, silikoonmust voolik, tihendite komplekt.<\/p>\n<p><img decoding=\"async\" loading=\"lazy\" class=\"alignnone size-medium wp-image-38521\" src=\"https:\/\/hookahshop.lt\/wp-content\/uploads\/2020\/09\/stiebas-zarna-kandiklis-1-300x273.jpg\" alt=\"- hookahshop.lt\" width=\"300\" height=\"273\" srcset=\"https:\/\/hookahshop.lt\/wp-content\/uploads\/2020\/09\/stiebas-zarna-kandiklis-1-300x273.jpg 300w, https:\/\/hookahshop.lt\/wp-content\/uploads\/2020\/09\/stiebas-zarna-kandiklis-1-13x12.jpg 13w, https:\/\/hookahshop.lt\/wp-content\/uploads\/2020\/09\/stiebas-zarna-kandiklis-1-64x58.jpg 64w, https:\/\/hookahshop.lt\/wp-content\/uploads\/2020\/09\/stiebas-zarna-kandiklis-1.jpg 420w\" sizes=\"(max-width: 300px) 100vw, 300px\" title=\"\"><\/p>\n<p>Kas teil on k\u00fcsimusi? v\u00f5ta meiega \u00fchendust <a href=\"https:\/\/hookahshop.lt\/et\/kontaktid\/\">kontaktide leht<\/a>\u00a0v\u00f5i saatke meile e-kiri aadressil\u00a0<a href=\"https:\/\/facebook.com\/HookahShop.lt\/\" target=\"_blank\" rel=\"noopener noreferrer\">Facebooki konto<\/a>\u00a0ja vastame teie taotlusele samal p\u00e4eval.<\/p>\n<p>&nbsp;<\/p>","protected":false},"excerpt":{"rendered":"<p>Kaljanas YKAP Eco E2 \u017dinomo gamintojo i\u0161 Rusijos &#8211; YKAP naujasis kaljanas &#8222;YKAP Eco E2&#8221;. Tai auk\u0161tos kokyb\u0117s kaljanas, kuris garantuos malon\u0173 seans\u0105. Kaljanas lengvos traukos. Specifikacija: Med\u017eiaga (i\u0161or\u0117s): anoduotas aliuminis Med\u017eiaga (vidaus): ner\u016bdyjan\u010dio plieno (Stiebo apatin\u0117 dalis kuri lie\u010diasi su vandeniu) \u0160achta (stiebas) pilnai i\u0161renkama Konektorius su O-ring Vertikalus d\u016bm\u0173 prap\u016btimas L\u0117k\u0161t\u0117 (ner\u016bdijan\u010dio pliento [&hellip;]<\/p>","protected":false},"featured_media":29965,"comment_status":"open","ping_status":"closed","template":"","meta":[],"_links":{"self":[{"href":"https:\/\/hookahshop.lt\/et\/wp-json\/wp\/v2\/product\/28731"}],"collection":[{"href":"https:\/\/hookahshop.lt\/et\/wp-json\/wp\/v2\/product"}],"about":[{"href":"https:\/\/hookahshop.lt\/et\/wp-json\/wp\/v2\/types\/product"}],"replies":[{"embeddable":true,"href":"https:\/\/hookahshop.lt\/et\/wp-json\/wp\/v2\/comments?post=28731"}],"version-history":[{"count":12,"href":"https:\/\/hookahshop.lt\/et\/wp-json\/wp\/v2\/product\/28731\/revisions"}],"predecessor-version":[{"id":45182,"href":"https:\/\/hookahshop.lt\/et\/wp-json\/wp\/v2\/product\/28731\/revisions\/45182"}],"wp:featuredmedia":[{"embeddable":true,"href":"https:\/\/hookahshop.lt\/et\/wp-json\/wp\/v2\/media\/29965"}],"wp:attachment":[{"href":"https:\/\/hookahshop.lt\/et\/wp-json\/wp\/v2\/media?parent=28731"}],"curies":[{"name":"wp","href":"https:\/\/api.w.org\/{rel}","templated":true}]}}