{"id":28736,"date":"2021-10-25T15:52:37","date_gmt":"2021-10-25T12:52:37","guid":{"rendered":"https:\/\/hookahshop.lt\/?post_type=product&#038;p=28736"},"modified":"2026-04-18T23:28:42","modified_gmt":"2026-04-18T20:28:42","slug":"kaljanas-embery-submono-h-supreme-gold","status":"publish","type":"product","link":"https:\/\/hookahshop.lt\/et\/toode\/vesipiip-embery-submono-h-supreme-gold\/","title":{"rendered":"Vesipiip EMBERY subMONO H Supreme Gold"},"content":{"rendered":"<h2>Vesipiip EMBERY subMONO H Supreme Gold<\/h2>\n<p>Tuntud kaubam\u00e4rgi &quot;Embery&quot; vesipiip, kvaliteetne ja eksklusiivne disain. Vesipiibu must viimistlus muudab vesipiibu silmapaistvaks, mis annab sellele vesipiibule veelgi v\u00f5lu.<\/p>\n<p><strong>Omadused:<\/strong><br \/>\nMaterjal: roostevaba teras ja <span class=\"Y2IQFc\" lang=\"lt\">POM (toiduplast)<\/span><br \/>\nK\u00f5rgus: 485 mm<br \/>\nV\u00f5lli (masti) l\u00e4bim\u00f5\u00f5t: 13 mm<br \/>\nKaal: 850 g.<br \/>\n<span class=\"Y2IQFc\" lang=\"lt\">V\u00e4rvus: must ja kuldne<\/span><br \/>\nP\u00e4ritoluriik: Ukraina<\/p>\n<p><strong>Varustus:<\/strong><br \/>\nV\u00f5ll (mast)<br \/>\nPlaat<br \/>\nHuulik<br \/>\nVoolik (silikoon)<\/p>\n<p>Kas teil on k\u00fcsimusi? v\u00f5ta meiega \u00fchendust <a href=\"https:\/\/hookahshop.lt\/et\/kontaktid\/\">kontaktide leht<\/a>\u00a0v\u00f5i saatke meile e-kiri aadressil\u00a0<a href=\"https:\/\/facebook.com\/HookahShop.lt\/\" target=\"_blank\" rel=\"noopener noreferrer\">Facebooki konto<\/a>\u00a0ja vastame teie taotlusele samal p\u00e4eval.<\/p>\n<p>&nbsp;<\/p>","protected":false},"excerpt":{"rendered":"<p>Vesipiip EMBERY subMONO H Supreme Gold tuntud kaubam\u00e4rgilt &quot;Embery&quot;, k\u00f5rge kvaliteet ja ainulaadne disain. Vesipiibu must viimistlus muudab selle eksklusiivseks, andes sellele vesipiibule veelgi v\u00f5lu. Omadused: Materjal: roostevaba teras ja POM (toiduk\u00f5lblik plastik) K\u00f5rgus: 485 mm Varre l\u00e4bim\u00f5\u00f5t: 13 mm Kaal: 850 g V\u00e4rvus: must ja kuldne P\u00e4ritolu [\u2026]<\/p>","protected":false},"featured_media":28737,"comment_status":"open","ping_status":"closed","template":"","meta":[],"_links":{"self":[{"href":"https:\/\/hookahshop.lt\/et\/wp-json\/wp\/v2\/product\/28736"}],"collection":[{"href":"https:\/\/hookahshop.lt\/et\/wp-json\/wp\/v2\/product"}],"about":[{"href":"https:\/\/hookahshop.lt\/et\/wp-json\/wp\/v2\/types\/product"}],"replies":[{"embeddable":true,"href":"https:\/\/hookahshop.lt\/et\/wp-json\/wp\/v2\/comments?post=28736"}],"version-history":[{"count":8,"href":"https:\/\/hookahshop.lt\/et\/wp-json\/wp\/v2\/product\/28736\/revisions"}],"predecessor-version":[{"id":40329,"href":"https:\/\/hookahshop.lt\/et\/wp-json\/wp\/v2\/product\/28736\/revisions\/40329"}],"wp:featuredmedia":[{"embeddable":true,"href":"https:\/\/hookahshop.lt\/et\/wp-json\/wp\/v2\/media\/28737"}],"wp:attachment":[{"href":"https:\/\/hookahshop.lt\/et\/wp-json\/wp\/v2\/media?parent=28736"}],"curies":[{"name":"wp","href":"https:\/\/api.w.org\/{rel}","templated":true}]}}