{"id":28756,"date":"2021-10-25T16:26:59","date_gmt":"2021-10-25T13:26:59","guid":{"rendered":"https:\/\/hookahshop.lt\/?post_type=product&#038;p=28756"},"modified":"2026-04-15T12:28:50","modified_gmt":"2026-04-15T09:28:50","slug":"kaljanas-embery-submono-h-black","status":"publish","type":"product","link":"https:\/\/hookahshop.lt\/et\/toode\/vesipiip-embery-submono-h-black\/","title":{"rendered":"Vesipiip Embery subMONO H Must"},"content":{"rendered":"<h2>Vesipiip Embery subMONO H Must<\/h2>\n<p>Tuntud kaubam\u00e4rgi &quot;Embery&quot; vesipiip, kvaliteetne ja eksklusiivne disain. Vesipiibu must viimistlus muudab vesipiibu silmapaistvaks, mis annab sellele vesipiibule veelgi v\u00f5lu.<\/p>\n<p><strong>Omadused:<\/strong><br \/>\nMaterjal: roostevaba teras ja <span class=\"Y2IQFc\" lang=\"lt\">POM (toiduplast)<\/span><br \/>\nK\u00f5rgus: 485 mm<br \/>\nV\u00f5lli (masti) l\u00e4bim\u00f5\u00f5t: 13 mm<br \/>\nKaal: 850 g.<br \/>\n<span class=\"Y2IQFc\" lang=\"lt\">V\u00e4rvus must<\/span><br \/>\nP\u00e4ritoluriik: Ukraina<\/p>\n<p><strong>Varustus:<\/strong><br \/>\nV\u00f5ll (mast)<br \/>\nPlaat<br \/>\nHuulik<br \/>\nVoolik (silikoon)<\/p>\n<p>Kas teil on k\u00fcsimusi? v\u00f5ta meiega \u00fchendust <a href=\"https:\/\/hookahshop.lt\/et\/kontaktid\/\">kontaktide leht<\/a>\u00a0v\u00f5i saatke meile e-kiri aadressil\u00a0<a href=\"https:\/\/facebook.com\/HookahShop.lt\/\" target=\"_blank\" rel=\"noopener noreferrer\">Facebooki konto<\/a>\u00a0ja vastame teie taotlusele samal p\u00e4eval.<\/p>","protected":false},"excerpt":{"rendered":"<p>Vesipiip Embery subMONO H Must Vesipiip tuntud kaubam\u00e4rgist &quot;Embery&quot;, kvaliteetne ja eksklusiivne disain. Vesipiibu must viimistlus muudab vesipiibu silmapaistvaks, mis annab sellele vesipiibule veelgi v\u00f5lu. Omadused: Materjal: roostevaba teras ja POM (toiduplast) K\u00f5rgus: 485 mm Varre (varre) l\u00e4bim\u00f5\u00f5t: 13 mm Kaal: 850 g. V\u00e4rv: must P\u00e4ritoluriik: Ukraina Pakend: [\u2026]<\/p>","protected":false},"featured_media":28757,"comment_status":"open","ping_status":"closed","template":"","meta":[],"_links":{"self":[{"href":"https:\/\/hookahshop.lt\/et\/wp-json\/wp\/v2\/product\/28756"}],"collection":[{"href":"https:\/\/hookahshop.lt\/et\/wp-json\/wp\/v2\/product"}],"about":[{"href":"https:\/\/hookahshop.lt\/et\/wp-json\/wp\/v2\/types\/product"}],"replies":[{"embeddable":true,"href":"https:\/\/hookahshop.lt\/et\/wp-json\/wp\/v2\/comments?post=28756"}],"version-history":[{"count":8,"href":"https:\/\/hookahshop.lt\/et\/wp-json\/wp\/v2\/product\/28756\/revisions"}],"predecessor-version":[{"id":29369,"href":"https:\/\/hookahshop.lt\/et\/wp-json\/wp\/v2\/product\/28756\/revisions\/29369"}],"wp:featuredmedia":[{"embeddable":true,"href":"https:\/\/hookahshop.lt\/et\/wp-json\/wp\/v2\/media\/28757"}],"wp:attachment":[{"href":"https:\/\/hookahshop.lt\/et\/wp-json\/wp\/v2\/media?parent=28756"}],"curies":[{"name":"wp","href":"https:\/\/api.w.org\/{rel}","templated":true}]}}