{"id":28770,"date":"2021-10-25T17:29:55","date_gmt":"2021-10-25T14:29:55","guid":{"rendered":"https:\/\/hookahshop.lt\/?post_type=product&#038;p=28770"},"modified":"2026-04-15T23:28:40","modified_gmt":"2026-04-15T20:28:40","slug":"difuzorius-embery-2-0-mono-minimono-black","status":"publish","type":"product","link":"https:\/\/hookahshop.lt\/et\/toode\/difuusor-vesippiibu-2-0-mono-minimono-must\/","title":{"rendered":"Difuusor vesipiibu EMBERY 2.0 Mono \/ MiniMono"},"content":{"rendered":"<h2>Difuusor vesipiibu EMBERY 2.0 Mono \/ MiniMono<\/h2>\n<p>Plastikust difuusor reguleerib vesipiibu \u00f5hu voolu ja vaigistab selle. Toiming sarnaneb filtriga selle poolest, et see lagundab kolvis t\u00f5usvad \u00f5humullid. See jahutab kolvis oleva suitsu. Samuti vaigistab veidi vesipiibu mullitava heli vaiksema keskkonna jaoks nt. filmi vaatamine v\u00f5i teistega suhtlemine.<\/p>\n<p>Kasutamine:<br \/>\nHajuti on paigaldatud vesipiibu konksu (varre) otsa.<\/p>\n<p>Spetsifikatsioonid:<br \/>\nMaterjal: plastik<\/p>\n<p><strong>Sobib ainult vesipiipudele: EMBERY Mono \/ MiniMono<\/strong><\/p>\n<p>Kas teil on k\u00fcsimusi? v\u00f5ta meiega \u00fchendust <a href=\"https:\/\/hookahshop.lt\/et\/kontaktid\/\">kontaktide leht<\/a>\u00a0v\u00f5i saatke meile e-kiri aadressil\u00a0<a href=\"https:\/\/facebook.com\/HookahShop.lt\/\" target=\"_blank\" rel=\"noopener noreferrer\">Facebooki konto<\/a>\u00a0ja vastame teie taotlusele samal p\u00e4eval.<\/p>\n<p>&nbsp;<\/p>","protected":false},"excerpt":{"rendered":"<p>Hajuti EMBERY 2.0 Mono\/MiniMono Black Plastikust hajuti reguleerib vesipiibu \u00f5huvoolu ja vaigistab selle. T\u00f6\u00f6protsess sarnaneb filtriga, kuna see purustab kolvis t\u00f5usvad \u00f5humullid. Sel viisil jahutatakse kolvis olev suits. Samuti summutab veidi vesipiibu mullitavat heli, vaiksema keskkonna jaoks nt. filmi vaadates v\u00f5i teistega suheldes. Kasutamine: Hajuti asetatakse vesipiibu varrele (varrele) [...]<\/p>","protected":false},"featured_media":28771,"comment_status":"open","ping_status":"closed","template":"","meta":[],"_links":{"self":[{"href":"https:\/\/hookahshop.lt\/et\/wp-json\/wp\/v2\/product\/28770"}],"collection":[{"href":"https:\/\/hookahshop.lt\/et\/wp-json\/wp\/v2\/product"}],"about":[{"href":"https:\/\/hookahshop.lt\/et\/wp-json\/wp\/v2\/types\/product"}],"replies":[{"embeddable":true,"href":"https:\/\/hookahshop.lt\/et\/wp-json\/wp\/v2\/comments?post=28770"}],"version-history":[{"count":9,"href":"https:\/\/hookahshop.lt\/et\/wp-json\/wp\/v2\/product\/28770\/revisions"}],"predecessor-version":[{"id":43101,"href":"https:\/\/hookahshop.lt\/et\/wp-json\/wp\/v2\/product\/28770\/revisions\/43101"}],"wp:featuredmedia":[{"embeddable":true,"href":"https:\/\/hookahshop.lt\/et\/wp-json\/wp\/v2\/media\/28771"}],"wp:attachment":[{"href":"https:\/\/hookahshop.lt\/et\/wp-json\/wp\/v2\/media?parent=28770"}],"curies":[{"name":"wp","href":"https:\/\/api.w.org\/{rel}","templated":true}]}}