{"id":28785,"date":"2021-10-25T18:06:29","date_gmt":"2021-10-25T15:06:29","guid":{"rendered":"https:\/\/hookahshop.lt\/?post_type=product&#038;p=28785"},"modified":"2026-04-15T23:29:00","modified_gmt":"2026-04-15T20:29:00","slug":"karscio-kamera-hoob-pyro-classic-2","status":"publish","type":"product","link":"https:\/\/hookahshop.lt\/et\/toode\/soojuskamber-hoob-pyro-classic-2\/","title":{"rendered":"Soojuskaamera Hoob Pyro Classic 2"},"content":{"rendered":"<h2>Soojuskaamera Hoob Pyro Classic 2<\/h2>\n<p>Kasutame tassil fooliumi asemel kuumakambrit<br \/>\nValmistatud kummikaitsega alumiiniumist<br \/>\nH\u00f5lpsustatud palaviku kontroll<br \/>\n(Sobib originaalsete \u00fcmarate tasside jaoks)<\/p>\n<p>Sarnaselt fooliumiga on ka Pyra Classic 2 Heat Chamber valmistatud alumiiniumist ja seet\u00f5ttu on sellel samad soojus\u00fclekande omadused. Kuumakambri servadele on paigaldatud kummist kaitse, mis kaitseb teid p\u00f5letuste eest.<br \/>\nIga kord, kui kasutate seda soojuskambrit, saate suurep\u00e4rase suitsetamiskvaliteedi ja maksimaalse naudingu.<\/p>\n<p>Kas teil on k\u00fcsimusi? v\u00f5ta meiega \u00fchendust <a href=\"https:\/\/hookahshop.lt\/et\/kontaktid\/\">kontaktide leht<\/a>\u00a0v\u00f5i saatke meile e-kiri aadressil\u00a0<a href=\"https:\/\/facebook.com\/HookahShop.lt\/\" target=\"_blank\" rel=\"noopener noreferrer\">Facebooki konto<\/a>\u00a0ja vastame teie taotlusele samal p\u00e4eval.<\/p>","protected":false},"excerpt":{"rendered":"<p>Kuumakamber Hoob Pyro Classic 2 Kuumakamber, mida kasutatakse tassil fooliumi asemel Valmistatud alumiiniumist kummikaitsega Lihtsustatud palavikukontroll (Sobib originaalsetele \u00fcmaratele tassidele) Sarnaselt fooliumiga on ka Pyra Classic 2 kuumuskamber valmistatud alumiiniumist ja seet\u00f5ttu on sellel sama kuumus \u00fclekandmise omadused. Kuumakambri servadele on paigaldatud kummist kaitse, mis kaitseb teid [\u2026]<\/p>","protected":false},"featured_media":28786,"comment_status":"open","ping_status":"closed","template":"","meta":[],"_links":{"self":[{"href":"https:\/\/hookahshop.lt\/et\/wp-json\/wp\/v2\/product\/28785"}],"collection":[{"href":"https:\/\/hookahshop.lt\/et\/wp-json\/wp\/v2\/product"}],"about":[{"href":"https:\/\/hookahshop.lt\/et\/wp-json\/wp\/v2\/types\/product"}],"replies":[{"embeddable":true,"href":"https:\/\/hookahshop.lt\/et\/wp-json\/wp\/v2\/comments?post=28785"}],"version-history":[{"count":5,"href":"https:\/\/hookahshop.lt\/et\/wp-json\/wp\/v2\/product\/28785\/revisions"}],"predecessor-version":[{"id":39338,"href":"https:\/\/hookahshop.lt\/et\/wp-json\/wp\/v2\/product\/28785\/revisions\/39338"}],"wp:featuredmedia":[{"embeddable":true,"href":"https:\/\/hookahshop.lt\/et\/wp-json\/wp\/v2\/media\/28786"}],"wp:attachment":[{"href":"https:\/\/hookahshop.lt\/et\/wp-json\/wp\/v2\/media?parent=28785"}],"curies":[{"name":"wp","href":"https:\/\/api.w.org\/{rel}","templated":true}]}}