{"id":29023,"date":"2021-11-02T18:09:46","date_gmt":"2021-11-02T16:09:46","guid":{"rendered":"https:\/\/hookahshop.lt\/?post_type=product&#038;p=29023"},"modified":"2026-04-07T23:29:23","modified_gmt":"2026-04-07T20:29:23","slug":"tarpine-kaljano-kolbai-v2-black","status":"publish","type":"product","link":"https:\/\/hookahshop.lt\/et\/toode\/tarpine-vesipiibu-kolb-v2-must\/","title":{"rendered":"Vesipiibu kolvi tihend V2 must"},"content":{"rendered":"<h2>Vesipiibu kolvi tihend V2 must<\/h2>\n<p>Ideaalne suurus, mis sobib enamiku vesipiipudega. Need ei libise ega kuku katte t\u00f5ttu maha. Kvaliteetne silikoon ja tootmine m\u00f5jutavad nende tihendite vastupidavust. Neid toodetakse klassikalises mustas v\u00e4rvitoonis, mis eemaldab kollasuse.<\/p>\n<p><strong>Spetsifikatsioonid:<\/strong><br \/>\nV\u00e4lisl\u00e4bim\u00f5\u00f5t: 40 mm<br \/>\nSisemine l\u00e4bim\u00f5\u00f5t: 34 mm<br \/>\nKaal: umbes 15 g.<\/p>\n<p>Kas teil on k\u00fcsimusi? v\u00f5ta meiega \u00fchendust\u00a0<a href=\"https:\/\/hookahshop.lt\/et\/kontaktid\/\">kontaktide leht<\/a>\u00a0v\u00f5i saatke meile e-kiri aadressil\u00a0<a href=\"https:\/\/facebook.com\/HookahShop.lt\/\" target=\"_blank\" rel=\"noopener noreferrer\">Facebooki konto<\/a>\u00a0ja vastame teie taotlusele samal p\u00e4eval.<\/p>","protected":false},"excerpt":{"rendered":"<p>Vesipiibu kolvi tihend V2 must Ideaalne suurus, mis sobib enamiku vesipiipudega. Need ei libise ega kuku pinnalt maha. Kvaliteetne silikoon ja tootmine m\u00f5jutavad nende tihendite pikaealisust. Neid toodetakse klassikalises mustas v\u00e4rvitoonis, mis eemaldab kollasuse. Tehnilised andmed: V\u00e4lisl\u00e4bim\u00f5\u00f5t: 40mm Sisemine l\u00e4bim\u00f5\u00f5t: 34mm Kaal: umbes 15 g. Kas teil on k\u00fcsimusi? V\u00f5tke meiega \u00fchendust kontaktide lehel v\u00f5i kirjutage meile Facebookis [\u2026]<\/p>","protected":false},"featured_media":29024,"comment_status":"open","ping_status":"closed","template":"","meta":[],"_links":{"self":[{"href":"https:\/\/hookahshop.lt\/et\/wp-json\/wp\/v2\/product\/29023"}],"collection":[{"href":"https:\/\/hookahshop.lt\/et\/wp-json\/wp\/v2\/product"}],"about":[{"href":"https:\/\/hookahshop.lt\/et\/wp-json\/wp\/v2\/types\/product"}],"replies":[{"embeddable":true,"href":"https:\/\/hookahshop.lt\/et\/wp-json\/wp\/v2\/comments?post=29023"}],"version-history":[{"count":3,"href":"https:\/\/hookahshop.lt\/et\/wp-json\/wp\/v2\/product\/29023\/revisions"}],"predecessor-version":[{"id":33389,"href":"https:\/\/hookahshop.lt\/et\/wp-json\/wp\/v2\/product\/29023\/revisions\/33389"}],"wp:featuredmedia":[{"embeddable":true,"href":"https:\/\/hookahshop.lt\/et\/wp-json\/wp\/v2\/media\/29024"}],"wp:attachment":[{"href":"https:\/\/hookahshop.lt\/et\/wp-json\/wp\/v2\/media?parent=29023"}],"curies":[{"name":"wp","href":"https:\/\/api.w.org\/{rel}","templated":true}]}}