{"id":29027,"date":"2021-11-02T18:21:06","date_gmt":"2021-11-02T16:21:06","guid":{"rendered":"https:\/\/hookahshop.lt\/?post_type=product&#038;p=29027"},"modified":"2026-04-21T23:29:45","modified_gmt":"2026-04-21T20:29:45","slug":"tarpine-kaljano-taurelei-v3-black","status":"publish","type":"product","link":"https:\/\/hookahshop.lt\/et\/toode\/tarpine-kaljano-taurelei-v3-must\/","title":{"rendered":"Vesipiibutopsi tihend V3 Must"},"content":{"rendered":"<h2>Vesipiibutopsi tihend V3 Must<\/h2>\n<p>See kinnitus aitab tassi kindlalt vesipiibu k\u00fclge kinnitada.<br \/>\nV\u00e4rvus must<\/p>\n<p>Kas teil on k\u00fcsimusi? v\u00f5ta meiega \u00fchendust\u00a0<a href=\"https:\/\/hookahshop.lt\/et\/kontaktid\/\">kontaktide leht<\/a>\u00a0v\u00f5i saatke meile e-kiri aadressil\u00a0<a href=\"https:\/\/facebook.com\/HookahShop.lt\/\" target=\"_blank\" rel=\"noopener noreferrer\">Facebooki konto<\/a>\u00a0ja vastame teie taotlusele samal p\u00e4eval.<\/p>","protected":false},"excerpt":{"rendered":"<p>Vesipiibutopsi tihend V3 Must See tarvik aitab tassi kindlalt vesipiibu k\u00fclge kinnitada. V\u00e4rv: must Kas teil on k\u00fcsimusi? V\u00f5tke meiega \u00fchendust kontaktide lehel v\u00f5i kirjutage meile oma Facebooki kontol ja vastame teie p\u00e4ringule samal p\u00e4eval.<\/p>","protected":false},"featured_media":29032,"comment_status":"open","ping_status":"closed","template":"","meta":[],"_links":{"self":[{"href":"https:\/\/hookahshop.lt\/et\/wp-json\/wp\/v2\/product\/29027"}],"collection":[{"href":"https:\/\/hookahshop.lt\/et\/wp-json\/wp\/v2\/product"}],"about":[{"href":"https:\/\/hookahshop.lt\/et\/wp-json\/wp\/v2\/types\/product"}],"replies":[{"embeddable":true,"href":"https:\/\/hookahshop.lt\/et\/wp-json\/wp\/v2\/comments?post=29027"}],"version-history":[{"count":3,"href":"https:\/\/hookahshop.lt\/et\/wp-json\/wp\/v2\/product\/29027\/revisions"}],"predecessor-version":[{"id":40231,"href":"https:\/\/hookahshop.lt\/et\/wp-json\/wp\/v2\/product\/29027\/revisions\/40231"}],"wp:featuredmedia":[{"embeddable":true,"href":"https:\/\/hookahshop.lt\/et\/wp-json\/wp\/v2\/media\/29032"}],"wp:attachment":[{"href":"https:\/\/hookahshop.lt\/et\/wp-json\/wp\/v2\/media?parent=29027"}],"curies":[{"name":"wp","href":"https:\/\/api.w.org\/{rel}","templated":true}]}}