{"id":29033,"date":"2021-11-02T18:53:15","date_gmt":"2021-11-02T16:53:15","guid":{"rendered":"https:\/\/hookahshop.lt\/?post_type=product&#038;p=29033"},"modified":"2026-04-18T23:29:11","modified_gmt":"2026-04-18T20:29:11","slug":"zarna-silikonine-v5-black","status":"publish","type":"product","link":"https:\/\/hookahshop.lt\/et\/toode\/silikoonvoolik-v5-black\/","title":{"rendered":"Vooliku silikoon V5 must"},"content":{"rendered":"<h2>Vooliku silikoon V5 must<\/h2>\n<p>Valmistatud meditsiinilisest silikoonist antistaatilise kattega &quot;Soft-Touch&quot; ja ei sisalda v\u00f5\u00f5raid l\u00f5hnu. Nende omadustega j\u00e4\u00e4b voolik paindlikuks.<br \/>\n<strong>Spetsifikatsioonid:<\/strong><br \/>\nPikkus: 1,50 m<br \/>\nV\u00e4lisl\u00e4bim\u00f5\u00f5t: 18 mm<br \/>\nVooliku sisel\u00e4bim\u00f5\u00f5t: 11 mm<br \/>\nKate: pehme pehme puudutus<br \/>\nKaal: umbes 150 g.<\/p>\n<p>Kas teil on k\u00fcsimusi? v\u00f5ta meiega \u00fchendust\u00a0<a href=\"https:\/\/hookahshop.lt\/et\/kontaktid\/\">kontaktide leht<\/a>\u00a0v\u00f5i saatke meile e-kiri aadressil\u00a0<a href=\"https:\/\/facebook.com\/HookahShop.lt\/\" target=\"_blank\" rel=\"noopener noreferrer\">Facebooki konto<\/a>\u00a0ja vastame teie taotlusele samal p\u00e4eval.<\/p>","protected":false},"excerpt":{"rendered":"<p>Silikoonvoolik V5 Must Valmistatud meditsiinilisest silikoonist antistaatilise kattega &quot;Soft-Touch&quot; ja v\u00f5\u00f5raste l\u00f5hnadeta. Nende omadustega j\u00e4\u00e4b voolik paindlikuks. Tehnilised andmed: Pikkus: 1,50 m V\u00e4lisl\u00e4bim\u00f5\u00f5t: 18mm Sisemine vooliku l\u00e4bim\u00f5\u00f5t: 11 mm Kate: pehme pehme puudutus Kaal: ca 150 g. Kas teil on k\u00fcsimusi? V\u00f5tke meiega \u00fchendust kontaktide lehel v\u00f5i kirjutage meile oma Facebooki kontol ja me vastame teie [\u2026]<\/p>","protected":false},"featured_media":29040,"comment_status":"open","ping_status":"closed","template":"","meta":[],"_links":{"self":[{"href":"https:\/\/hookahshop.lt\/et\/wp-json\/wp\/v2\/product\/29033"}],"collection":[{"href":"https:\/\/hookahshop.lt\/et\/wp-json\/wp\/v2\/product"}],"about":[{"href":"https:\/\/hookahshop.lt\/et\/wp-json\/wp\/v2\/types\/product"}],"replies":[{"embeddable":true,"href":"https:\/\/hookahshop.lt\/et\/wp-json\/wp\/v2\/comments?post=29033"}],"version-history":[{"count":7,"href":"https:\/\/hookahshop.lt\/et\/wp-json\/wp\/v2\/product\/29033\/revisions"}],"predecessor-version":[{"id":42216,"href":"https:\/\/hookahshop.lt\/et\/wp-json\/wp\/v2\/product\/29033\/revisions\/42216"}],"wp:featuredmedia":[{"embeddable":true,"href":"https:\/\/hookahshop.lt\/et\/wp-json\/wp\/v2\/media\/29040"}],"wp:attachment":[{"href":"https:\/\/hookahshop.lt\/et\/wp-json\/wp\/v2\/media?parent=29033"}],"curies":[{"name":"wp","href":"https:\/\/api.w.org\/{rel}","templated":true}]}}