{"id":29152,"date":"2021-11-15T21:42:59","date_gmt":"2021-11-15T19:42:59","guid":{"rendered":"https:\/\/hookahshop.lt\/?post_type=product&#038;p=29152"},"modified":"2026-04-20T23:29:00","modified_gmt":"2026-04-20T20:29:00","slug":"kaljanas-shadows-evolution","status":"publish","type":"product","link":"https:\/\/hookahshop.lt\/et\/toode\/vesipiip-varjud-evolutsioon\/","title":{"rendered":"Vesipiibu SHADOWS Evolution"},"content":{"rendered":"<h2>Vesipiibu SHADOWS Evolution<\/h2>\n<p>Stiilne ja funktsionaalne, mis on valmistatud roostevabast terasest, politsei- ja kaunistatud ning s\u00fcsinikust.<br \/>\nSelle s\u00fcsteemi v\u00e4\u00e4rtus seisneb selles, et vesipiibu plaati on igal ajal lihtne eemaldada ja sellelt kogunenud tuhk maha raputada.<\/p>\n<p><strong>Omadused:<\/strong><br \/>\nVesipiibu kaal: 1,56 kg<br \/>\nKonksu k\u00f5rgus: 500 mm.<br \/>\nV\u00f5lli l\u00e4bim\u00f5\u00f5t: alumine (11 mm), \u00fclemine (12 mm).<br \/>\nVarre materjal: roostevaba teras AISI 304.<br \/>\nAlusmaterjal: pol\u00fcatsetaal.<br \/>\nVooliku pistik: magnetiline.<br \/>\nHajuti: eemaldatav, keermestatud, roostevaba teras.<br \/>\nSuuosa: roostevaba teras ja s\u00fcsiniku imitatsioon.<br \/>\nHuuliku pikkus: 330 mm.<br \/>\nVoolik: pehme puudutus.<br \/>\nVooliku pikkus: 1500 mm.<\/p>\n<p><strong>Varustus:<\/strong><br \/>\nV\u00f5ll, plaat, huulik, silikoonvoolik, difuusor, vooliku\u00fchendus, vahevedru.<\/p>\n<p><img decoding=\"async\" loading=\"lazy\" class=\"alignnone size-medium wp-image-38521\" src=\"https:\/\/hookahshop.lt\/wp-content\/uploads\/2020\/09\/stiebas-zarna-kandiklis-1-300x273.jpg\" alt=\"- hookahshop.lt\" width=\"300\" height=\"273\" srcset=\"https:\/\/hookahshop.lt\/wp-content\/uploads\/2020\/09\/stiebas-zarna-kandiklis-1-300x273.jpg 300w, https:\/\/hookahshop.lt\/wp-content\/uploads\/2020\/09\/stiebas-zarna-kandiklis-1-13x12.jpg 13w, https:\/\/hookahshop.lt\/wp-content\/uploads\/2020\/09\/stiebas-zarna-kandiklis-1-64x58.jpg 64w, https:\/\/hookahshop.lt\/wp-content\/uploads\/2020\/09\/stiebas-zarna-kandiklis-1.jpg 420w\" sizes=\"(max-width: 300px) 100vw, 300px\" title=\"\"><\/p>\n<p>Kas teil on k\u00fcsimusi? v\u00f5ta meiega \u00fchendust\u00a0<a href=\"https:\/\/hookahshop.lt\/et\/kontaktid\/\">kontaktide leht<\/a>\u00a0v\u00f5i saatke meile e-kiri aadressil\u00a0<a href=\"https:\/\/facebook.com\/HookahShop.lt\/\" target=\"_blank\" rel=\"noopener noreferrer\">Facebooki konto<\/a>\u00a0ja vastame teie taotlusele samal p\u00e4eval.<\/p>\n<p>&nbsp;<\/p>","protected":false},"excerpt":{"rendered":"<p>Vesipiibu SHADOWS Evolution Stiilne ja funktsionaalne, mis on valmistatud roostevabast terasest, pol\u00fckarbonaadist ja dekoratsioonidest ning s\u00fcsinikust Selle tootja vesipiibu unikaalsus on plaadi \u00fchendus, mis kinnitatakse vesipiibu varre (varre) k\u00fclge. magnet. Selle s\u00fcsteemi v\u00e4\u00e4rtus seisneb v\u00f5imaluses vesipiibuplaati igal ajal h\u00f5lpsalt eemaldada ja kogunenud tuhka maha raputada. Omadused: Vesipiibu kaal: 1,56kg Vesipiibu k\u00f5rgus: 500 mm. [\u2026]<\/p>","protected":false},"featured_media":29154,"comment_status":"open","ping_status":"closed","template":"","meta":[],"_links":{"self":[{"href":"https:\/\/hookahshop.lt\/et\/wp-json\/wp\/v2\/product\/29152"}],"collection":[{"href":"https:\/\/hookahshop.lt\/et\/wp-json\/wp\/v2\/product"}],"about":[{"href":"https:\/\/hookahshop.lt\/et\/wp-json\/wp\/v2\/types\/product"}],"replies":[{"embeddable":true,"href":"https:\/\/hookahshop.lt\/et\/wp-json\/wp\/v2\/comments?post=29152"}],"version-history":[{"count":6,"href":"https:\/\/hookahshop.lt\/et\/wp-json\/wp\/v2\/product\/29152\/revisions"}],"predecessor-version":[{"id":30417,"href":"https:\/\/hookahshop.lt\/et\/wp-json\/wp\/v2\/product\/29152\/revisions\/30417"}],"wp:featuredmedia":[{"embeddable":true,"href":"https:\/\/hookahshop.lt\/et\/wp-json\/wp\/v2\/media\/29154"}],"wp:attachment":[{"href":"https:\/\/hookahshop.lt\/et\/wp-json\/wp\/v2\/media?parent=29152"}],"curies":[{"name":"wp","href":"https:\/\/api.w.org\/{rel}","templated":true}]}}