{"id":29168,"date":"2021-11-17T15:36:24","date_gmt":"2021-11-17T13:36:24","guid":{"rendered":"https:\/\/hookahshop.lt\/?post_type=product&#038;p=29168"},"modified":"2026-04-17T16:32:49","modified_gmt":"2026-04-17T13:32:49","slug":"dovanu-deze-s-juoda","status":"publish","type":"product","link":"https:\/\/hookahshop.lt\/et\/toode\/kingitus-deze-s-must\/","title":{"rendered":"Kinkekarp S Must"},"content":{"rendered":"<h2>Kinkekarp S Must<\/h2>\n<p>Kiirelt sulguv karp on valmistatud 1,3 mm paksusest mikrolainepapist. Spetsiaalne konstruktsioon tagab karbi kiire kokkupanemise ja sulgemise, esemete turvalise transportimise ning sobib suurep\u00e4raselt kingituste pakkimiseks.<\/p>\n<p><strong>Omadused:<\/strong><br \/>\nM\u00f5\u00f5dud: 35 x 20 x 9 cm<br \/>\nV\u00e4rvus must<\/p>\n<p><strong>LISAKS: kingituse valikul on v\u00f5imalus juurde osta paberilaastud v\u00f5i siidipaber ning kaunistuseks pael ja pael.\u00a0<\/strong><\/p>\n<p>Kas teil on k\u00fcsimusi? v\u00f5ta meiega \u00fchendust\u00a0<a href=\"https:\/\/hookahshop.lt\/et\/kontaktid\/\">kontaktide leht<\/a>\u00a0v\u00f5i saatke meile e-kiri aadressil\u00a0<a href=\"https:\/\/facebook.com\/HookahShop.lt\/\" target=\"_blank\" rel=\"noopener noreferrer\">Facebooki konto<\/a>\u00a0ja vastame teie taotlusele samal p\u00e4eval.<\/p>","protected":false},"excerpt":{"rendered":"<p>Kinkekarp S Must Kiirelt sulguv karp 1,3 mm paksusest mikrolainepapist. Spetsiaalne konstruktsioon tagab karbi kiire kokkupanemise ja sulgemise, esemete turvalise transportimise ning sobib suurep\u00e4raselt kingituste pakkimiseks. Omadused: M\u00f5\u00f5dud: 35 x 20 x 9 cm V\u00e4rvus: must LISA: kingitust valides on v\u00f5imalik juurde osta - paberit\u00fckke v\u00f5i siidipaberit, samuti kaunistust [\u2026]<\/p>","protected":false},"featured_media":29169,"comment_status":"open","ping_status":"closed","template":"","meta":[],"_links":{"self":[{"href":"https:\/\/hookahshop.lt\/et\/wp-json\/wp\/v2\/product\/29168"}],"collection":[{"href":"https:\/\/hookahshop.lt\/et\/wp-json\/wp\/v2\/product"}],"about":[{"href":"https:\/\/hookahshop.lt\/et\/wp-json\/wp\/v2\/types\/product"}],"replies":[{"embeddable":true,"href":"https:\/\/hookahshop.lt\/et\/wp-json\/wp\/v2\/comments?post=29168"}],"version-history":[{"count":4,"href":"https:\/\/hookahshop.lt\/et\/wp-json\/wp\/v2\/product\/29168\/revisions"}],"predecessor-version":[{"id":32741,"href":"https:\/\/hookahshop.lt\/et\/wp-json\/wp\/v2\/product\/29168\/revisions\/32741"}],"wp:featuredmedia":[{"embeddable":true,"href":"https:\/\/hookahshop.lt\/et\/wp-json\/wp\/v2\/media\/29169"}],"wp:attachment":[{"href":"https:\/\/hookahshop.lt\/et\/wp-json\/wp\/v2\/media?parent=29168"}],"curies":[{"name":"wp","href":"https:\/\/api.w.org\/{rel}","templated":true}]}}