{"id":29174,"date":"2021-11-17T16:02:00","date_gmt":"2021-11-17T14:02:00","guid":{"rendered":"https:\/\/hookahshop.lt\/?post_type=product&#038;p=29174"},"modified":"2026-04-14T23:28:40","modified_gmt":"2026-04-14T20:28:40","slug":"dovanu-deze-magneto-m-juoda","status":"publish","type":"product","link":"https:\/\/hookahshop.lt\/et\/toode\/kingitus-deze-magneto-m-must\/","title":{"rendered":"Kinkekarp MAGNETO M Must"},"content":{"rendered":"<h2>Kinkekarp MAGNETO M Must<\/h2>\n<p>Magnetiline, \u00fclitugevast papist kiirelt kokkupandav kinkekarp. Karp on suletud integreeritud magnetitega. Spetsiaalne konstruktsioon tagab karbi kiire kokkupanemise ja sulgemise, esemete turvalise transportimise ning sobib suurep\u00e4raselt kingituste pakkimiseks.<\/p>\n<p><strong>Omadused:<\/strong><br \/>\nM\u00f5\u00f5dud: 22 x 22 x 10 cm<br \/>\nV\u00e4rvus must<\/p>\n<p><strong>LISAKS: kingituse valikul on v\u00f5imalus juurde osta paberilaastud v\u00f5i siidipaber ning kaunistuseks pael ja pael.\u00a0<\/strong><\/p>\n<p>Kas teil on k\u00fcsimusi? v\u00f5ta meiega \u00fchendust\u00a0<a href=\"https:\/\/hookahshop.lt\/et\/kontaktid\/\">kontaktide leht<\/a>\u00a0v\u00f5i saatke meile e-kiri aadressil\u00a0<a href=\"https:\/\/facebook.com\/HookahShop.lt\/\" target=\"_blank\" rel=\"noopener noreferrer\">Facebooki konto<\/a>\u00a0ja vastame teie taotlusele samal p\u00e4eval.<\/p>","protected":false},"excerpt":{"rendered":"<p>Kinkekarp MAGNETO M Must Magnetiline, \u00fclitugevast papist kiirelt kokkupandav kinkekarp. Karp on suletud integreeritud magnetitega. Spetsiaalne konstruktsioon tagab karbi kiire kokkupanemise ja sulgemise, esemete turvalise transportimise ning sobib suurep\u00e4raselt kingituste pakkimiseks. Omadused: M\u00f5\u00f5dud: 22 x 22 x 10 cm V\u00e4rvus: must LISA: kingitust valides on v\u00f5imalik juurde osta - paberilaastud [\u2026]<\/p>","protected":false},"featured_media":29175,"comment_status":"open","ping_status":"closed","template":"","meta":[],"_links":{"self":[{"href":"https:\/\/hookahshop.lt\/et\/wp-json\/wp\/v2\/product\/29174"}],"collection":[{"href":"https:\/\/hookahshop.lt\/et\/wp-json\/wp\/v2\/product"}],"about":[{"href":"https:\/\/hookahshop.lt\/et\/wp-json\/wp\/v2\/types\/product"}],"replies":[{"embeddable":true,"href":"https:\/\/hookahshop.lt\/et\/wp-json\/wp\/v2\/comments?post=29174"}],"version-history":[{"count":3,"href":"https:\/\/hookahshop.lt\/et\/wp-json\/wp\/v2\/product\/29174\/revisions"}],"predecessor-version":[{"id":29178,"href":"https:\/\/hookahshop.lt\/et\/wp-json\/wp\/v2\/product\/29174\/revisions\/29178"}],"wp:featuredmedia":[{"embeddable":true,"href":"https:\/\/hookahshop.lt\/et\/wp-json\/wp\/v2\/media\/29175"}],"wp:attachment":[{"href":"https:\/\/hookahshop.lt\/et\/wp-json\/wp\/v2\/media?parent=29174"}],"curies":[{"name":"wp","href":"https:\/\/api.w.org\/{rel}","templated":true}]}}