{"id":29189,"date":"2021-11-17T18:12:00","date_gmt":"2021-11-17T16:12:00","guid":{"rendered":"https:\/\/hookahshop.lt\/?post_type=product&#038;p=29189"},"modified":"2026-05-13T23:28:48","modified_gmt":"2026-05-13T20:28:48","slug":"dovanu-popierius-silkas-juodas","status":"publish","type":"product","link":"https:\/\/hookahshop.lt\/et\/toode\/kingitus-paber-siid-must\/","title":{"rendered":"Kinkepakk SILK Must"},"content":{"rendered":"<h2>Kinkepakk SILK Must<\/h2>\n<p>Siidipaber kingituste pakkimiseks on stiilne valik. Olenevalt valitud kingitusest on v\u00f5imalus pakkida kingitus paberisse v\u00f5i panna paber koos kingitusega karpi. Sellesse paberisse pakitud esemed n\u00e4evad uskumatult ilusad ja luksuslikud v\u00e4lja.<\/p>\n<p><strong>Omadused:<\/strong><br \/>\nV\u00e4rvus must<br \/>\nLehe suurus: 50 x 76 cm, 21 g \/ m\u00b2<br \/>\nNiiskuskindel, ei v\u00e4rvi.<\/p>\n<p>Kas teil on k\u00fcsimusi? v\u00f5ta meiega \u00fchendust\u00a0<a href=\"https:\/\/hookahshop.lt\/et\/kontaktid\/\">kontaktide leht<\/a>\u00a0v\u00f5i saatke meile e-kiri aadressil\u00a0<a href=\"https:\/\/facebook.com\/HookahShop.lt\/\" target=\"_blank\" rel=\"noopener noreferrer\">Facebooki konto<\/a>\u00a0ja vastame teie taotlusele samal p\u00e4eval.<\/p>","protected":false},"excerpt":{"rendered":"<p>Kingipaber SILK Must Siid kinkepaber - stiilne valik. Olenevalt valitud kingitusest on v\u00f5imalus pakkida kingitus paberisse v\u00f5i panna paber koos kingitusega karpi. Sellesse paberisse pakitud esemed n\u00e4evad uskumatult ilusad ja luksuslikud v\u00e4lja. Omadused: V\u00e4rvus: must Lehe suurus: 50 x 76 cm, 21 g \/ m\u00b2 Niiskuskindel, v\u00e4rvimata. Kas teil on k\u00fcsimusi? V\u00f5tke \u00fchendust [\u2026]<\/p>","protected":false},"featured_media":29192,"comment_status":"open","ping_status":"closed","template":"","meta":[],"_links":{"self":[{"href":"https:\/\/hookahshop.lt\/et\/wp-json\/wp\/v2\/product\/29189"}],"collection":[{"href":"https:\/\/hookahshop.lt\/et\/wp-json\/wp\/v2\/product"}],"about":[{"href":"https:\/\/hookahshop.lt\/et\/wp-json\/wp\/v2\/types\/product"}],"replies":[{"embeddable":true,"href":"https:\/\/hookahshop.lt\/et\/wp-json\/wp\/v2\/comments?post=29189"}],"version-history":[{"count":6,"href":"https:\/\/hookahshop.lt\/et\/wp-json\/wp\/v2\/product\/29189\/revisions"}],"predecessor-version":[{"id":44740,"href":"https:\/\/hookahshop.lt\/et\/wp-json\/wp\/v2\/product\/29189\/revisions\/44740"}],"wp:featuredmedia":[{"embeddable":true,"href":"https:\/\/hookahshop.lt\/et\/wp-json\/wp\/v2\/media\/29192"}],"wp:attachment":[{"href":"https:\/\/hookahshop.lt\/et\/wp-json\/wp\/v2\/media?parent=29189"}],"curies":[{"name":"wp","href":"https:\/\/api.w.org\/{rel}","templated":true}]}}