{"id":29207,"date":"2021-11-17T20:57:25","date_gmt":"2021-11-17T18:57:25","guid":{"rendered":"https:\/\/hookahshop.lt\/?post_type=product&#038;p=29207"},"modified":"2026-04-19T23:28:49","modified_gmt":"2026-04-19T20:28:49","slug":"juostele-rafia-ivairiu-spalvu","status":"publish","type":"product","link":"https:\/\/hookahshop.lt\/et\/toode\/triip-raffia-erinevad-varvid\/","title":{"rendered":"Lint RAFIA Erinevad v\u00e4rvid"},"content":{"rendered":"<h2>Lint RAFIA Erinevad v\u00e4rvid<\/h2>\n<p>Valmistatud looduslikust raffia kiust. Sobib suurep\u00e4raselt erinevateks k\u00f6itmiseks ja kingituste pakkimiseks. Selle paelaga seotud kingitused n\u00e4evad oma pehmete toonide ja loomuliku v\u00e4limuse t\u00f5ttu v\u00e4lja \u00e4\u00e4rmiselt esinduslikud ja kaunid.<\/p>\n<p><strong>Omadused:<\/strong><br \/>\nV\u00e4rvid: must, h\u00f5be, pronks.<br \/>\nPikkus: 1m<br \/>\nLaius: 0,5 cm<\/p>\n<p><strong>M\u00c4RKUS: M\u00e4rkige tellimuses soovitud v\u00e4rv.<\/strong><\/p>\n<p>Kas teil on k\u00fcsimusi? v\u00f5ta meiega \u00fchendust\u00a0<a href=\"https:\/\/hookahshop.lt\/et\/kontaktid\/\">kontaktide leht<\/a>\u00a0v\u00f5i saatke meile e-kiri aadressil\u00a0<a href=\"https:\/\/facebook.com\/HookahShop.lt\/\" target=\"_blank\" rel=\"noopener noreferrer\">Facebooki konto<\/a>\u00a0ja vastame teie taotlusele samal p\u00e4eval.<\/p>\n<p>&nbsp;<\/p>","protected":false},"excerpt":{"rendered":"<p>RAFIA lint Erinevad v\u00e4rvid Valmistatud looduslikust raffia kiust. Sobib suurep\u00e4raselt erinevateks k\u00f6itmiseks ja kingituste pakkimiseks. Selle paelaga seotud kingitused n\u00e4evad oma pehmete toonide ja loomuliku v\u00e4limuse t\u00f5ttu v\u00e4lja \u00e4\u00e4rmiselt esinduslikud ja kaunid. Omadused: V\u00e4rvid: must, h\u00f5bedane, pronks. Pikkus: 1m Laius: 0,5cm M\u00c4RKUS: Tellimuses m\u00e4rkige soovitud v\u00e4rv. Kas teil on k\u00fcsimusi? V\u00f5tke meiega \u00fchendust kontaktide lehel v\u00f5i kirjutage meile oma Facebooki kontol ja [\u2026]<\/p>","protected":false},"featured_media":29209,"comment_status":"open","ping_status":"closed","template":"","meta":[],"_links":{"self":[{"href":"https:\/\/hookahshop.lt\/et\/wp-json\/wp\/v2\/product\/29207"}],"collection":[{"href":"https:\/\/hookahshop.lt\/et\/wp-json\/wp\/v2\/product"}],"about":[{"href":"https:\/\/hookahshop.lt\/et\/wp-json\/wp\/v2\/types\/product"}],"replies":[{"embeddable":true,"href":"https:\/\/hookahshop.lt\/et\/wp-json\/wp\/v2\/comments?post=29207"}],"version-history":[{"count":4,"href":"https:\/\/hookahshop.lt\/et\/wp-json\/wp\/v2\/product\/29207\/revisions"}],"predecessor-version":[{"id":33279,"href":"https:\/\/hookahshop.lt\/et\/wp-json\/wp\/v2\/product\/29207\/revisions\/33279"}],"wp:featuredmedia":[{"embeddable":true,"href":"https:\/\/hookahshop.lt\/et\/wp-json\/wp\/v2\/media\/29209"}],"wp:attachment":[{"href":"https:\/\/hookahshop.lt\/et\/wp-json\/wp\/v2\/media?parent=29207"}],"curies":[{"name":"wp","href":"https:\/\/api.w.org\/{rel}","templated":true}]}}