{"id":29214,"date":"2021-11-17T21:22:18","date_gmt":"2021-11-17T19:22:18","guid":{"rendered":"https:\/\/hookahshop.lt\/?post_type=product&#038;p=29214"},"modified":"2026-04-14T23:28:41","modified_gmt":"2026-04-14T20:28:41","slug":"juostele-dekoratyvine-ivairiu-spalvu","status":"publish","type":"product","link":"https:\/\/hookahshop.lt\/et\/toode\/pael-dekoratiiv-erinevad-varvid\/","title":{"rendered":"Dekoratiivpael Erinevad v\u00e4rvid"},"content":{"rendered":"<h2>Dekoratiivpael Erinevad v\u00e4rvid<\/h2>\n<p>Kingituste pakkimiseks ja kaunistamiseks.<\/p>\n<p><strong>Omadused:<\/strong><br \/>\nV\u00e4rvid: punane, punane-kuldne, kuldne.<br \/>\nPikkus: 1m<br \/>\nLaius: 1 cm<\/p>\n<p><strong>M\u00c4RKUS: M\u00e4rkige tellimuses soovitud v\u00e4rv.<\/strong><\/p>\n<p>Kas teil on k\u00fcsimusi? v\u00f5ta meiega \u00fchendust\u00a0<a href=\"https:\/\/hookahshop.lt\/et\/kontaktid\/\">kontaktide leht<\/a>\u00a0v\u00f5i saatke meile e-kiri aadressil\u00a0<a href=\"https:\/\/facebook.com\/HookahShop.lt\/\" target=\"_blank\" rel=\"noopener noreferrer\">Facebooki konto<\/a>\u00a0ja vastame teie taotlusele samal p\u00e4eval.<\/p>\n<p>&nbsp;<\/p>","protected":false},"excerpt":{"rendered":"<p>Dekoratiivpael Erinevad v\u00e4rvid Kingituste pakkimiseks ja kaunistamiseks. Omadused: V\u00e4rvid: punane, punane-kuldne, kuldne. Pikkus: 1m Laius: 1cm M\u00c4RKUS: Tellimuses m\u00e4rkige soovitud v\u00e4rv. Kas teil on k\u00fcsimusi? V\u00f5tke meiega \u00fchendust kontaktide lehel v\u00f5i kirjutage meile oma Facebooki kontol ja vastame teie p\u00e4ringule samal p\u00e4eval. &nbsp;<\/p>","protected":false},"featured_media":29215,"comment_status":"open","ping_status":"closed","template":"","meta":[],"_links":{"self":[{"href":"https:\/\/hookahshop.lt\/et\/wp-json\/wp\/v2\/product\/29214"}],"collection":[{"href":"https:\/\/hookahshop.lt\/et\/wp-json\/wp\/v2\/product"}],"about":[{"href":"https:\/\/hookahshop.lt\/et\/wp-json\/wp\/v2\/types\/product"}],"replies":[{"embeddable":true,"href":"https:\/\/hookahshop.lt\/et\/wp-json\/wp\/v2\/comments?post=29214"}],"version-history":[{"count":3,"href":"https:\/\/hookahshop.lt\/et\/wp-json\/wp\/v2\/product\/29214\/revisions"}],"predecessor-version":[{"id":33280,"href":"https:\/\/hookahshop.lt\/et\/wp-json\/wp\/v2\/product\/29214\/revisions\/33280"}],"wp:featuredmedia":[{"embeddable":true,"href":"https:\/\/hookahshop.lt\/et\/wp-json\/wp\/v2\/media\/29215"}],"wp:attachment":[{"href":"https:\/\/hookahshop.lt\/et\/wp-json\/wp\/v2\/media?parent=29214"}],"curies":[{"name":"wp","href":"https:\/\/api.w.org\/{rel}","templated":true}]}}