{"id":29616,"date":"2021-11-29T16:56:05","date_gmt":"2021-11-29T14:56:05","guid":{"rendered":"https:\/\/hookahshop.lt\/?post_type=product&#038;p=29616"},"modified":"2026-04-16T10:20:45","modified_gmt":"2026-04-16T07:20:45","slug":"dovanu-pakavimas-kaljanas-dovana","status":"publish","type":"product","link":"https:\/\/hookahshop.lt\/et\/toode\/kingitus-pakendamine-vesipiip-kingitus\/","title":{"rendered":"Kingituste pakkimine"},"content":{"rendered":"<h2>Kingituste pakkimine - Teie ostetud kauba kinkepakendamise eest hoolitseme meie!<\/h2>\n<p>Sinu kaup pannakse kingikotti v\u00f5i pakitakse kinkepakendisse.<br \/>\nIga tellitav kaup pakitakse kingituseks eraldi.<\/p>\n<p><em>* Pakendi v\u00e4rv ja kujundus valitakse juhuslikult.<\/em><br \/>\n<em>* Et toode saaks pakendatud tellitud kasti, kirjuta tellimuse vormistamisel kommentaar.<\/em><\/p>\n<p><em><strong>LISAKS: kingituse valikul on v\u00f5imalus juurde osta paberilaastud v\u00f5i siidipaber ning kaunistuseks pael ja pael.\u00a0<\/strong><\/em><\/p>\n<p>Kas teil on k\u00fcsimusi? v\u00f5ta meiega \u00fchendust\u00a0<a href=\"https:\/\/hookahshop.lt\/et\/kontaktid\/\">kontaktide leht<\/a>\u00a0v\u00f5i saatke meile e-kiri aadressil\u00a0<a href=\"https:\/\/facebook.com\/HookahShop.lt\/\" target=\"_blank\" rel=\"noopener noreferrer\">Facebooki konto<\/a>\u00a0ja vastame teie taotlusele samal p\u00e4eval.<\/p>","protected":false},"excerpt":{"rendered":"<p>Kingituste pakkimine - Meie hoolitseme teie ostetud toote kingituse pakkimise eest! Sinu kaup pannakse kingikotti v\u00f5i pakitakse kinkepakendisse. Iga tellitav ese pakitakse kingituseks eraldi. * Pakendi v\u00e4rv ja kujundus valitakse juhuslikult. * Et toode saaks pakendatud tellitud kasti, kirjuta tellimuse vormistamisel kommentaar. LISA: kingitust valides on v\u00f5imalik juurde osta [\u2026]<\/p>","protected":false},"featured_media":29619,"comment_status":"open","ping_status":"closed","template":"","meta":[],"_links":{"self":[{"href":"https:\/\/hookahshop.lt\/et\/wp-json\/wp\/v2\/product\/29616"}],"collection":[{"href":"https:\/\/hookahshop.lt\/et\/wp-json\/wp\/v2\/product"}],"about":[{"href":"https:\/\/hookahshop.lt\/et\/wp-json\/wp\/v2\/types\/product"}],"replies":[{"embeddable":true,"href":"https:\/\/hookahshop.lt\/et\/wp-json\/wp\/v2\/comments?post=29616"}],"version-history":[{"count":7,"href":"https:\/\/hookahshop.lt\/et\/wp-json\/wp\/v2\/product\/29616\/revisions"}],"predecessor-version":[{"id":44857,"href":"https:\/\/hookahshop.lt\/et\/wp-json\/wp\/v2\/product\/29616\/revisions\/44857"}],"wp:featuredmedia":[{"embeddable":true,"href":"https:\/\/hookahshop.lt\/et\/wp-json\/wp\/v2\/media\/29619"}],"wp:attachment":[{"href":"https:\/\/hookahshop.lt\/et\/wp-json\/wp\/v2\/media?parent=29616"}],"curies":[{"name":"wp","href":"https:\/\/api.w.org\/{rel}","templated":true}]}}