{"id":29836,"date":"2021-12-06T22:33:55","date_gmt":"2021-12-06T20:33:55","guid":{"rendered":"https:\/\/hookahshop.lt\/?post_type=product&#038;p=29836"},"modified":"2026-04-10T23:29:27","modified_gmt":"2026-04-10T20:29:27","slug":"kolba-kaljanui-bigmaks-rainbow-gray-shine","status":"publish","type":"product","link":"https:\/\/hookahshop.lt\/et\/toode\/kolb-kaljanui-bigmax-vikerkaar-hall-sara\/","title":{"rendered":"Vesipiibu kolb BIGMAKS Rainbow Grey Shine"},"content":{"rendered":"<h2>Vesipiibu kolb BIGMAKS Rainbow Grey Shine<\/h2>\n<p>Kolb on p\u00fcramiidi kujuline, mis on \u00fcks populaarsemaid. BIGMAKS Rainbow Grey Shine kolb on kauni vikerkaare tooniga, l\u00e4bipaistev hall ja h\u00e4sti n\u00e4htava veetasemega.<\/p>\n<p><strong><span title=\"\">Spetsifikatsioonid:<\/span><\/strong><br \/>\nK\u00f5rgus: ~ 258 mm<br \/>\nKaal: ~ 1790 g<br \/>\nKaela sisel\u00e4bim\u00f5\u00f5t: umbes 71 mm<br \/>\nKaela v\u00e4lisl\u00e4bim\u00f5\u00f5t: umbes 47 mm<br \/>\nMaterjal: klaas<\/p>\n<p>Kas teil on k\u00fcsimusi? v\u00f5ta meiega \u00fchendust\u00a0<a href=\"https:\/\/hookahshop.lt\/et\/kontaktid\/\">kontaktide leht<\/a>\u00a0v\u00f5i saatke meile e-kiri aadressil\u00a0<a href=\"https:\/\/facebook.com\/HookahShop.lt\/\" target=\"_blank\" rel=\"noopener noreferrer\">Facebooki konto<\/a>\u00a0ja vastame teie taotlusele samal p\u00e4eval.<\/p>\n<p>&nbsp;<\/p>","protected":false},"excerpt":{"rendered":"<p>Vesipiibu kolb BIGMAKS Rainbow Grey Shine Kolb on p\u00fcramiidi kujuline, mis on \u00fcks populaarsemaid. BIGMAKS Rainbow Grey Shine kolb on kauni vikerkaare tooniga, l\u00e4bipaistev hall ja h\u00e4sti n\u00e4htava veetasemega. Tehnilised andmed: K\u00f5rgus: ~ 258 mm Kaal: ~ 1790 g Kaela sisel\u00e4bim\u00f5\u00f5t: umbes 71 mm Kaela v\u00e4lisl\u00e4bim\u00f5\u00f5t: umbes 47 mm Materjal: klaas Teil on [\u2026]<\/p>","protected":false},"featured_media":29843,"comment_status":"open","ping_status":"closed","template":"","meta":[],"_links":{"self":[{"href":"https:\/\/hookahshop.lt\/et\/wp-json\/wp\/v2\/product\/29836"}],"collection":[{"href":"https:\/\/hookahshop.lt\/et\/wp-json\/wp\/v2\/product"}],"about":[{"href":"https:\/\/hookahshop.lt\/et\/wp-json\/wp\/v2\/types\/product"}],"replies":[{"embeddable":true,"href":"https:\/\/hookahshop.lt\/et\/wp-json\/wp\/v2\/comments?post=29836"}],"version-history":[{"count":5,"href":"https:\/\/hookahshop.lt\/et\/wp-json\/wp\/v2\/product\/29836\/revisions"}],"predecessor-version":[{"id":43072,"href":"https:\/\/hookahshop.lt\/et\/wp-json\/wp\/v2\/product\/29836\/revisions\/43072"}],"wp:featuredmedia":[{"embeddable":true,"href":"https:\/\/hookahshop.lt\/et\/wp-json\/wp\/v2\/media\/29843"}],"wp:attachment":[{"href":"https:\/\/hookahshop.lt\/et\/wp-json\/wp\/v2\/media?parent=29836"}],"curies":[{"name":"wp","href":"https:\/\/api.w.org\/{rel}","templated":true}]}}