{"id":29907,"date":"2021-12-09T11:37:38","date_gmt":"2021-12-09T09:37:38","guid":{"rendered":"https:\/\/hookahshop.lt\/?post_type=product&#038;p=29907"},"modified":"2026-04-26T23:29:47","modified_gmt":"2026-04-26T20:29:47","slug":"kaljanas-ykap-killer-classic-blue","status":"publish","type":"product","link":"https:\/\/hookahshop.lt\/et\/toode\/kaljanas-ykap-killer-classic-blue\/","title":{"rendered":"Vesipiip YKAP Killer Classic Blue"},"content":{"rendered":"<h2>Vesipiip YKAP Killer Classic Blue<\/h2>\n<p>Uus vesipiip &quot;YKAP Classic Blue&quot; tuntud Venemaalt p\u00e4rit tootjalt - YKAP. See on v\u00e4ikese suurusega ja kvaliteetne vesipiip, mis tagab meeldiva seansi. Vesipiibu valmistamisel on kasutatud k\u00f5rgeima kvaliteediga materjale, mis tagavad vesipiibu pika kasutusea. Klassikaline vesipiip.<\/p>\n<p><strong>Varustus:<\/strong><br \/>\nVesipiip (minu)<br \/>\nPuitdetailidega roostevaba teras.<br \/>\nSilikoonvoolik (O-r\u00f5ngas)<\/p>\n<p><img decoding=\"async\" loading=\"lazy\" class=\"alignnone size-medium wp-image-38521\" src=\"https:\/\/hookahshop.lt\/wp-content\/uploads\/2020\/09\/stiebas-zarna-kandiklis-1-300x273.jpg\" alt=\"- hookahshop.lt\" width=\"300\" height=\"273\" srcset=\"https:\/\/hookahshop.lt\/wp-content\/uploads\/2020\/09\/stiebas-zarna-kandiklis-1-300x273.jpg 300w, https:\/\/hookahshop.lt\/wp-content\/uploads\/2020\/09\/stiebas-zarna-kandiklis-1-13x12.jpg 13w, https:\/\/hookahshop.lt\/wp-content\/uploads\/2020\/09\/stiebas-zarna-kandiklis-1-64x58.jpg 64w, https:\/\/hookahshop.lt\/wp-content\/uploads\/2020\/09\/stiebas-zarna-kandiklis-1.jpg 420w\" sizes=\"(max-width: 300px) 100vw, 300px\" title=\"\"><\/p>\n<p><strong>Spetsifikatsioon:<\/strong><br \/>\nK\u00f5rgus: 54 cm<br \/>\nP\u00e4ritoluriik: Venemaa<\/p>\n<p>Kas teil on k\u00fcsimusi? v\u00f5ta meiega \u00fchendust <a href=\"https:\/\/hookahshop.lt\/et\/kontaktid\/\">kontaktide leht<\/a>\u00a0v\u00f5i saatke meile e-kiri aadressil\u00a0<a href=\"https:\/\/facebook.com\/HookahShop.lt\/\" target=\"_blank\" rel=\"noopener noreferrer\">Facebooki konto<\/a>\u00a0ja vastame teie taotlusele samal p\u00e4eval.<\/p>","protected":false},"excerpt":{"rendered":"<p>Vesipiip YKAP Killer Classic Blue Uus vesipiip &quot;YKAP Classic Blue&quot; tuntud Venemaalt p\u00e4rit tootjalt - YKAP. See on v\u00e4ikese suurusega ja kvaliteetne vesipiip, mis tagab meeldiva seansi. Vesipiibu valmistamisel on kasutatud k\u00f5rgeima kvaliteediga materjale, mis tagavad vesipiibu pika kasutusea. Klassikaline vesipiip. T\u00e4ielik komplekt: Vesipiip (vars) Puitdetailidega roostevaba teras. Silikoonvooliku (O-r\u00f5ngas) spetsifikatsioon: k\u00f5rgus: [\u2026]<\/p>","protected":false},"featured_media":29960,"comment_status":"open","ping_status":"closed","template":"","meta":[],"_links":{"self":[{"href":"https:\/\/hookahshop.lt\/et\/wp-json\/wp\/v2\/product\/29907"}],"collection":[{"href":"https:\/\/hookahshop.lt\/et\/wp-json\/wp\/v2\/product"}],"about":[{"href":"https:\/\/hookahshop.lt\/et\/wp-json\/wp\/v2\/types\/product"}],"replies":[{"embeddable":true,"href":"https:\/\/hookahshop.lt\/et\/wp-json\/wp\/v2\/comments?post=29907"}],"version-history":[{"count":7,"href":"https:\/\/hookahshop.lt\/et\/wp-json\/wp\/v2\/product\/29907\/revisions"}],"predecessor-version":[{"id":30003,"href":"https:\/\/hookahshop.lt\/et\/wp-json\/wp\/v2\/product\/29907\/revisions\/30003"}],"wp:featuredmedia":[{"embeddable":true,"href":"https:\/\/hookahshop.lt\/et\/wp-json\/wp\/v2\/media\/29960"}],"wp:attachment":[{"href":"https:\/\/hookahshop.lt\/et\/wp-json\/wp\/v2\/media?parent=29907"}],"curies":[{"name":"wp","href":"https:\/\/api.w.org\/{rel}","templated":true}]}}