{"id":29911,"date":"2021-12-09T11:40:04","date_gmt":"2021-12-09T09:40:04","guid":{"rendered":"https:\/\/hookahshop.lt\/?post_type=product&#038;p=29911"},"modified":"2026-04-15T23:29:19","modified_gmt":"2026-04-15T20:29:19","slug":"kaljanas-ykap-killer-classic-green","status":"publish","type":"product","link":"https:\/\/hookahshop.lt\/et\/toode\/kaljanas-ykap-killer-classic-green\/","title":{"rendered":"Vesipiip YKAP Killer Classic Green"},"content":{"rendered":"<h2>Vesipiip YKAP Killer Classic Green<\/h2>\n<p>Uus vesipiip &quot;YKAP Classic Green&quot; tuntud Venemaalt p\u00e4rit tootjalt - YKAP. See on v\u00e4ikese suurusega ja kvaliteetne vesipiip, mis tagab meeldiva seansi. Vesipiibu valmistamisel on kasutatud k\u00f5rgeima kvaliteediga materjale, mis tagavad vesipiibu pika kasutusea. Klassikalise atraktiivsusega vesipiip.<\/p>\n<p><strong>Varustus:<\/strong><br \/>\nVesipiip (minu)<br \/>\nPuitdetailidega roostevaba teras.<br \/>\nSilikoonvoolik (O-r\u00f5ngas)<\/p>\n<p><strong>Spetsifikatsioon:<\/strong><br \/>\nK\u00f5rgus: 54 cm<br \/>\nP\u00e4ritoluriik: Venemaa<\/p>\n<p>Kas teil on k\u00fcsimusi? v\u00f5ta meiega \u00fchendust <a href=\"https:\/\/hookahshop.lt\/et\/kontaktid\/\">kontaktide leht<\/a>\u00a0v\u00f5i saatke meile e-kiri aadressil\u00a0<a href=\"https:\/\/facebook.com\/HookahShop.lt\/\" target=\"_blank\" rel=\"noopener noreferrer\">Facebooki konto<\/a>\u00a0ja vastame teie taotlusele samal p\u00e4eval.<\/p>","protected":false},"excerpt":{"rendered":"<p>Vesipiip YKAP Killer Classic Green Uus vesipiip &quot;YKAP Classic Green&quot; tuntud Venemaalt p\u00e4rit tootjalt - YKAP. See on v\u00e4ikese suurusega ja kvaliteetne vesipiip, mis tagab meeldiva seansi. Vesipiibu valmistamisel on kasutatud k\u00f5rgeima kvaliteediga materjale, mis tagavad vesipiibu pika kasutusea. Klassikalise atraktiivsusega vesipiip. T\u00e4ielik komplekt: Vesipiip (vars) Puitdetailidega roostevaba teras. Silikoonvooliku (O-r\u00f5ngas) spetsifikatsioon: k\u00f5rgus: [\u2026]<\/p>","protected":false},"featured_media":29957,"comment_status":"open","ping_status":"closed","template":"","meta":[],"_links":{"self":[{"href":"https:\/\/hookahshop.lt\/et\/wp-json\/wp\/v2\/product\/29911"}],"collection":[{"href":"https:\/\/hookahshop.lt\/et\/wp-json\/wp\/v2\/product"}],"about":[{"href":"https:\/\/hookahshop.lt\/et\/wp-json\/wp\/v2\/types\/product"}],"replies":[{"embeddable":true,"href":"https:\/\/hookahshop.lt\/et\/wp-json\/wp\/v2\/comments?post=29911"}],"version-history":[{"count":6,"href":"https:\/\/hookahshop.lt\/et\/wp-json\/wp\/v2\/product\/29911\/revisions"}],"predecessor-version":[{"id":33740,"href":"https:\/\/hookahshop.lt\/et\/wp-json\/wp\/v2\/product\/29911\/revisions\/33740"}],"wp:featuredmedia":[{"embeddable":true,"href":"https:\/\/hookahshop.lt\/et\/wp-json\/wp\/v2\/media\/29957"}],"wp:attachment":[{"href":"https:\/\/hookahshop.lt\/et\/wp-json\/wp\/v2\/media?parent=29911"}],"curies":[{"name":"wp","href":"https:\/\/api.w.org\/{rel}","templated":true}]}}