{"id":29917,"date":"2021-12-09T11:44:39","date_gmt":"2021-12-09T09:44:39","guid":{"rendered":"https:\/\/hookahshop.lt\/?post_type=product&#038;p=29917"},"modified":"2026-04-15T23:29:19","modified_gmt":"2026-04-15T20:29:19","slug":"kaljanas-ykap-killer-wave-brown","status":"publish","type":"product","link":"https:\/\/hookahshop.lt\/et\/toode\/kaljanas-ykap-killer-laine-pruun\/","title":{"rendered":"Vesipiip YKAP Killer Wave Brown"},"content":{"rendered":"<h2>Vesipiip YKAP Killer Wave Brown<\/h2>\n<p>Uus vesipiip &quot;YKAP Classic Brown&quot; tuntud Venemaalt p\u00e4rit tootjalt - YKAP. See on v\u00e4ikese suurusega ja kvaliteetne vesipiip, mis tagab meeldiva seansi. Vesipiibu valmistamisel on kasutatud k\u00f5rgeima kvaliteediga materjale, mis tagavad vesipiibu pika kasutusea. Klassikaline vesipiip.<\/p>\n<p><strong>Varustus:<\/strong><br \/>\nPuitdetailidega konks (roostevaba teras).<br \/>\nSilikoonvoolik (O-r\u00f5ngas)<br \/>\nHajuti: puudub (klassikaline tuulet\u00f5mbus)<\/p>\n<p><img decoding=\"async\" loading=\"lazy\" class=\"alignnone size-medium wp-image-38521\" src=\"https:\/\/hookahshop.lt\/wp-content\/uploads\/2020\/09\/stiebas-zarna-kandiklis-1-300x273.jpg\" alt=\"- hookahshop.lt\" width=\"300\" height=\"273\" srcset=\"https:\/\/hookahshop.lt\/wp-content\/uploads\/2020\/09\/stiebas-zarna-kandiklis-1-300x273.jpg 300w, https:\/\/hookahshop.lt\/wp-content\/uploads\/2020\/09\/stiebas-zarna-kandiklis-1-13x12.jpg 13w, https:\/\/hookahshop.lt\/wp-content\/uploads\/2020\/09\/stiebas-zarna-kandiklis-1-64x58.jpg 64w, https:\/\/hookahshop.lt\/wp-content\/uploads\/2020\/09\/stiebas-zarna-kandiklis-1.jpg 420w\" sizes=\"(max-width: 300px) 100vw, 300px\" title=\"\"><\/p>\n<p><strong>Spetsifikatsioon:<\/strong><br \/>\nK\u00f5rgus: 54 cm<br \/>\nP\u00e4ritoluriik: Venemaa<\/p>\n<p>Kas teil on k\u00fcsimusi? v\u00f5ta meiega \u00fchendust <a href=\"https:\/\/hookahshop.lt\/et\/kontaktid\/\">kontaktide leht<\/a>\u00a0v\u00f5i saatke meile e-kiri aadressil\u00a0<a href=\"https:\/\/facebook.com\/HookahShop.lt\/\" target=\"_blank\" rel=\"noopener noreferrer\">Facebooki konto<\/a>\u00a0ja vastame teie taotlusele samal p\u00e4eval.<\/p>","protected":false},"excerpt":{"rendered":"<p>Kaljanas YKAP Killer Wave Brown \u017dinomo gamintojo i\u0161 Rusijos &#8211; YKAP naujasis kaljanas &#8222;YKAP Classic Brown&#8221;. Tai ma\u017eo dyd\u017eio ir auk\u0161tos kokyb\u0117s kaljanas, kuris garantuos malon\u0173 seans\u0105. Kaljanas pagamintas naudojant auk\u0161\u010diausios kokyb\u0117s med\u017eiagas, tai u\u017etikrins kaljano ilg\u0105 tarnavimo laik\u0105. Klasikin\u0117s traukos kaljanas. Komplektacija: Kaljanas (\u0161achta) Ner\u016bdijan\u010dio plieno su medienos detale. Silikonin\u0117 \u017earna (O-ring) Difuzorius: n\u0117ra [&hellip;]<\/p>","protected":false},"featured_media":29958,"comment_status":"open","ping_status":"closed","template":"","meta":[],"_links":{"self":[{"href":"https:\/\/hookahshop.lt\/et\/wp-json\/wp\/v2\/product\/29917"}],"collection":[{"href":"https:\/\/hookahshop.lt\/et\/wp-json\/wp\/v2\/product"}],"about":[{"href":"https:\/\/hookahshop.lt\/et\/wp-json\/wp\/v2\/types\/product"}],"replies":[{"embeddable":true,"href":"https:\/\/hookahshop.lt\/et\/wp-json\/wp\/v2\/comments?post=29917"}],"version-history":[{"count":10,"href":"https:\/\/hookahshop.lt\/et\/wp-json\/wp\/v2\/product\/29917\/revisions"}],"predecessor-version":[{"id":44258,"href":"https:\/\/hookahshop.lt\/et\/wp-json\/wp\/v2\/product\/29917\/revisions\/44258"}],"wp:featuredmedia":[{"embeddable":true,"href":"https:\/\/hookahshop.lt\/et\/wp-json\/wp\/v2\/media\/29958"}],"wp:attachment":[{"href":"https:\/\/hookahshop.lt\/et\/wp-json\/wp\/v2\/media?parent=29917"}],"curies":[{"name":"wp","href":"https:\/\/api.w.org\/{rel}","templated":true}]}}