{"id":29966,"date":"2021-12-09T15:17:37","date_gmt":"2021-12-09T13:17:37","guid":{"rendered":"https:\/\/hookahshop.lt\/?post_type=product&#038;p=29966"},"modified":"2026-05-05T23:29:58","modified_gmt":"2026-05-05T20:29:58","slug":"kaljanas-ykap-eco-e2-pulya-black","status":"publish","type":"product","link":"https:\/\/hookahshop.lt\/et\/toode\/kaljanas-ykap-eco-e2-must\/","title":{"rendered":"Vesipiip YKAP Eco E2 Pulya Must"},"content":{"rendered":"<h2>Vesipiip YKAP Eco E2 Pulya Must<\/h2>\n<p>See on kvaliteetne vesipiip, mis tagab meeldiva seansi ja t\u00e4nu hajutile on vesipiibu loosimine lihtne. Kes eelistab tugevamat tuulet\u00f5mbust, saab hajuti eemaldada.<\/p>\n<p><strong>Spetsifikatsioon:<\/strong><br \/>\nMaterjal (v\u00e4line): anodeeritud alumiinium<br \/>\nMaterjal (sisemine): roostevaba teras (varda p\u00f5hi puutub kokku veega)<br \/>\nV\u00f5ll (mast) on t\u00e4ielikult valitav<br \/>\nO-r\u00f5ngaga pistik<br \/>\nVertikaalne suitsu eemaldamine<br \/>\nPlaat (roostevabast terasest pulberv\u00e4rvitud)<br \/>\nVarre (varre) k\u00f5rgus ilma kolvita: 47 cm<br \/>\nV\u00f5lli (masti) sisel\u00e4bim\u00f5\u00f5t: 13 mm<br \/>\nHajuti: jah<\/p>\n<p><strong>Varustus:<\/strong><\/p>\n<p>V\u00f5ll (vars), plaat, huulik, silikoonmust voolik, tihendite komplekt.<\/p>\n<p><img decoding=\"async\" loading=\"lazy\" class=\"alignnone size-medium wp-image-38521\" src=\"https:\/\/hookahshop.lt\/wp-content\/uploads\/2020\/09\/stiebas-zarna-kandiklis-1-300x273.jpg\" alt=\"- hookahshop.lt\" width=\"300\" height=\"273\" srcset=\"https:\/\/hookahshop.lt\/wp-content\/uploads\/2020\/09\/stiebas-zarna-kandiklis-1-300x273.jpg 300w, https:\/\/hookahshop.lt\/wp-content\/uploads\/2020\/09\/stiebas-zarna-kandiklis-1-13x12.jpg 13w, https:\/\/hookahshop.lt\/wp-content\/uploads\/2020\/09\/stiebas-zarna-kandiklis-1-64x58.jpg 64w, https:\/\/hookahshop.lt\/wp-content\/uploads\/2020\/09\/stiebas-zarna-kandiklis-1.jpg 420w\" sizes=\"(max-width: 300px) 100vw, 300px\" title=\"\"><\/p>\n<p>Kas teil on k\u00fcsimusi? v\u00f5ta meiega \u00fchendust\u00a0<a href=\"https:\/\/hookahshop.lt\/et\/kontaktid\/\">kontaktide leht<\/a>\u00a0v\u00f5i saatke meile e-kiri aadressil\u00a0<a href=\"https:\/\/facebook.com\/HookahShop.lt\/\" target=\"_blank\" rel=\"noopener noreferrer\">Facebooki konto<\/a>\u00a0ja vastame teie taotlusele samal p\u00e4eval.<\/p>","protected":false},"excerpt":{"rendered":"<p>Vesipiip YKAP Eco E2 Pulya Black See on kvaliteetne vesipiip, mis garanteerib meeldiva sessiooni ja t\u00e4nu hajutile on vesipiibu t\u00f5mbamine lihtne. Neile, kellele meeldib tugevam t\u00f5mbamine, on hajuti eemaldatav. Spetsifikatsioon: Materjal (v\u00e4limine): anodeeritud alumiinium Materjal (sisemine): roostevaba teras (varre alumine osa, mis puutub kokku veega) Vars (vars) on t\u00e4ielikult eemaldatav \u00dchendus O-r\u00f5ngaga Vertikaalne suitsuava Plaat (roostevabast terasest [\u2026]<\/p>","protected":false},"featured_media":29967,"comment_status":"open","ping_status":"closed","template":"","meta":[],"_links":{"self":[{"href":"https:\/\/hookahshop.lt\/et\/wp-json\/wp\/v2\/product\/29966"}],"collection":[{"href":"https:\/\/hookahshop.lt\/et\/wp-json\/wp\/v2\/product"}],"about":[{"href":"https:\/\/hookahshop.lt\/et\/wp-json\/wp\/v2\/types\/product"}],"replies":[{"embeddable":true,"href":"https:\/\/hookahshop.lt\/et\/wp-json\/wp\/v2\/comments?post=29966"}],"version-history":[{"count":9,"href":"https:\/\/hookahshop.lt\/et\/wp-json\/wp\/v2\/product\/29966\/revisions"}],"predecessor-version":[{"id":30258,"href":"https:\/\/hookahshop.lt\/et\/wp-json\/wp\/v2\/product\/29966\/revisions\/30258"}],"wp:featuredmedia":[{"embeddable":true,"href":"https:\/\/hookahshop.lt\/et\/wp-json\/wp\/v2\/media\/29967"}],"wp:attachment":[{"href":"https:\/\/hookahshop.lt\/et\/wp-json\/wp\/v2\/media?parent=29966"}],"curies":[{"name":"wp","href":"https:\/\/api.w.org\/{rel}","templated":true}]}}