{"id":30087,"date":"2021-12-14T16:13:59","date_gmt":"2021-12-14T14:13:59","guid":{"rendered":"https:\/\/hookahshop.lt\/?post_type=product&#038;p=30087"},"modified":"2026-04-20T23:29:23","modified_gmt":"2026-04-20T20:29:23","slug":"znyples-kaljano-anglims-kaya-dagger","status":"publish","type":"product","link":"https:\/\/hookahshop.lt\/et\/toode\/znyples-vesipiip-anglims-kaya-pistoda\/","title":{"rendered":"Konksud konksudele KAYA Dagger"},"content":{"rendered":"<h2>Konksud konksudele KAYA Dagger<\/h2>\n<p>M\u00f5eldud kuumade s\u00f6e paigutamiseks soojuskambrisse ja nende mugavaks transportimiseks soojuskambrist soovitud asukohta. Tangid originaalkarbis, seega sobivad ideaalselt kingituseks ostes.<\/p>\n<p><strong>Spetsifikatsioonid:<\/strong><br \/>\nPikkus: 23 cm<br \/>\nMaterjal: roostevaba teras<br \/>\nTootmisriik: Saksamaa<\/p>\n<p>&nbsp;<\/p>\n<p>Kas teil on k\u00fcsimusi? v\u00f5ta meiega \u00fchendust\u00a0<a href=\"https:\/\/hookahshop.lt\/et\/kontaktid\/\">kontaktide leht<\/a>\u00a0v\u00f5i saatke meile e-kiri aadressil\u00a0<a href=\"https:\/\/facebook.com\/HookahShop.lt\/\" target=\"_blank\" rel=\"noopener noreferrer\">Facebooki konto<\/a>\u00a0ja vastame teie taotlusele samal p\u00e4eval.<\/p>","protected":false},"excerpt":{"rendered":"<p>Vesipiibu s\u00f6etangid KAYA Dagger M\u00f5eldud kuumade s\u00f6e paigutamiseks soojuskambrisse ja mugavaks transportimiseks soojuskambrist soovitud kohta. Tangid originaalkarbis, seega sobivad ideaalselt kingituseks ostes. Tehnilised andmed: Pikkus: 23 cm Materjal: Roostevaba teras Tootjariik: Saksamaa K\u00fcsimusi? V\u00f5tke meiega \u00fchendust kontaktide lehel v\u00f5i kirjutage meile oma Facebooki kontol ja me vastame teie [\u2026]<\/p>","protected":false},"featured_media":30092,"comment_status":"open","ping_status":"closed","template":"","meta":[],"_links":{"self":[{"href":"https:\/\/hookahshop.lt\/et\/wp-json\/wp\/v2\/product\/30087"}],"collection":[{"href":"https:\/\/hookahshop.lt\/et\/wp-json\/wp\/v2\/product"}],"about":[{"href":"https:\/\/hookahshop.lt\/et\/wp-json\/wp\/v2\/types\/product"}],"replies":[{"embeddable":true,"href":"https:\/\/hookahshop.lt\/et\/wp-json\/wp\/v2\/comments?post=30087"}],"version-history":[{"count":5,"href":"https:\/\/hookahshop.lt\/et\/wp-json\/wp\/v2\/product\/30087\/revisions"}],"predecessor-version":[{"id":42969,"href":"https:\/\/hookahshop.lt\/et\/wp-json\/wp\/v2\/product\/30087\/revisions\/42969"}],"wp:featuredmedia":[{"embeddable":true,"href":"https:\/\/hookahshop.lt\/et\/wp-json\/wp\/v2\/media\/30092"}],"wp:attachment":[{"href":"https:\/\/hookahshop.lt\/et\/wp-json\/wp\/v2\/media?parent=30087"}],"curies":[{"name":"wp","href":"https:\/\/api.w.org\/{rel}","templated":true}]}}