{"id":30151,"date":"2021-12-17T15:36:36","date_gmt":"2021-12-17T13:36:36","guid":{"rendered":"https:\/\/hookahshop.lt\/?post_type=product&#038;p=30151"},"modified":"2026-04-14T23:29:24","modified_gmt":"2026-04-14T20:29:24","slug":"zarna-silikonine-aladin-silver","status":"publish","type":"product","link":"https:\/\/hookahshop.lt\/et\/toode\/zarna-silikoniin-aladiin-hobe\/","title":{"rendered":"Silikoonvoolik ALADIN Silver"},"content":{"rendered":"<h2>Silikoonvoolik ALADIN Silver<\/h2>\n<p>Valmistatud meditsiinilisest silikoonist antistaatilise kattega &quot;Soft-Touch&quot; ja ei sisalda v\u00f5\u00f5raid l\u00f5hnu. Nende omadustega j\u00e4\u00e4b voolik paindlikuks.<br \/>\nSpetsifikatsioonid:<br \/>\nPikkus: 1,50 m<br \/>\nDanga: pehme puudutus<br \/>\nKaal: umbes 200 g.<\/p>\n<p>Kas teil on k\u00fcsimusi? v\u00f5ta meiega \u00fchendust\u00a0<a href=\"https:\/\/hookahshop.lt\/et\/kontaktid\/\">kontaktide leht<\/a>\u00a0v\u00f5i saatke meile e-kiri aadressil\u00a0<a href=\"https:\/\/facebook.com\/HookahShop.lt\/\" target=\"_blank\" rel=\"noopener noreferrer\">Facebooki konto<\/a>\u00a0ja vastame teie taotlusele samal p\u00e4eval.<\/p>","protected":false},"excerpt":{"rendered":"<p>Silikoonvoolik ALADIN Silver Valmistatud meditsiinilisest silikoonist antistaatilise kattega &quot;Soft-Touch&quot; ja ilma v\u00f5\u00f5raste l\u00f5hnadeta. Nende omadustega j\u00e4\u00e4b voolik paindlikuks. Tehnilised andmed: Pikkus: 1,50 m Kate: pehme puudutus Kaal: umbes 200 g. Kas teil on k\u00fcsimusi? V\u00f5tke meiega \u00fchendust kontaktide lehel v\u00f5i kirjutage meile oma Facebooki kontol ja vastame teie p\u00e4ringule samal p\u00e4eval.<\/p>","protected":false},"featured_media":30152,"comment_status":"open","ping_status":"closed","template":"","meta":[],"_links":{"self":[{"href":"https:\/\/hookahshop.lt\/et\/wp-json\/wp\/v2\/product\/30151"}],"collection":[{"href":"https:\/\/hookahshop.lt\/et\/wp-json\/wp\/v2\/product"}],"about":[{"href":"https:\/\/hookahshop.lt\/et\/wp-json\/wp\/v2\/types\/product"}],"replies":[{"embeddable":true,"href":"https:\/\/hookahshop.lt\/et\/wp-json\/wp\/v2\/comments?post=30151"}],"version-history":[{"count":5,"href":"https:\/\/hookahshop.lt\/et\/wp-json\/wp\/v2\/product\/30151\/revisions"}],"predecessor-version":[{"id":45543,"href":"https:\/\/hookahshop.lt\/et\/wp-json\/wp\/v2\/product\/30151\/revisions\/45543"}],"wp:featuredmedia":[{"embeddable":true,"href":"https:\/\/hookahshop.lt\/et\/wp-json\/wp\/v2\/media\/30152"}],"wp:attachment":[{"href":"https:\/\/hookahshop.lt\/et\/wp-json\/wp\/v2\/media?parent=30151"}],"curies":[{"name":"wp","href":"https:\/\/api.w.org\/{rel}","templated":true}]}}