{"id":30171,"date":"2021-12-17T21:46:57","date_gmt":"2021-12-17T19:46:57","guid":{"rendered":"https:\/\/hookahshop.lt\/?post_type=product&#038;p=30171"},"modified":"2026-04-06T23:29:19","modified_gmt":"2026-04-06T20:29:19","slug":"kolba-kaljanui-su-sriegiu-aladin-mvp550-black","status":"publish","type":"product","link":"https:\/\/hookahshop.lt\/et\/toode\/kolb-vesipiip-longaga-aladiin-mvp550-must\/","title":{"rendered":"Konksuga kolb ALADIN MVP550 Must"},"content":{"rendered":"<h2>Konksuga kolb ALADIN MVP550 Must<\/h2>\n<p>Keermega kolb on m\u00f5eldud ainult ALADIN MVP550 vesipiibu jaoks.<\/p>\n<p><strong><span title=\"\">Spetsifikatsioonid:<\/span><\/strong><br \/>\nV\u00e4rvus - l\u00e4bipaistev must.<br \/>\nK\u00f5rgus: 27 cm<\/p>\n<p>Kas teil on k\u00fcsimusi? v\u00f5ta meiega \u00fchendust\u00a0<a href=\"https:\/\/hookahshop.lt\/et\/kontaktid\/\">kontaktide leht<\/a>\u00a0v\u00f5i saatke meile e-kiri aadressil\u00a0<a href=\"https:\/\/facebook.com\/HookahShop.lt\/\" target=\"_blank\" rel=\"noopener noreferrer\">Facebooki konto<\/a>\u00a0ja vastame teie taotlusele samal p\u00e4eval.<\/p>","protected":false},"excerpt":{"rendered":"<p>Kolba kaljanui su sriegiu ALADIN MVP550 Black Kolba su sriegiu skirta tik ALADIN MVP550\u00a0 kaljanui. Specifikacijos: Spalva \u2013 skaidriai juoda. Auk\u0161tis: 27cm Turite klausim\u0173? Susisiekite su mumis\u00a0kontakt\u0173 puslapyje\u00a0arba para\u0161ykite mums \u012f\u00a0Facebook paskyr\u0105\u00a0ir atsakysime \u012f j\u016bs\u0173 u\u017eklaus\u0105 dar t\u0105 pa\u010di\u0105 dien\u0105.<\/p>","protected":false},"featured_media":30176,"comment_status":"open","ping_status":"closed","template":"","meta":[],"_links":{"self":[{"href":"https:\/\/hookahshop.lt\/et\/wp-json\/wp\/v2\/product\/30171"}],"collection":[{"href":"https:\/\/hookahshop.lt\/et\/wp-json\/wp\/v2\/product"}],"about":[{"href":"https:\/\/hookahshop.lt\/et\/wp-json\/wp\/v2\/types\/product"}],"replies":[{"embeddable":true,"href":"https:\/\/hookahshop.lt\/et\/wp-json\/wp\/v2\/comments?post=30171"}],"version-history":[{"count":6,"href":"https:\/\/hookahshop.lt\/et\/wp-json\/wp\/v2\/product\/30171\/revisions"}],"predecessor-version":[{"id":42980,"href":"https:\/\/hookahshop.lt\/et\/wp-json\/wp\/v2\/product\/30171\/revisions\/42980"}],"wp:featuredmedia":[{"embeddable":true,"href":"https:\/\/hookahshop.lt\/et\/wp-json\/wp\/v2\/media\/30176"}],"wp:attachment":[{"href":"https:\/\/hookahshop.lt\/et\/wp-json\/wp\/v2\/media?parent=30171"}],"curies":[{"name":"wp","href":"https:\/\/api.w.org\/{rel}","templated":true}]}}