{"id":30183,"date":"2021-12-17T22:42:53","date_gmt":"2021-12-17T20:42:53","guid":{"rendered":"https:\/\/hookahshop.lt\/?post_type=product&#038;p=30183"},"modified":"2026-04-24T23:29:42","modified_gmt":"2026-04-24T20:29:42","slug":"anglys-kaljanui-tom-coco-diamond-26mm-1kg","status":"publish","type":"product","link":"https:\/\/hookahshop.lt\/et\/toode\/anglys-kaljanui-tom-coco-teemant-26mm-1kg\/","title":{"rendered":"S\u00fcsi vesipiibu jaoks TOM COCO Diamond 26mm 1kg"},"content":{"rendered":"<h2>S\u00fcsi vesipiibu jaoks TOM COCO Diamond 26mm 1kg<\/h2>\n<p>Tai kookosp\u00e4hkli koorest valmistatud naturaalne s\u00fcsi 100%.<br \/>\nV\u00e4hem tuhka, rohkem soojust.<br \/>\n\u00dche s\u00fcsiniku m\u00f5\u00f5tmed: 26x26x26mm<br \/>\nKarbis on 64 s\u00fcsinikku<br \/>\nS\u00f6e p\u00f5letamiseks vajate vesipiibu, turistide gaasipliidi vms jaoks elektrilist pliiti.<br \/>\nP\u00e4ritoluriik: Indoneesia<\/p>\n<p>Kas teil on k\u00fcsimusi? v\u00f5ta meiega \u00fchendust\u00a0<a href=\"https:\/\/hookahshop.lt\/et\/kontaktid\/\">kontaktide leht<\/a>\u00a0v\u00f5i saatke meile e-kiri aadressil\u00a0<a href=\"https:\/\/facebook.com\/HookahShop.lt\/\" target=\"_blank\" rel=\"noopener noreferrer\">Facebooki konto<\/a>\u00a0ja vastame teie taotlusele samal p\u00e4eval.<\/p>","protected":false},"excerpt":{"rendered":"<p>Vesipiibu s\u00fcsi TOM COCO Diamond 26mm 1kg 100% Tai kookosp\u00e4hkli koorest valmistatud naturaalne s\u00fcsi. V\u00e4hem tuhka, rohkem soojust. \u00dche s\u00f6e m\u00f5\u00f5dud: 26x26x26mm Karbis on 64 s\u00fctt. P\u00e4ritoluriik: Indoneesia Kas teil on k\u00fcsimusi? V\u00f5tke meiega \u00fchendust kontaktide lehel v\u00f5i kirjutage meile oma Facebooki kontol ja me vastame teie [\u2026]<\/p>","protected":false},"featured_media":30188,"comment_status":"open","ping_status":"closed","template":"","meta":[],"_links":{"self":[{"href":"https:\/\/hookahshop.lt\/et\/wp-json\/wp\/v2\/product\/30183"}],"collection":[{"href":"https:\/\/hookahshop.lt\/et\/wp-json\/wp\/v2\/product"}],"about":[{"href":"https:\/\/hookahshop.lt\/et\/wp-json\/wp\/v2\/types\/product"}],"replies":[{"embeddable":true,"href":"https:\/\/hookahshop.lt\/et\/wp-json\/wp\/v2\/comments?post=30183"}],"version-history":[{"count":5,"href":"https:\/\/hookahshop.lt\/et\/wp-json\/wp\/v2\/product\/30183\/revisions"}],"predecessor-version":[{"id":30943,"href":"https:\/\/hookahshop.lt\/et\/wp-json\/wp\/v2\/product\/30183\/revisions\/30943"}],"wp:featuredmedia":[{"embeddable":true,"href":"https:\/\/hookahshop.lt\/et\/wp-json\/wp\/v2\/media\/30188"}],"wp:attachment":[{"href":"https:\/\/hookahshop.lt\/et\/wp-json\/wp\/v2\/media?parent=30183"}],"curies":[{"name":"wp","href":"https:\/\/api.w.org\/{rel}","templated":true}]}}