{"id":30189,"date":"2021-12-17T23:02:14","date_gmt":"2021-12-17T21:02:14","guid":{"rendered":"https:\/\/hookahshop.lt\/?post_type=product&#038;p=30189"},"modified":"2026-04-17T16:33:29","modified_gmt":"2026-04-17T13:33:29","slug":"taurele-kaljanui-oblako-phunnel-l-basic","status":"publish","type":"product","link":"https:\/\/hookahshop.lt\/et\/toode\/taurele-kaljanui-oblako-phunnel-l-basic\/","title":{"rendered":"Vesipiibu tass OBLAKO Phunnel L Basic"},"content":{"rendered":"<h2>Vesipiibu tass OBLAKO Phunnel L Basic<\/h2>\n<p>Tass on m\u00f5eldud igap\u00e4evaseks suitsetamiseks, sobib suurep\u00e4raselt kerge ja raske tubaka jaoks.<br \/>\nTubaka tarbimine 23-28 grammi.<\/p>\n<p>Omadused:<br \/>\nK\u00f5rgus: 120 mm.<br \/>\nL\u00e4bim\u00f5\u00f5t (v\u00e4limine): 79 mm.<br \/>\nL\u00e4bim\u00f5\u00f5t (sisemine): 72 mm.<br \/>\nS\u00fcgavus: 14mm.<br \/>\nAukude arv: 1 tk.<br \/>\nKaal: umbes 180 g.<\/p>\n<p>Kas teil on k\u00fcsimusi? v\u00f5ta meiega \u00fchendust\u00a0<a href=\"https:\/\/hookahshop.lt\/et\/kontaktid\/\">kontaktide leht<\/a>\u00a0v\u00f5i saatke meile e-kiri aadressil\u00a0<a href=\"https:\/\/facebook.com\/HookahShop.lt\/\" target=\"_blank\" rel=\"noopener noreferrer\">Facebooki konto<\/a>\u00a0ja vastame teie taotlusele samal p\u00e4eval.<\/p>","protected":false},"excerpt":{"rendered":"<p>Vesipiibu tass OBLAKO Phunnel L Basic Cup igap\u00e4evaseks suitsetamiseks, ideaalne kerge ja raske tubaka jaoks. Tubaka tarbimine 23-28 grammi. Omadused: K\u00f5rgus: 120mm. L\u00e4bim\u00f5\u00f5t (v\u00e4limine): 79 mm. L\u00e4bim\u00f5\u00f5t (sisemine): 72 mm. S\u00fcgavus: 14mm. Aukude arv: 1 tk. Kaal: umbes 180 g. Kas teil on k\u00fcsimusi? V\u00f5tke meiega \u00fchendust kontaktide lehel v\u00f5i kirjutage meile oma Facebooki kontole ja me vastame teie p\u00e4ringule [\u2026]<\/p>","protected":false},"featured_media":30198,"comment_status":"open","ping_status":"closed","template":"","meta":[],"_links":{"self":[{"href":"https:\/\/hookahshop.lt\/et\/wp-json\/wp\/v2\/product\/30189"}],"collection":[{"href":"https:\/\/hookahshop.lt\/et\/wp-json\/wp\/v2\/product"}],"about":[{"href":"https:\/\/hookahshop.lt\/et\/wp-json\/wp\/v2\/types\/product"}],"replies":[{"embeddable":true,"href":"https:\/\/hookahshop.lt\/et\/wp-json\/wp\/v2\/comments?post=30189"}],"version-history":[{"count":5,"href":"https:\/\/hookahshop.lt\/et\/wp-json\/wp\/v2\/product\/30189\/revisions"}],"predecessor-version":[{"id":32443,"href":"https:\/\/hookahshop.lt\/et\/wp-json\/wp\/v2\/product\/30189\/revisions\/32443"}],"wp:featuredmedia":[{"embeddable":true,"href":"https:\/\/hookahshop.lt\/et\/wp-json\/wp\/v2\/media\/30198"}],"wp:attachment":[{"href":"https:\/\/hookahshop.lt\/et\/wp-json\/wp\/v2\/media?parent=30189"}],"curies":[{"name":"wp","href":"https:\/\/api.w.org\/{rel}","templated":true}]}}