{"id":30250,"date":"2021-12-20T15:32:08","date_gmt":"2021-12-20T13:32:08","guid":{"rendered":"https:\/\/hookahshop.lt\/?post_type=product&#038;p=30250"},"modified":"2026-04-15T23:29:19","modified_gmt":"2026-04-15T20:29:19","slug":"taurele-kaljanui-oblako-flow-phunnel-marble-red","status":"publish","type":"product","link":"https:\/\/hookahshop.lt\/et\/toode\/taurele-kaljanui-oblako-flow-phunnel-marmor-red\/","title":{"rendered":"Vesipiip OBLAKO Flow Phunnel Marble Red"},"content":{"rendered":"<h2>Vesipiip OBLAKO Flow Phunnel Marble Red<\/h2>\n<p>\u00dclimalt stiilsete tasside poolest kuulus Oblako on v\u00e4lja andnud toote, mis rahuldab peaaegu iga vesipiibu f\u00e4nni, mitte ainult oma t\u00f6\u00f6kindluse ja mitmek\u00fclgsuse, vaid ka Oblako FLOW v\u00e4limuse t\u00f5ttu. See on uue p\u00f5lvkonna phunnel t\u00fc\u00fcpi tass vesipiibu jaoks. Valmistatud standardse phunnel-t\u00fc\u00fcpi p\u00f5him\u00f5ttel, millel on \u00fcks auk ja v\u00e4ike ekstra punane osa, mis on loodud h\u00f5lbustama vesipiibusegu vesipiibutopsi lisamist, ilma et segu vesipiibule kaoks. Kuna auk suletakse pealtpoolt lisaosa abil, ei kuku vesipiibusegu auku nagu tavalises phunnel t\u00fc\u00fcpi tassis. Selle tassi valmistamine on kiirem ja veelgi lihtsam.<br \/>\nOBLAKO kasutab ainult inims\u00f5bralikku toiduglasuuri, mille on v\u00e4lja t\u00f6\u00f6tanud partnerid spetsialiseeritud laborites, mis asuvad Gzhelskojes, \u00fches Venemaa traditsioonilises keraamikatootmiskeskuses.<br \/>\nTass tubakat mahutab: 18-23 g.<\/p>\n<p><strong>Spetsifikatsioonid:<\/strong><br \/>\nMaterjal: savi<br \/>\nLiik: phunnel<br \/>\nK\u00f5rgus: 12 cm<br \/>\nL\u00e4bim\u00f5\u00f5t (\u00fclemine): 6 cm<br \/>\nL\u00e4bim\u00f5\u00f5t (vars): 2,8 cm<br \/>\nAukude arv: 1<\/p>\n<p>Kas teil on k\u00fcsimusi? v\u00f5ta meiega \u00fchendust\u00a0<a href=\"https:\/\/hookahshop.lt\/et\/kontaktid\/\">kontaktide leht<\/a>\u00a0v\u00f5i saatke meile e-kiri aadressil\u00a0<a href=\"https:\/\/facebook.com\/HookahShop.lt\/\" target=\"_blank\" rel=\"noopener noreferrer\">Facebooki konto<\/a>\u00a0ja vastame teie taotlusele samal p\u00e4eval.<\/p>\n<p>&nbsp;<\/p>","protected":false},"excerpt":{"rendered":"<p>Vesipiibuklaas OBLAKO Flow Phunnel Marble Red Oma \u00fclistiilsete tasside poolest kuulus Oblako on v\u00e4lja andnud toote, mis rahuldab peaaegu iga hoovif\u00e4nni mitte ainult oma t\u00f6\u00f6kindluse ja mitmek\u00fclgsuse, vaid ka Oblako FLOW v\u00e4limuse poolest. See on uue p\u00f5lvkonna phunnel t\u00fc\u00fcpi tass vesipiibu jaoks. Valmistatud standardsele phunnel-t\u00fc\u00fcbile \u00fche augu ja v\u00e4ikese ekstra punase osaga [\u2026]<\/p>","protected":false},"featured_media":30251,"comment_status":"open","ping_status":"closed","template":"","meta":[],"_links":{"self":[{"href":"https:\/\/hookahshop.lt\/et\/wp-json\/wp\/v2\/product\/30250"}],"collection":[{"href":"https:\/\/hookahshop.lt\/et\/wp-json\/wp\/v2\/product"}],"about":[{"href":"https:\/\/hookahshop.lt\/et\/wp-json\/wp\/v2\/types\/product"}],"replies":[{"embeddable":true,"href":"https:\/\/hookahshop.lt\/et\/wp-json\/wp\/v2\/comments?post=30250"}],"version-history":[{"count":5,"href":"https:\/\/hookahshop.lt\/et\/wp-json\/wp\/v2\/product\/30250\/revisions"}],"predecessor-version":[{"id":30281,"href":"https:\/\/hookahshop.lt\/et\/wp-json\/wp\/v2\/product\/30250\/revisions\/30281"}],"wp:featuredmedia":[{"embeddable":true,"href":"https:\/\/hookahshop.lt\/et\/wp-json\/wp\/v2\/media\/30251"}],"wp:attachment":[{"href":"https:\/\/hookahshop.lt\/et\/wp-json\/wp\/v2\/media?parent=30250"}],"curies":[{"name":"wp","href":"https:\/\/api.w.org\/{rel}","templated":true}]}}