{"id":30272,"date":"2021-12-20T18:20:16","date_gmt":"2021-12-20T16:20:16","guid":{"rendered":"https:\/\/hookahshop.lt\/?post_type=product&#038;p=30272"},"modified":"2026-04-10T23:29:27","modified_gmt":"2026-04-10T20:29:27","slug":"kolba-kaljanui-drop-v2","status":"publish","type":"product","link":"https:\/\/hookahshop.lt\/et\/toode\/kolba-kaljanui-drop-v2\/","title":{"rendered":"Kolb vesipiibu jaoks DROP V2"},"content":{"rendered":"<h2>Kolb vesipiibu jaoks DROP V2<\/h2>\n<p>See on tilgakujuline l\u00e4bipaistev kolb, millel on standardne vahepealse kujuga pistik.<\/p>\n<p><strong><span title=\"\">Spetsifikatsioonid:<\/span><\/strong><br \/>\nP\u00e4ritoluriik: Venemaa<br \/>\nKaal: 1,5 kg<br \/>\nK\u00f5rgus: 29 cm<br \/>\nLaius: 27 cm<br \/>\nS\u00fcgavus: 2 cm<\/p>\n<p>Kas teil on k\u00fcsimusi? v\u00f5ta meiega \u00fchendust\u00a0<a href=\"https:\/\/hookahshop.lt\/et\/kontaktid\/\">kontaktide leht<\/a>\u00a0v\u00f5i saatke meile e-kiri aadressil\u00a0<a href=\"https:\/\/facebook.com\/HookahShop.lt\/\" target=\"_blank\" rel=\"noopener noreferrer\">Facebooki konto<\/a>\u00a0ja vastame teie taotlusele samal p\u00e4eval.<\/p>","protected":false},"excerpt":{"rendered":"<p>Kolba kaljanui DROP V2 Tai la\u0161o formos skaidri kolba, turinti standartine tarpin\u0117s formos jungt\u012f. Specifikacijos: Kilm\u0117s \u0161alis: Rusija Svoris: 1,5 kg Auk\u0161tis: 29 cm Plotis: 27 cm Gylis: 2 cm Turite klausim\u0173? Susisiekite su mumis\u00a0kontakt\u0173 puslapyje\u00a0arba para\u0161ykite mums \u012f\u00a0Facebook paskyr\u0105\u00a0ir atsakysime \u012f j\u016bs\u0173 u\u017eklaus\u0105 dar t\u0105 pa\u010di\u0105 dien\u0105.<\/p>","protected":false},"featured_media":30273,"comment_status":"open","ping_status":"closed","template":"","meta":[],"_links":{"self":[{"href":"https:\/\/hookahshop.lt\/et\/wp-json\/wp\/v2\/product\/30272"}],"collection":[{"href":"https:\/\/hookahshop.lt\/et\/wp-json\/wp\/v2\/product"}],"about":[{"href":"https:\/\/hookahshop.lt\/et\/wp-json\/wp\/v2\/types\/product"}],"replies":[{"embeddable":true,"href":"https:\/\/hookahshop.lt\/et\/wp-json\/wp\/v2\/comments?post=30272"}],"version-history":[{"count":4,"href":"https:\/\/hookahshop.lt\/et\/wp-json\/wp\/v2\/product\/30272\/revisions"}],"predecessor-version":[{"id":45125,"href":"https:\/\/hookahshop.lt\/et\/wp-json\/wp\/v2\/product\/30272\/revisions\/45125"}],"wp:featuredmedia":[{"embeddable":true,"href":"https:\/\/hookahshop.lt\/et\/wp-json\/wp\/v2\/media\/30273"}],"wp:attachment":[{"href":"https:\/\/hookahshop.lt\/et\/wp-json\/wp\/v2\/media?parent=30272"}],"curies":[{"name":"wp","href":"https:\/\/api.w.org\/{rel}","templated":true}]}}