{"id":30282,"date":"2021-12-21T11:05:45","date_gmt":"2021-12-21T09:05:45","guid":{"rendered":"https:\/\/hookahshop.lt\/?post_type=product&#038;p=30282"},"modified":"2026-04-06T23:29:20","modified_gmt":"2026-04-06T20:29:20","slug":"kandiklis-kaljanui-arma-black-blue","status":"publish","type":"product","link":"https:\/\/hookahshop.lt\/et\/toode\/huuliku-vesipiibu-arma-must-sinine\/","title":{"rendered":"Vesipiibu konks ARMA Black Blue"},"content":{"rendered":"<h2>Vesipiibu konks ARMA Black Blue<\/h2>\n<p>Valmistatud alumiiniumist. Kaasas on pistik.<br \/>\nHuulik + pistik ARMA on k\u00e4es mugav ja sobib erinevatele vesipiipidele.<\/p>\n<p>Spetsifikatsioon:<br \/>\nHuuliku pikkus: 345 mm<br \/>\nSisemise huuliku l\u00e4bim\u00f5\u00f5t: 9 mm<br \/>\n\u00dchenduse pikkus: 57 mm<br \/>\nSisemine pistiku pikkus: 10 mm<br \/>\nHuuliku kogukaal koos pistikuga on 140g.<\/p>\n<p>Kas teil on k\u00fcsimusi? v\u00f5ta meiega \u00fchendust\u00a0<a href=\"https:\/\/hookahshop.lt\/et\/kontaktid\/\">kontaktide leht<\/a>\u00a0v\u00f5i saatke meile e-kiri aadressil\u00a0<a href=\"https:\/\/facebook.com\/HookahShop.lt\/\" target=\"_blank\" rel=\"noopener noreferrer\">Facebooki konto<\/a>\u00a0ja vastame teie taotlusele samal p\u00e4eval.<\/p>","protected":false},"excerpt":{"rendered":"<p>Vesipiibukonks ARMA Must Sinine Valmistatud alumiiniumist. Kaasas on pistik. Huulik + konnektor ARMA on mugav k\u00e4es ja sobib erinevatele konksudele. Spetsifikatsioon: Huuliku pikkus: 345mm Huuliku sisediameeter: 9mm \u00dchenduse pikkus: 57mm Sisemise pistiku pikkus: 10mm Huuliku kogukaal koos pistikuga 140g. Kas teil on k\u00fcsimusi? V\u00f5tke meiega \u00fchendust kontaktide lehel v\u00f5i kirjutage meile oma Facebooki kontol ja me vastame [\u2026]<\/p>","protected":false},"featured_media":30283,"comment_status":"open","ping_status":"closed","template":"","meta":[],"_links":{"self":[{"href":"https:\/\/hookahshop.lt\/et\/wp-json\/wp\/v2\/product\/30282"}],"collection":[{"href":"https:\/\/hookahshop.lt\/et\/wp-json\/wp\/v2\/product"}],"about":[{"href":"https:\/\/hookahshop.lt\/et\/wp-json\/wp\/v2\/types\/product"}],"replies":[{"embeddable":true,"href":"https:\/\/hookahshop.lt\/et\/wp-json\/wp\/v2\/comments?post=30282"}],"version-history":[{"count":3,"href":"https:\/\/hookahshop.lt\/et\/wp-json\/wp\/v2\/product\/30282\/revisions"}],"predecessor-version":[{"id":36452,"href":"https:\/\/hookahshop.lt\/et\/wp-json\/wp\/v2\/product\/30282\/revisions\/36452"}],"wp:featuredmedia":[{"embeddable":true,"href":"https:\/\/hookahshop.lt\/et\/wp-json\/wp\/v2\/media\/30283"}],"wp:attachment":[{"href":"https:\/\/hookahshop.lt\/et\/wp-json\/wp\/v2\/media?parent=30282"}],"curies":[{"name":"wp","href":"https:\/\/api.w.org\/{rel}","templated":true}]}}