{"id":30286,"date":"2021-12-21T11:37:35","date_gmt":"2021-12-21T09:37:35","guid":{"rendered":"https:\/\/hookahshop.lt\/?post_type=product&#038;p=30286"},"modified":"2026-04-21T23:29:59","modified_gmt":"2026-04-21T20:29:59","slug":"kandiklis-kaljanui-mexanika-smoke-black","status":"publish","type":"product","link":"https:\/\/hookahshop.lt\/et\/toode\/huuliku-vesipiibu-mexanika-suitsu-must\/","title":{"rendered":"Vesipiibu konks MEXANIKA Smoke Black"},"content":{"rendered":"<h2>Vesipiibu konks MEXANIKA Smoke Black<\/h2>\n<p>Valmistatud roostevabast terasest ja silikoonist Soft Touch kaunistus. Sobib k\u00f5ikidele silikoonvoolikutele sisel\u00e4bim\u00f5\u00f5duga 10-11mm. Mexanika Smoke Black huulik koosneb kahest osast, keermestatud \u00fchendusega.<\/p>\n<p><strong>Spetsifikatsioon:<\/strong><br \/>\nPikkus: 33,7 cm<br \/>\nSisemine l\u00e4bim\u00f5\u00f5t: 9 cm<br \/>\nKaal: 150g.<br \/>\nMaterjal: roostevaba teras silikoonist Soft Touch kaunistusega.<\/p>\n<p>Kas teil on k\u00fcsimusi? v\u00f5ta meiega \u00fchendust\u00a0<a href=\"https:\/\/hookahshop.lt\/et\/kontaktid\/\">kontaktide leht<\/a>\u00a0v\u00f5i saatke meile e-kiri aadressil\u00a0<a href=\"https:\/\/facebook.com\/HookahShop.lt\/\" target=\"_blank\" rel=\"noopener noreferrer\">Facebooki konto<\/a>\u00a0ja vastame teie taotlusele samal p\u00e4eval.<\/p>","protected":false},"excerpt":{"rendered":"<p>Vesipiibu huulik MEXANIKA Smoke Black Valmistatud roostevabast terasest ja silikoonist Soft Touch kaunistus. Sobib k\u00f5ikidele silikoonvoolikutele sisel\u00e4bim\u00f5\u00f5duga 10-11mm. Mexanika Smoke Black huulik koosneb kahest osast, keermestatud \u00fchendusega. Spetsifikatsioon: Pikkus: 33,7cm Sisel\u00e4bim\u00f5\u00f5t: 9cm Kaal: 150g. Materjal: roostevaba teras silikoonist Soft Touch kaunistusega. Kas teil on k\u00fcsimusi? V\u00f5tke meiega \u00fchendust kontaktid [\u2026]<\/p>","protected":false},"featured_media":30287,"comment_status":"open","ping_status":"closed","template":"","meta":[],"_links":{"self":[{"href":"https:\/\/hookahshop.lt\/et\/wp-json\/wp\/v2\/product\/30286"}],"collection":[{"href":"https:\/\/hookahshop.lt\/et\/wp-json\/wp\/v2\/product"}],"about":[{"href":"https:\/\/hookahshop.lt\/et\/wp-json\/wp\/v2\/types\/product"}],"replies":[{"embeddable":true,"href":"https:\/\/hookahshop.lt\/et\/wp-json\/wp\/v2\/comments?post=30286"}],"version-history":[{"count":3,"href":"https:\/\/hookahshop.lt\/et\/wp-json\/wp\/v2\/product\/30286\/revisions"}],"predecessor-version":[{"id":30408,"href":"https:\/\/hookahshop.lt\/et\/wp-json\/wp\/v2\/product\/30286\/revisions\/30408"}],"wp:featuredmedia":[{"embeddable":true,"href":"https:\/\/hookahshop.lt\/et\/wp-json\/wp\/v2\/media\/30287"}],"wp:attachment":[{"href":"https:\/\/hookahshop.lt\/et\/wp-json\/wp\/v2\/media?parent=30286"}],"curies":[{"name":"wp","href":"https:\/\/api.w.org\/{rel}","templated":true}]}}