{"id":30301,"date":"2021-12-21T23:18:41","date_gmt":"2021-12-21T21:18:41","guid":{"rendered":"https:\/\/hookahshop.lt\/?post_type=product&#038;p=30301"},"modified":"2026-04-17T23:29:44","modified_gmt":"2026-04-17T20:29:44","slug":"znyples-kaljano-anglims-mexanika-smoke","status":"publish","type":"product","link":"https:\/\/hookahshop.lt\/et\/toode\/znyples-kaljano-anglims-mexanika-smoke\/","title":{"rendered":"Vesipiibu s\u00f6etangid MEXANIKA Smoke"},"content":{"rendered":"<h2>Vesipiibu s\u00f6etangid MEXANIKA Smoke<\/h2>\n<p>Aksessuaar muudab teid suurep\u00e4raseks abiliseks ja teenib teid pikka aega.<\/p>\n<p><strong>Spetsifikatsioonid:<\/strong><br \/>\nPikkus: 21,5 cm<br \/>\nKaal: ~ 75g.<br \/>\nMaterjal: roostevaba teras<br \/>\nTootmisriik: Venemaa<\/p>\n<p>Kas teil on k\u00fcsimusi? v\u00f5ta meiega \u00fchendust\u00a0<a href=\"https:\/\/hookahshop.lt\/et\/kontaktid\/\">kontaktide leht<\/a>\u00a0v\u00f5i saatke meile e-kiri aadressil\u00a0<a href=\"https:\/\/facebook.com\/HookahShop.lt\/\" target=\"_blank\" rel=\"noopener noreferrer\">Facebooki konto<\/a>\u00a0ja vastame teie taotlusele samal p\u00e4eval.<\/p>","protected":false},"excerpt":{"rendered":"<p>Vesipiibu s\u00f6etangid MEXANIKA Smoke Accessory on teile suurep\u00e4rane abiline ja teenivad teid pikka aega. Tehnilised andmed: Pikkus: 21,5 cm Kaal: ~ 75g. Materjal: roostevaba teras Tootja Riik: Venemaa Kas teil on k\u00fcsimusi? V\u00f5tke meiega \u00fchendust kontaktide lehel v\u00f5i kirjutage meile oma Facebooki kontol ja vastame teie p\u00e4ringule samal p\u00e4eval.<\/p>","protected":false},"featured_media":30302,"comment_status":"open","ping_status":"closed","template":"","meta":[],"_links":{"self":[{"href":"https:\/\/hookahshop.lt\/et\/wp-json\/wp\/v2\/product\/30301"}],"collection":[{"href":"https:\/\/hookahshop.lt\/et\/wp-json\/wp\/v2\/product"}],"about":[{"href":"https:\/\/hookahshop.lt\/et\/wp-json\/wp\/v2\/types\/product"}],"replies":[{"embeddable":true,"href":"https:\/\/hookahshop.lt\/et\/wp-json\/wp\/v2\/comments?post=30301"}],"version-history":[{"count":2,"href":"https:\/\/hookahshop.lt\/et\/wp-json\/wp\/v2\/product\/30301\/revisions"}],"predecessor-version":[{"id":30407,"href":"https:\/\/hookahshop.lt\/et\/wp-json\/wp\/v2\/product\/30301\/revisions\/30407"}],"wp:featuredmedia":[{"embeddable":true,"href":"https:\/\/hookahshop.lt\/et\/wp-json\/wp\/v2\/media\/30302"}],"wp:attachment":[{"href":"https:\/\/hookahshop.lt\/et\/wp-json\/wp\/v2\/media?parent=30301"}],"curies":[{"name":"wp","href":"https:\/\/api.w.org\/{rel}","templated":true}]}}