{"id":30305,"date":"2021-12-21T23:36:02","date_gmt":"2021-12-21T21:36:02","guid":{"rendered":"https:\/\/hookahshop.lt\/?post_type=product&#038;p=30305"},"modified":"2026-04-17T23:29:44","modified_gmt":"2026-04-17T20:29:44","slug":"znyples-kaljano-anglims-maklaud-shark-stainless","status":"publish","type":"product","link":"https:\/\/hookahshop.lt\/et\/toode\/znyples-vesipiip-susi-maklaud-hai-roostevaba\/","title":{"rendered":"Vesipiibu s\u00f6etangid MAKLAUD Shark Stainless"},"content":{"rendered":"<h2>Vesipiibu s\u00f6etangid MAKLAUD Shark Stainless<\/h2>\n<p>Reprodutseerib hai kuju \u2013 servad on siledad ja otsad teravad. Professionaalid hindavad roostevabast terasest tangide (1,2 mm paksused) mugavat ja klanitud kuju ning v\u00f5imalust riputada tangid konksplaadile. Iga osa on originaalses Maklaudi kinkekarbis.<\/p>\n<p><strong>Spetsifikatsioonid:<\/strong><br \/>\nPikkus: 21,5 cm<br \/>\nKaal: ~ 45g.<br \/>\nMaterjal: roostevaba teras<br \/>\nTootmisriik: Venemaa<\/p>\n<p>Kas teil on k\u00fcsimusi? v\u00f5ta meiega \u00fchendust\u00a0<a href=\"https:\/\/hookahshop.lt\/et\/kontaktid\/\">kontaktide leht<\/a>\u00a0v\u00f5i saatke meile e-kiri aadressil\u00a0<a href=\"https:\/\/facebook.com\/HookahShop.lt\/\" target=\"_blank\" rel=\"noopener noreferrer\">Facebooki konto<\/a>\u00a0ja vastame teie taotlusele samal p\u00e4eval.<\/p>","protected":false},"excerpt":{"rendered":"<p>Vesipiibu s\u00f6etangid MAKLAUD Shark Stainless Reprodutseerib hai kuju \u2013 servad on siledad ja otsad teravad. Professionaalid hindavad roostevabast terasest tangide (1,2 mm paksused) mugavat ja klanitud kuju ning v\u00f5imalust riputada tangid konksplaadile. Iga osa on originaalses Maklaudi kinkekarbis. Tehnilised andmed: Pikkus: 21,5 cm Kaal: ~ 45g. Materjal: roostevaba teras Tootja Riik: Venemaa Kas teil on k\u00fcsimusi? V\u00f5tke \u00fchendust [\u2026]<\/p>","protected":false},"featured_media":30310,"comment_status":"open","ping_status":"closed","template":"","meta":[],"_links":{"self":[{"href":"https:\/\/hookahshop.lt\/et\/wp-json\/wp\/v2\/product\/30305"}],"collection":[{"href":"https:\/\/hookahshop.lt\/et\/wp-json\/wp\/v2\/product"}],"about":[{"href":"https:\/\/hookahshop.lt\/et\/wp-json\/wp\/v2\/types\/product"}],"replies":[{"embeddable":true,"href":"https:\/\/hookahshop.lt\/et\/wp-json\/wp\/v2\/comments?post=30305"}],"version-history":[{"count":2,"href":"https:\/\/hookahshop.lt\/et\/wp-json\/wp\/v2\/product\/30305\/revisions"}],"predecessor-version":[{"id":30406,"href":"https:\/\/hookahshop.lt\/et\/wp-json\/wp\/v2\/product\/30305\/revisions\/30406"}],"wp:featuredmedia":[{"embeddable":true,"href":"https:\/\/hookahshop.lt\/et\/wp-json\/wp\/v2\/media\/30310"}],"wp:attachment":[{"href":"https:\/\/hookahshop.lt\/et\/wp-json\/wp\/v2\/media?parent=30305"}],"curies":[{"name":"wp","href":"https:\/\/api.w.org\/{rel}","templated":true}]}}