{"id":30331,"date":"2021-12-22T01:03:50","date_gmt":"2021-12-21T23:03:50","guid":{"rendered":"https:\/\/hookahshop.lt\/?post_type=product&#038;p=30331"},"modified":"2026-04-14T23:29:25","modified_gmt":"2026-04-14T20:29:25","slug":"individualus-kaljano-kandiklis-mexanika-smoke-classic","status":"publish","type":"product","link":"https:\/\/hookahshop.lt\/et\/toode\/individuaalne-vesipiibu-huulik-mexanika-suitsu-klassika\/","title":{"rendered":"Individuaalne konks MEXANIKA Smoke Classic"},"content":{"rendered":"<h2>Individuaalne konks MEXANIKA Smoke Classic<\/h2>\n<p>Valmistatud silikoonist Soft Touch ja roostevabast terasest ASISI 30, millele on graveeritud kiri &quot;Mexanika Smoke&quot;.<\/p>\n<p>Spetsifikatsioonid:<br \/>\nRihma pikkus: 890 mm<br \/>\nV\u00f6\u00f6 materjal: kangas kirjaga &quot;Mexanika Smoke&quot;<br \/>\nHuuliku pikkus: 84 mm<br \/>\nSuuliku kate: roostevaba teras<br \/>\nKaal: umbes 75 g<\/p>\n<p>Kas teil on k\u00fcsimusi? v\u00f5ta meiega \u00fchendust\u00a0<a href=\"https:\/\/hookahshop.lt\/et\/kontaktid\/\">kontaktide leht<\/a>\u00a0v\u00f5i saatke meile e-kiri aadressil\u00a0<a href=\"https:\/\/facebook.com\/HookahShop.lt\/\" target=\"_blank\" rel=\"noopener noreferrer\">Facebooki konto<\/a>\u00a0ja vastame teie taotlusele samal p\u00e4eval.<\/p>","protected":false},"excerpt":{"rendered":"<p>Individuaalne vesipiibu huulik MEXANIKA Smoke Classic Valmistatud silikoonist Soft Touch ja roostevabast terasest ASISI 30, millele on graveeritud kiri &quot;Mexanika Smoke&quot;. Tehnilised andmed: Rihma pikkus: 890 mm V\u00f6\u00f6 materjal: kangas kirjaga &quot;Mexanika Smoke&quot; Kulumispikkus: 84 mm Kandekate: roostevaba teras Kaal: umbes 75 g K\u00fcsimused? V\u00f5tke meiega \u00fchendust kontaktide lehel v\u00f5i kirjutage meile oma Facebooki kontol ja [\u2026]<\/p>","protected":false},"featured_media":30334,"comment_status":"open","ping_status":"closed","template":"","meta":[],"_links":{"self":[{"href":"https:\/\/hookahshop.lt\/et\/wp-json\/wp\/v2\/product\/30331"}],"collection":[{"href":"https:\/\/hookahshop.lt\/et\/wp-json\/wp\/v2\/product"}],"about":[{"href":"https:\/\/hookahshop.lt\/et\/wp-json\/wp\/v2\/types\/product"}],"replies":[{"embeddable":true,"href":"https:\/\/hookahshop.lt\/et\/wp-json\/wp\/v2\/comments?post=30331"}],"version-history":[{"count":4,"href":"https:\/\/hookahshop.lt\/et\/wp-json\/wp\/v2\/product\/30331\/revisions"}],"predecessor-version":[{"id":30437,"href":"https:\/\/hookahshop.lt\/et\/wp-json\/wp\/v2\/product\/30331\/revisions\/30437"}],"wp:featuredmedia":[{"embeddable":true,"href":"https:\/\/hookahshop.lt\/et\/wp-json\/wp\/v2\/media\/30334"}],"wp:attachment":[{"href":"https:\/\/hookahshop.lt\/et\/wp-json\/wp\/v2\/media?parent=30331"}],"curies":[{"name":"wp","href":"https:\/\/api.w.org\/{rel}","templated":true}]}}