{"id":30338,"date":"2021-12-22T01:12:47","date_gmt":"2021-12-21T23:12:47","guid":{"rendered":"https:\/\/hookahshop.lt\/?post_type=product&#038;p=30338"},"modified":"2026-04-17T23:29:44","modified_gmt":"2026-04-17T20:29:44","slug":"sirupo-gaudykle-es-silver","status":"publish","type":"product","link":"https:\/\/hookahshop.lt\/et\/toode\/siirup-loks-es-hobe\/","title":{"rendered":"Siirupil\u00f5ks ES Silver"},"content":{"rendered":"<h2>Siirupil\u00f5ks ES Silver<\/h2>\n<p>Vesipiibusiirupi l\u00f5ks on stiilne aksessuaar tubakasiirupi p\u00fc\u00fcdmiseks ja kogumiseks. Lihtne lahti keerata ja puhastada.<br \/>\nV\u00e4ltige tubakalehtede ja siirupi sattumist kolbi ja vesipiibu varre. Siirup ja tubakas ei kogune v\u00f5lli, mis muudab pesemise lihtsamaks ja annab puhtama maitse. Kaitseb kolvis kollaseks muutumise eest. N\u00fc\u00fcd pole tassi vahetades vaja siirupi eemaldamiseks vesipiipu iga kord pesta.<\/p>\n<p>Omadused:<br \/>\nV\u00e4rv: h\u00f5bedane<br \/>\nK\u00f5rgus: 69 mm<br \/>\nL\u00e4bim\u00f5\u00f5t (v\u00e4limine): 50 mm<br \/>\nL\u00e4bim\u00f5\u00f5t (sisemine): 22 mm<br \/>\nKaal: umbes 105 g<\/p>\n<p>Kas teil on k\u00fcsimusi? v\u00f5ta meiega \u00fchendust\u00a0<a href=\"https:\/\/hookahshop.lt\/et\/kontaktid\/\">kontaktide leht<\/a>\u00a0v\u00f5i saatke meile e-kiri aadressil\u00a0<a href=\"https:\/\/facebook.com\/HookahShop.lt\/\" target=\"_blank\" rel=\"noopener noreferrer\">Facebooki konto<\/a>\u00a0ja vastame teie taotlusele samal p\u00e4eval.<\/p>","protected":false},"excerpt":{"rendered":"<p>Siirupil\u00f5ks EU Silver Hookah Syrup Trap on stiilne aksessuaar tubakasiirupi p\u00fc\u00fcdmiseks ja kogumiseks. Lihtne lahti keerata ja puhastada. V\u00e4ltige tubakalehtede ja siirupi sattumist kolbi ja vesipiibu varre. Siirup ja tubakas ei kogune v\u00f5lli, mis muudab pesemise lihtsamaks ja annab puhtama maitse. Kaitseb kolvis kollaseks muutumise eest. N\u00fc\u00fcd ei pea te iga kord tassi vahetades pesema [\u2026]<\/p>","protected":false},"featured_media":30339,"comment_status":"open","ping_status":"closed","template":"","meta":[],"_links":{"self":[{"href":"https:\/\/hookahshop.lt\/et\/wp-json\/wp\/v2\/product\/30338"}],"collection":[{"href":"https:\/\/hookahshop.lt\/et\/wp-json\/wp\/v2\/product"}],"about":[{"href":"https:\/\/hookahshop.lt\/et\/wp-json\/wp\/v2\/types\/product"}],"replies":[{"embeddable":true,"href":"https:\/\/hookahshop.lt\/et\/wp-json\/wp\/v2\/comments?post=30338"}],"version-history":[{"count":3,"href":"https:\/\/hookahshop.lt\/et\/wp-json\/wp\/v2\/product\/30338\/revisions"}],"predecessor-version":[{"id":30402,"href":"https:\/\/hookahshop.lt\/et\/wp-json\/wp\/v2\/product\/30338\/revisions\/30402"}],"wp:featuredmedia":[{"embeddable":true,"href":"https:\/\/hookahshop.lt\/et\/wp-json\/wp\/v2\/media\/30339"}],"wp:attachment":[{"href":"https:\/\/hookahshop.lt\/et\/wp-json\/wp\/v2\/media?parent=30338"}],"curies":[{"name":"wp","href":"https:\/\/api.w.org\/{rel}","templated":true}]}}