{"id":30342,"date":"2021-12-22T06:54:04","date_gmt":"2021-12-22T04:54:04","guid":{"rendered":"https:\/\/hookahshop.lt\/?post_type=product&#038;p=30342"},"modified":"2026-04-15T12:29:25","modified_gmt":"2026-04-15T09:29:25","slug":"taurele-kaljanui-bigmaks-king-white","status":"publish","type":"product","link":"https:\/\/hookahshop.lt\/et\/toode\/taurele-kaljanui-bigmaks-kuningas-valge\/","title":{"rendered":"VESIPIIBU TASS BIGMAKS King White"},"content":{"rendered":"<h2>VESIPIIBU TASS BIGMAKS King White<\/h2>\n<p>See on ainulaadne BigMaks tass, mille sees on pitsa moodi. Need pitsavormid on k\u00f5rgendatud ja seega \u00fcksteisest eraldatud, et vesipiibusegu siirup saaks meediasse voolata. Nii j\u00e4\u00e4b siirup vesipiibu topsi ja ei sisene kolbi. See tass on m\u00f5eldud pikemaks suitsetamissessiooniks ja intensiivsemaks suitsuks, kuna vesipiibusegu ei kuivata v\u00f5rreldes teiste tassidega.<\/p>\n<p>Sellel tassil on uus Kingi kuju - see ei ole torni ega t\u00fcrkiissinine.<br \/>\nTassit\u00e4is tubakat mahutab 18-25 g.<\/p>\n<p>&nbsp;<\/p>\n<p>Kas teil on k\u00fcsimusi? v\u00f5ta meiega \u00fchendust\u00a0<a href=\"https:\/\/hookahshop.lt\/et\/kontaktid\/\">kontaktide leht<\/a>\u00a0v\u00f5i saatke meile e-kiri aadressil\u00a0<a href=\"https:\/\/facebook.com\/HookahShop.lt\/\" target=\"_blank\" rel=\"noopener\">Facebooki konto<\/a>\u00a0ja vastame teie taotlusele samal p\u00e4eval.<\/p>","protected":false},"excerpt":{"rendered":"<p>Vesipiibu tass BIGMAKS King White See on ainulaadne BigMaksi tass, mille sees on pitsa kuju. Need pitsavormid t\u00f5stetakse \u00fcles ja eraldatakse seega \u00fcksteisest, et vesipiibusegu siirup saaks s\u00f6\u00f6tmesse voolata. Nii j\u00e4\u00e4b siirup vesipiibutopsi ja ei satu kolbi. See tass on m\u00f5eldud pikemaks suitsetamiseks ja intensiivsemaks suitsutamiseks, kuna vesipiibusegu ei kuiva \u00e4ra, [\u2026]<\/p>","protected":false},"featured_media":30346,"comment_status":"open","ping_status":"closed","template":"","meta":[],"_links":{"self":[{"href":"https:\/\/hookahshop.lt\/et\/wp-json\/wp\/v2\/product\/30342"}],"collection":[{"href":"https:\/\/hookahshop.lt\/et\/wp-json\/wp\/v2\/product"}],"about":[{"href":"https:\/\/hookahshop.lt\/et\/wp-json\/wp\/v2\/types\/product"}],"replies":[{"embeddable":true,"href":"https:\/\/hookahshop.lt\/et\/wp-json\/wp\/v2\/comments?post=30342"}],"version-history":[{"count":2,"href":"https:\/\/hookahshop.lt\/et\/wp-json\/wp\/v2\/product\/30342\/revisions"}],"predecessor-version":[{"id":30392,"href":"https:\/\/hookahshop.lt\/et\/wp-json\/wp\/v2\/product\/30342\/revisions\/30392"}],"wp:featuredmedia":[{"embeddable":true,"href":"https:\/\/hookahshop.lt\/et\/wp-json\/wp\/v2\/media\/30346"}],"wp:attachment":[{"href":"https:\/\/hookahshop.lt\/et\/wp-json\/wp\/v2\/media?parent=30342"}],"curies":[{"name":"wp","href":"https:\/\/api.w.org\/{rel}","templated":true}]}}