{"id":30347,"date":"2021-12-22T07:15:56","date_gmt":"2021-12-22T05:15:56","guid":{"rendered":"https:\/\/hookahshop.lt\/?post_type=product&#038;p=30347"},"modified":"2026-04-15T12:29:25","modified_gmt":"2026-04-15T09:29:25","slug":"taurele-kaljanui-bigmaks-edge-glaze-black-gloss","status":"publish","type":"product","link":"https:\/\/hookahshop.lt\/et\/toode\/taurele-kaljanui-bigmax-serv-glasuur-must-laikega\/","title":{"rendered":"VESIPIIBU TASS BIGMAKS Edge Glaze Black Gloss"},"content":{"rendered":"<h2>VESIPIIBU TASS BIGMAKS Edge Glaze Black Gloss<\/h2>\n<p>See on ainulaadne BigMaksi tass, mis on t\u00e4ielikult glasuuritud ja maksimaalselt l\u00e4ikiv. See tass on ainulaadne, kuna see on valmistatud pitsavormis, mis on \u00fcles t\u00f5stetud ja eraldab seega seinad \u00fcksteisest, et vesipiibusegu siirup saaks s\u00f6\u00f6tmesse voolata. Nii j\u00e4\u00e4b siirup vesipiibutopsi ja ei satu kolbi. See tass on m\u00f5eldud pikemaks suitsetamiseks ja intensiivsemaks suitsutamiseks, kuna vesipiibusegu ei kuiva v\u00f5rreldes teiste tassidega. Tassi seinte optimaalne paksus m\u00f5jutab tassi kiiret ja \u00fchtlast kuumenemist. Tassit\u00e4is tubakat mahutab 16\u201321 g.<\/p>\n<p><strong>Omadused:<\/strong><br \/>\nV\u00e4rvus must<br \/>\nK\u00f5rgus: 9,9 cm<br \/>\nV\u00e4lisl\u00e4bim\u00f5\u00f5t: 7,3 cm<br \/>\nSisemine l\u00e4bim\u00f5\u00f5t: 7 cm<br \/>\nS\u00fcgavus: 1,2 cm<br \/>\nAukude arv: 5tk.<br \/>\nKaal: 180g.<\/p>\n<p>Kas teil on k\u00fcsimusi? v\u00f5ta meiega \u00fchendust <a href=\"https:\/\/hookahshop.lt\/et\/kontaktid\/\">kontaktide leht<\/a>\u00a0v\u00f5i saatke meile e-kiri aadressil\u00a0<a href=\"https:\/\/facebook.com\/HookahShop.lt\/\" target=\"_blank\" rel=\"noopener\">Facebooki konto<\/a>\u00a0ja vastame teie taotlusele samal p\u00e4eval.<\/p>","protected":false},"excerpt":{"rendered":"<p>Vesipiibu BIGMAKS Edge Glaze Black Gloss See on ainulaadne BigMaksi tass, mis on t\u00e4ielikult glasuuritud ja maksimaalselt l\u00e4ikiv. See tass on ainulaadne, kuna see on valmistatud pitsavormis, mis on \u00fcles t\u00f5stetud ja eraldab seega seinad \u00fcksteisest, et vesipiibusegu siirup saaks s\u00f6\u00f6tmesse voolata. Nii j\u00e4\u00e4b siirup vesipiibutopsi ja ei satu kolbi. See tass on m\u00f5eldud [\u2026]<\/p>","protected":false},"featured_media":30348,"comment_status":"open","ping_status":"closed","template":"","meta":[],"_links":{"self":[{"href":"https:\/\/hookahshop.lt\/et\/wp-json\/wp\/v2\/product\/30347"}],"collection":[{"href":"https:\/\/hookahshop.lt\/et\/wp-json\/wp\/v2\/product"}],"about":[{"href":"https:\/\/hookahshop.lt\/et\/wp-json\/wp\/v2\/types\/product"}],"replies":[{"embeddable":true,"href":"https:\/\/hookahshop.lt\/et\/wp-json\/wp\/v2\/comments?post=30347"}],"version-history":[{"count":4,"href":"https:\/\/hookahshop.lt\/et\/wp-json\/wp\/v2\/product\/30347\/revisions"}],"predecessor-version":[{"id":30391,"href":"https:\/\/hookahshop.lt\/et\/wp-json\/wp\/v2\/product\/30347\/revisions\/30391"}],"wp:featuredmedia":[{"embeddable":true,"href":"https:\/\/hookahshop.lt\/et\/wp-json\/wp\/v2\/media\/30348"}],"wp:attachment":[{"href":"https:\/\/hookahshop.lt\/et\/wp-json\/wp\/v2\/media?parent=30347"}],"curies":[{"name":"wp","href":"https:\/\/api.w.org\/{rel}","templated":true}]}}