{"id":30356,"date":"2021-12-22T07:44:05","date_gmt":"2021-12-22T05:44:05","guid":{"rendered":"https:\/\/hookahshop.lt\/?post_type=product&#038;p=30356"},"modified":"2026-04-15T12:29:25","modified_gmt":"2026-04-15T09:29:25","slug":"taurele-kaljanui-njn-hookah-turkish-new","status":"publish","type":"product","link":"https:\/\/hookahshop.lt\/et\/toode\/taurele-kaljanui-njn-vesipiip-turgi-uus\/","title":{"rendered":"Vesipiibu tass NJN HOOKAH T\u00fcrgi Uus"},"content":{"rendered":"<h2>Vesipiibu tass NJN HOOKAH T\u00fcrgi Uus<\/h2>\n<p>Valmistatud punasest savist. Sobib k\u00f5ikidele tubakaliikidele ja nende valmistamiseks, nii fooliumiga kui ka kuumakambriga. Tootja NJN Hookah p\u00fc\u00fcab anda igale vesipiibus\u00f5brale v\u00f5imaluse saada hea ja kvaliteetne tass! Tassi maht on 14-18 g.<\/p>\n<p><strong>Spetsifikatsioonid:<\/strong><br \/>\nK\u00f5rgus: 81 mm<br \/>\nL\u00e4bim\u00f5\u00f5t (v\u00e4limine): 76 mm<br \/>\nL\u00e4bim\u00f5\u00f5t (sisemine): 66 mm<br \/>\nS\u00fcgavus: 17 mm<br \/>\nAva l\u00e4bim\u00f5\u00f5t: 9 mm<br \/>\nAukude arv: 6 tk<br \/>\nKaal: umbes 210 g.<\/p>\n<p>Kas teil on k\u00fcsimusi? v\u00f5ta meiega \u00fchendust\u00a0<a href=\"https:\/\/hookahshop.lt\/et\/kontaktid\/\">kontaktide leht<\/a>\u00a0v\u00f5i saatke meile e-kiri aadressil\u00a0<a href=\"https:\/\/facebook.com\/HookahShop.lt\/\" target=\"_blank\" rel=\"noopener noreferrer\">Facebooki konto<\/a>\u00a0ja vastame teie taotlusele samal p\u00e4eval.<\/p>\n<p>&nbsp;<\/p>","protected":false},"excerpt":{"rendered":"<p>Vesipiibu tass NJN HOOKAH T\u00fcrgi Uus Valmistatud punasest savist. Sobib k\u00f5ikidele tubakaliikidele ja nende valmistamiseks, nii fooliumiga kui ka kuumakambriga. Tootja NJN Hookah p\u00fc\u00fcab anda igale vesipiibus\u00f5brale v\u00f5imaluse saada hea ja kvaliteetne tass! Topsi maht on 14-18 g. Tehnilised andmed: K\u00f5rgus: 81 mm L\u00e4bim\u00f5\u00f5t (v\u00e4limine): 76 mm L\u00e4bim\u00f5\u00f5t (sisemine): 66 mm S\u00fcgavus: [\u2026]<\/p>","protected":false},"featured_media":30360,"comment_status":"open","ping_status":"closed","template":"","meta":[],"_links":{"self":[{"href":"https:\/\/hookahshop.lt\/et\/wp-json\/wp\/v2\/product\/30356"}],"collection":[{"href":"https:\/\/hookahshop.lt\/et\/wp-json\/wp\/v2\/product"}],"about":[{"href":"https:\/\/hookahshop.lt\/et\/wp-json\/wp\/v2\/types\/product"}],"replies":[{"embeddable":true,"href":"https:\/\/hookahshop.lt\/et\/wp-json\/wp\/v2\/comments?post=30356"}],"version-history":[{"count":2,"href":"https:\/\/hookahshop.lt\/et\/wp-json\/wp\/v2\/product\/30356\/revisions"}],"predecessor-version":[{"id":30393,"href":"https:\/\/hookahshop.lt\/et\/wp-json\/wp\/v2\/product\/30356\/revisions\/30393"}],"wp:featuredmedia":[{"embeddable":true,"href":"https:\/\/hookahshop.lt\/et\/wp-json\/wp\/v2\/media\/30360"}],"wp:attachment":[{"href":"https:\/\/hookahshop.lt\/et\/wp-json\/wp\/v2\/media?parent=30356"}],"curies":[{"name":"wp","href":"https:\/\/api.w.org\/{rel}","templated":true}]}}