{"id":30361,"date":"2021-12-22T09:21:07","date_gmt":"2021-12-22T07:21:07","guid":{"rendered":"https:\/\/hookahshop.lt\/?post_type=product&#038;p=30361"},"modified":"2026-04-22T23:29:39","modified_gmt":"2026-04-22T20:29:39","slug":"sirupo-gaudykle-alpha-hookah-xr-beat-silver","status":"publish","type":"product","link":"https:\/\/hookahshop.lt\/et\/toode\/sirupo-gaudykle-alfa-vesipiibu-xr-beat-silver\/","title":{"rendered":"Siirupip\u00fc\u00fcnis ALPHA HOOKAH XR Beat Silver"},"content":{"rendered":"<h2>Siirupip\u00fc\u00fcnis ALPHA HOOKAH XR Beat Silver<\/h2>\n<p>See on asendamatu lisavarustus ainult Beat sarja vesipiipude ALPHA HOOKAH mudelitele. V\u00e4ltige tubakalehtede ja siirupi sattumist kolbi ja vesipiibu auku. Kaitseb kolvis kollaseks muutumise eest, mis on eriti oluline vesipiibu lauale serveerimisel. N\u00fc\u00fcd pole tassi vahetades vaja vesipiipu iga kord pesta, et eemaldada p\u00f5hjast siirup ja tubakalehed.<\/p>\n<p><strong>Omadused:<\/strong><br \/>\nK\u00f5rgus: 55mm<br \/>\nL\u00e4bim\u00f5\u00f5t (v\u00e4limine): 38 mm<br \/>\nL\u00e4bim\u00f5\u00f5t (sisemine): 16 mm<br \/>\nKaal: umbes 132 g<\/p>\n<p>Kas teil on k\u00fcsimusi? v\u00f5ta meiega \u00fchendust\u00a0<a href=\"https:\/\/hookahshop.lt\/et\/kontaktid\/\">kontaktide leht<\/a>\u00a0v\u00f5i saatke meile e-kiri aadressil\u00a0<a href=\"https:\/\/facebook.com\/HookahShop.lt\/\" target=\"_blank\" rel=\"noopener noreferrer\">Facebooki konto<\/a>\u00a0ja vastame teie taotlusele samal p\u00e4eval.<\/p>","protected":false},"excerpt":{"rendered":"<p>Siirupil\u00f5ks ALPHA HOOKAH XR Beat Silver See on asendamatu lisavarustus ainult Beat sarja vesipiipu ALPHA HOOKAH mudelitele. V\u00e4ltige tubakalehtede ja siirupi sattumist kolbi ja vesipiibu auku. Kaitseb kolvis kollaseks muutumise eest, mis on eriti oluline vesipiibu lauale serveerimisel. N\u00fc\u00fcd pole tassi vahetades vaja vesipiipu iga kord pesta, et siirup eemaldada ja [\u2026]<\/p>","protected":false},"featured_media":30400,"comment_status":"open","ping_status":"closed","template":"","meta":[],"_links":{"self":[{"href":"https:\/\/hookahshop.lt\/et\/wp-json\/wp\/v2\/product\/30361"}],"collection":[{"href":"https:\/\/hookahshop.lt\/et\/wp-json\/wp\/v2\/product"}],"about":[{"href":"https:\/\/hookahshop.lt\/et\/wp-json\/wp\/v2\/types\/product"}],"replies":[{"embeddable":true,"href":"https:\/\/hookahshop.lt\/et\/wp-json\/wp\/v2\/comments?post=30361"}],"version-history":[{"count":5,"href":"https:\/\/hookahshop.lt\/et\/wp-json\/wp\/v2\/product\/30361\/revisions"}],"predecessor-version":[{"id":45646,"href":"https:\/\/hookahshop.lt\/et\/wp-json\/wp\/v2\/product\/30361\/revisions\/45646"}],"wp:featuredmedia":[{"embeddable":true,"href":"https:\/\/hookahshop.lt\/et\/wp-json\/wp\/v2\/media\/30400"}],"wp:attachment":[{"href":"https:\/\/hookahshop.lt\/et\/wp-json\/wp\/v2\/media?parent=30361"}],"curies":[{"name":"wp","href":"https:\/\/api.w.org\/{rel}","templated":true}]}}