{"id":30363,"date":"2021-12-22T08:16:54","date_gmt":"2021-12-22T06:16:54","guid":{"rendered":"https:\/\/hookahshop.lt\/?post_type=product&#038;p=30363"},"modified":"2026-04-16T10:21:24","modified_gmt":"2026-04-16T07:21:24","slug":"taurele-kaljanui-kong-phunnel-space-black","status":"publish","type":"product","link":"https:\/\/hookahshop.lt\/et\/toode\/taurele-kaljanui-kong-phunnel-space-black\/","title":{"rendered":"Vesipiibu tass KONG Phunnel Space Black"},"content":{"rendered":"<h2>Vesipiibu tass KONG Phunnel Space Black<\/h2>\n<p>See on l\u00e4binud piima r\u00f6stimise ja 12 t\u00f6\u00f6tlemisetapi, nii et saate end suurep\u00e4rase vesipiibuga hellitada v\u00e4ga kaua. Kong Phunnel Space on kunstiteos. Disain meenutab naudingut looduslike aroomide ja maitsva vesipiibuga.<br \/>\nT\u00e4idise maht on umbes 18-22 g.<\/p>\n<p><strong>Omadused:<\/strong><br \/>\nK\u00f5rgus: 100 mm<br \/>\nL\u00e4bim\u00f5\u00f5t (v\u00e4limine): 74 mm<br \/>\nL\u00e4bim\u00f5\u00f5t (sisemine): 63 mm<br \/>\nS\u00fcgavus: 17 mm<br \/>\nAva l\u00e4bim\u00f5\u00f5t: 13 mm<br \/>\nAukude arv: 1 tk<br \/>\nKaal: umbes 234 g.<\/p>\n<p>Kas teil on k\u00fcsimusi? v\u00f5ta meiega \u00fchendust\u00a0<a href=\"https:\/\/hookahshop.lt\/et\/kontaktid\/\">kontaktide leht<\/a>\u00a0v\u00f5i saatke meile e-kiri aadressil\u00a0<a href=\"https:\/\/facebook.com\/HookahShop.lt\/\" target=\"_blank\" rel=\"noopener noreferrer\">Facebooki konto<\/a>\u00a0ja vastame teie taotlusele samal p\u00e4eval.<\/p>","protected":false},"excerpt":{"rendered":"<p>Vesipiibu tass KONG Phunnel Space Black On l\u00e4binud piima r\u00f6stimise ja 12 t\u00f6\u00f6tlemisetapi, nii et saate end v\u00e4ga kaua hellitada suurep\u00e4rase vesipiibuga. Kong Phunnel Space on kunstiteos. Disain meenutab naudingut looduslike aroomide ja maitsva vesipiibuga. T\u00e4idise maht on umbes 18-22 g. Omadused: K\u00f5rgus: 100 mm L\u00e4bim\u00f5\u00f5t (v\u00e4limine): 74 mm L\u00e4bim\u00f5\u00f5t (sisemine): 63 mm S\u00fcgavus: [\u2026]<\/p>","protected":false},"featured_media":30364,"comment_status":"open","ping_status":"closed","template":"","meta":[],"_links":{"self":[{"href":"https:\/\/hookahshop.lt\/et\/wp-json\/wp\/v2\/product\/30363"}],"collection":[{"href":"https:\/\/hookahshop.lt\/et\/wp-json\/wp\/v2\/product"}],"about":[{"href":"https:\/\/hookahshop.lt\/et\/wp-json\/wp\/v2\/types\/product"}],"replies":[{"embeddable":true,"href":"https:\/\/hookahshop.lt\/et\/wp-json\/wp\/v2\/comments?post=30363"}],"version-history":[{"count":4,"href":"https:\/\/hookahshop.lt\/et\/wp-json\/wp\/v2\/product\/30363\/revisions"}],"predecessor-version":[{"id":43323,"href":"https:\/\/hookahshop.lt\/et\/wp-json\/wp\/v2\/product\/30363\/revisions\/43323"}],"wp:featuredmedia":[{"embeddable":true,"href":"https:\/\/hookahshop.lt\/et\/wp-json\/wp\/v2\/media\/30364"}],"wp:attachment":[{"href":"https:\/\/hookahshop.lt\/et\/wp-json\/wp\/v2\/media?parent=30363"}],"curies":[{"name":"wp","href":"https:\/\/api.w.org\/{rel}","templated":true}]}}