{"id":30367,"date":"2021-12-22T08:32:32","date_gmt":"2021-12-22T06:32:32","guid":{"rendered":"https:\/\/hookahshop.lt\/?post_type=product&#038;p=30367"},"modified":"2026-04-16T10:21:24","modified_gmt":"2026-04-16T07:21:24","slug":"taurele-kaljanui-havona-uff-stone-face","status":"publish","type":"product","link":"https:\/\/hookahshop.lt\/et\/toode\/taurele-kaljanui-havona-uff-stone-face\/","title":{"rendered":"VESIPIIBU TASS HAVONA Uff Stone Face"},"content":{"rendered":"<h2>VESIPIIBU TASS HAVONA Uff Stone Face<\/h2>\n<p>See on kvaliteetne, k\u00e4sitsi valmistatud, piiratud koguses valgest savist valmistatud tass. T\u00e4nu eksklusiivsele t\u00f6\u00f6tlusele on selle mudeli tass suitsetamisprotsessis tugevam. Tassi t\u00fc\u00fcp - t\u00fcrgi. Iga tassi disain on l\u00f5bus ja individuaalne, selle tassi ostes v\u00f5ite olla kindel, et teie tassil on unikaalne v\u00e4rv.<br \/>\nTassit\u00e4is tubakat mahutab 18\u201322 g.<\/p>\n<p><strong>Spetsifikatsioonid:<\/strong><br \/>\nK\u00f5rgus: 69 mm<br \/>\nL\u00e4bim\u00f5\u00f5t (v\u00e4limine): 73 mm<br \/>\nL\u00e4bim\u00f5\u00f5t (sisemine): 61 mm<br \/>\nS\u00fcgavus: 21 mm<br \/>\nAva l\u00e4bim\u00f5\u00f5t: 9 mm<br \/>\nAukude arv: 5 tk<br \/>\nKaal: umbes 276 g.<\/p>\n<p>Kas teil on k\u00fcsimusi? v\u00f5ta meiega \u00fchendust\u00a0<a href=\"https:\/\/hookahshop.lt\/et\/kontaktid\/\">kontaktide leht<\/a>\u00a0v\u00f5i saatke meile e-kiri aadressil\u00a0<a href=\"https:\/\/facebook.com\/HookahShop.lt\/\" target=\"_blank\" rel=\"noopener noreferrer\">Facebooki konto<\/a>\u00a0ja vastame teie taotlusele samal p\u00e4eval.<\/p>\n<p>&nbsp;<\/p>","protected":false},"excerpt":{"rendered":"<p>Vesipiibu tass HAVONA Uff Stone Face See on kvaliteetne, k\u00e4sitsi valmistatud piiratud koguses valgest savist tass. T\u00e4nu eksklusiivsele t\u00f6\u00f6tlusele on selle mudeli tass suitsetamisprotsessis tugevam. Tassi t\u00fc\u00fcp - t\u00fcrgi. Iga tassi disain on l\u00f5bus ja individuaalne, selle tassi ostes v\u00f5ite olla kindel, et teie tassil on unikaalne v\u00e4rv. Tassit\u00e4is tubakat mahutab 18\u201322 g. Tehnilised andmed: [\u2026]<\/p>","protected":false},"featured_media":30372,"comment_status":"open","ping_status":"closed","template":"","meta":[],"_links":{"self":[{"href":"https:\/\/hookahshop.lt\/et\/wp-json\/wp\/v2\/product\/30367"}],"collection":[{"href":"https:\/\/hookahshop.lt\/et\/wp-json\/wp\/v2\/product"}],"about":[{"href":"https:\/\/hookahshop.lt\/et\/wp-json\/wp\/v2\/types\/product"}],"replies":[{"embeddable":true,"href":"https:\/\/hookahshop.lt\/et\/wp-json\/wp\/v2\/comments?post=30367"}],"version-history":[{"count":4,"href":"https:\/\/hookahshop.lt\/et\/wp-json\/wp\/v2\/product\/30367\/revisions"}],"predecessor-version":[{"id":30386,"href":"https:\/\/hookahshop.lt\/et\/wp-json\/wp\/v2\/product\/30367\/revisions\/30386"}],"wp:featuredmedia":[{"embeddable":true,"href":"https:\/\/hookahshop.lt\/et\/wp-json\/wp\/v2\/media\/30372"}],"wp:attachment":[{"href":"https:\/\/hookahshop.lt\/et\/wp-json\/wp\/v2\/media?parent=30367"}],"curies":[{"name":"wp","href":"https:\/\/api.w.org\/{rel}","templated":true}]}}